{"id":326577,"date":"2023-07-27T12:23:01","date_gmt":"2023-07-27T10:23:01","guid":{"rendered":"https:\/\/www.zandegu.it\/?page_id=326577"},"modified":"2023-07-27T12:23:03","modified_gmt":"2023-07-27T10:23:03","slug":"condizioni-di-vendita","status":"publish","type":"page","link":"https:\/\/www.zandegu.it\/shop\/condizioni-di-vendita\/","title":{"rendered":"Condizioni di vendita"},"content":{"rendered":"\n<h1 class=\"wp-block-heading\">Condizioni di vendita<\/h1>\n\n\n\n<h2 class=\"wp-block-heading\">1. Cosa regolano queste condizioni di vendita<\/h2>\n\n\n\n<p>Queste condizioni generali di vendita regolano il rapporto tra Zandeg\u00f9 di Martino Marianna<\/p>\n\n\n\n<p>con sede in Via Exilles 18 bis, 10146 \u2013 Torino, p. iva 10783150013, iscritta al Registro delle imprese di Torino | REA: TO \u2013 1161528 \u00a0(d\u2019ora in avanti, \u201cZANDEG\u00d9\u201d), \u00a0\u2013 titolare del sito www.zandegu.it (\u201csito\u201d) \u2013 \u00a0e la persona (\u201cCLIENTE\u201d) che acquista il servizio in abbonamento chiamato \u201cI corsi online di Zandeg\u00f9\u201d (\u201ci corsi online\u201d) fornito da questo stesso sito.<\/p>\n\n\n\n<h2 class=\"wp-block-heading\">2. Le caratteristiche e i contenuti dei corsi online\u00a0<\/h2>\n\n\n\n<p>2.1. Sul sito sono indicati le caratteristiche dei corsi online e i requisiti hardware o software necessari perch\u00e9 il cliente possa usufruire del servizio. &nbsp;<\/p>\n\n\n\n<p>Il CLIENTE si impegna a leggere attentamente tutte queste informazioni.<\/p>\n\n\n\n<p>2.2. L\u2019elenco dei contenuti gi\u00e0 presenti e dei contenuti di prossima pubblicazione \u2013 rilasciati secondo un ordine cronologico \u2013 \u00e8 consultabile nella sales page al momento dell\u2019acquisto.<\/p>\n\n\n\n<p>Per tutto il tempo in cui ZANDEG\u00d9 continuer\u00e0 a offrire il servizio, i contenuti verranno aggiornati, espansi, migliorati. I contenuti potranno anche essere sostituiti, sospesi o rimossi \u2013 parzialmente o interamente \u2013 oppure modificati in parte o del tutto, sempre allo scopo di migliorare il servizio offerto. Tutti questi cambiamenti saranno notificati al CLIENTE con comunicazione diretta.&nbsp;<\/p>\n\n\n\n<h2 class=\"wp-block-heading\">3. Chi pu\u00f2 acquistare i corsi online<\/h2>\n\n\n\n<p>L\u2019acquisto dei corsi online \u00e8 consentito soltanto alle persone fisiche che abbiano compiuto 18 anni di et\u00e0.<\/p>\n\n\n\n<p>In fase di acquisto dei prodotti il CLIENTE \u00e8 tenuto a fornire a dati veritieri, corretti, completi e aggiornati.<\/p>\n\n\n\n<h2 class=\"wp-block-heading\">4. Come e quando si conclude il contratto di vendita<\/h2>\n\n\n\n<p>4.1. Il CLIENTE che intende acquistare corsi online:<\/p>\n\n\n\n<p>a. seleziona il servizio che intende acquistare e lo inserisce nel carrello;<\/p>\n\n\n\n<p>b. accede alla pagina riassuntiva in cui \u00e8 indicato il servizio scelto con il relativo prezzo;<\/p>\n\n\n\n<p>c. inserisce nel form i dati identificativi richiesti;<\/p>\n\n\n\n<p>d. invia l\u2019ordine tramite l\u2019apposito pulsante;<\/p>\n\n\n\n<p>e. tramite PayPal paga la somma corrispondente al prezzo del corso ordinato.<\/p>\n\n\n\n<p>4.2. Il contratto tra ZANDEG\u00d9 ed il CLIENTE si intende concluso nel momento in cui il CLIENTE invia l\u2019ordine di pagamento del servizio e tale ordine \u00e8 andato a buon fine.<\/p>\n\n\n\n<p>Con il pagamento della somma il CLIENTE accetta espressamente di eseguire il contratto stipulato con ZANDEG\u00d9 e accetta espressamente di perdere il diritto di recesso, secondo quanto \u00e8 previsto dall\u2019art. 59, lettera o) del Codice del (d.lgs. n.206\/2005) e salvo quanto previsto dalla clausola n. 4 (\u201cDurata del servizio e rinnovo dell\u2019abbonamento\u201d).<\/p>\n\n\n\n<p>4.3. Dopo aver pagato, il CLIENTE ricever\u00e0 all\u2019indirizzo di posta elettronica da lui indicato una e-mail di conferma dell\u2019acquisto del servizio, ed una e-mail contenente le credenziali per accedere ai corsi online&nbsp;<\/p>\n\n\n\n<p>Il CLIENTE si impegna a verificare la correttezza dei dati contenuti in questa e-mail e a comunicare immediatamente a ZANDEG\u00d9 eventuali correzioni o integrazioni.&nbsp;<\/p>\n\n\n\n<h2 class=\"wp-block-heading\">5. Durata del servizio e rinnovo dell\u2019abbonamento<\/h2>\n\n\n\n<p>5.1. \u201cI corsi online\u201d \u00e8 un servizio in abbonamento: il CLIENTE ha accesso a tutti i contenuti del servizio per un periodo equivalente alla durata dell\u2019abbonamento acquistato.<\/p>\n\n\n\n<p>Il CLIENTE che ha sottoscritto l\u2019abbonamento annuale ha diritto di accedere ai contenuti per un anno a partire dalla data in cui riceve la e-mail di conferma di acquisto del servizio.<\/p>\n\n\n\n<p>Il CLIENTE che ha sottoscritto l\u2019abbonamento mensile ha diritto di accedere ai contenuti per un mese (30 giorni) a partire dalla data di in cui riceve la e-mail di conferma di acquisto del servizio.<\/p>\n\n\n\n<p>5.2. Sia l\u2019abbonamento mensile che quello annuale si rinnovano automaticamente alla scadenza per un periodo di tempo pari a alla durata dell\u2019abbonamento acquistato inizialmente, salvo disdetta che ciascuna parte potr\u00e0 comunicare all\u2019altra almeno un giorno lavorativo prima della relativa scadenza.<\/p>\n\n\n\n<p>Il CLIENTE pu\u00f2 disdire l\u2019abbonamento inviando una e-mail a info@zandegu.it oppure tramite la propria pagina personale presente su https:\/\/www.zandegu.it\/shop\/account\/<\/p>\n\n\n\n<p>In caso di disdetta il CLIENTE avr\u00e0 comunque accesso ai corsi online fino alla scadenza originaria dell\u2019abbonamento.<\/p>\n\n\n\n<p>In caso di disdetta il CLIENTE non avr\u00e0 diritto ad alcun tipo di rimborso.<\/p>\n\n\n\n<p>In caso di rinnovo automatico, ZANDEG\u00d9 addebiter\u00e0 il prezzo dell\u2019abbonamento tramite PayPal.<\/p>\n\n\n\n<p>5.3. Se il CLIENTE intende cambiare il proprio abbonamento da mensile ad annuale, l\u2019importo relativo all\u2019abbonamento annuale verr\u00e0 addebitato al momento in cui il CLIENTE inoltra l\u2019ordine per l\u2019abbonamento annuale e l\u2019abbonamento annuale verr\u00e0 attivato dal giorno successivo alla scadenza di quello mensile eventualmente ancora in corso.&nbsp;<\/p>\n\n\n\n<h2 class=\"wp-block-heading\">6. Uso dell\u2019account<\/h2>\n\n\n\n<p>Il CLIENTE pu\u00f2 accedere al servizio fornendo un indirizzo e-mail e una password.<\/p>\n\n\n\n<p>L\u2019account con il quale il CLIENTE accede al servizio \u00e8 personale e non pu\u00f2 essere usato da terzi n\u00e9 trasferito a terzi.<\/p>\n\n\n\n<p>Il CLIENTE \u00e8 responsabile dell\u2019uso del proprio account e dovr\u00e0 notificare immediatamente a ZANDEG\u00d9 ogni abuso o accesso non autorizzato al proprio account.<\/p>\n\n\n\n<p>In caso di violazione di questa clausola ZANDEG\u00d9 canceller\u00e0 l\u2019 account del CLIENTE che, quindi, non potr\u00e0 pi\u00f9 accedere al servizio acquistato e non avr\u00e0 diritto ad alcun tipo di rimborso.<\/p>\n\n\n\n<h2 class=\"wp-block-heading\">7. I prezzi del servizio<\/h2>\n\n\n\n<p>Abbonamento mensile: 14,99 euro iva compresa.<\/p>\n\n\n\n<p>Il CLIENTE potrebbe avere a disposizione un coupon di sconto, con un codice da inserire al momento del pagamento. In tal caso il prezzo varier\u00e0 in base alla percentuale di sconto del coupon.<\/p>\n\n\n\n<p>L\u2019abbonamento mensile si rinnova in maniera automatica alla sua scadenza, salvo quanto previsto dalla clausola n. 4 (\u201cDurata del servizio e rinnovo dell\u2019abbonamento\u201d).<\/p>\n\n\n\n<h2 class=\"wp-block-heading\">8. Come pagare il servizio<\/h2>\n\n\n\n<p>Il CLIENTE pu\u00f2 pagare il servizio soltanto tramite PayPal.<\/p>\n\n\n\n<p>L\u2019effettivo addebito dell\u2019importo avverr\u00e0 al momento dell\u2019inoltro dell\u2019ordine da parte del CLIENTE.<\/p>\n\n\n\n<p>Se il CLIENTE acquista un abbonamento mensile, ZANDEG\u00d9 addebiter\u00e0 i costi del servizio il primo giorno di ogni mese. Nel caso in cui al momento di questo addebito periodico dovessero risultare indisponibili le relative somme sul conto Stripe del CLIENTE, ZANDEG\u00d9 invier\u00e0 una e-mail di avviso al CLIENTE.&nbsp;<\/p>\n\n\n\n<p>Se il CLIENTE non provvede al pagamento entro 7 giorni dall\u2019invio dell\u2019avviso, allora ZANDEG\u00d9 canceller\u00e0 provveder\u00e0 a cancellare l\u2019account del Cliente, il quale non avr\u00e0 pi\u00f9 diritto di accedere al servizio.&nbsp;<\/p>\n\n\n\n<p>Non sar\u00e0 ammessa in merito alcuna eccezione o contestazione da parte del CLIENTE.<\/p>\n\n\n\n<p>PayPal \u00e8 l&#8217;unico soggetto responsabile per eventuali disservizi relativi allo strumento di pagamento.<\/p>\n\n\n\n<h2 class=\"wp-block-heading\">9. Il diritto di recesso<\/h2>\n\n\n\n<p>Il CLIENTE non ha diritto di recesso, di conseguenza non ha diritto al rimborso di quanto da lui pagato, salvo quanto previsto dalla clausola n. 4 (\u201cDurata del servizio e rinnovo dell\u2019abbonamento\u201d).<\/p>\n\n\n\n<p>Il diritto di recesso \u2013 ed il diritto al conseguente rimborso\u2013 &nbsp;\u00e8 escluso anche se il CLIENTE \u00e8 qualificabile come un consumatore, definito dall\u2019art. 3 del Codice del consumo come \u201cla persona fisica che agisce per scopi estranei all&#8217;attivit\u00e0 imprenditoriale, commerciale, artigianale o professionale eventualmente svolta\u201d.<\/p>\n\n\n\n<p>L\u2019esclusione del diritto di recesso \u00e8 prevista dall\u2019art. 59 del Codice del consumo in caso di fornitura di contenuti digitali mediante supporti non materiali.&nbsp;<\/p>\n\n\n\n<h2 class=\"wp-block-heading\">10. Diritto d\u2019autore<\/h2>\n\n\n\n<p>ZANDEG\u00d9 \u00e8 proprietaria in via esclusiva e riservata di tutti i contenuti relativi ai corsi online, salvo sia diversamente indicato.<\/p>\n\n\n\n<p>Pertanto il CLIENTE pu\u00f2 consultare questi contenuti soltanto per uso informativo e formativo personale. Ogni uso diverso dovr\u00e0 essere espressamente autorizzato da ZANDEG\u00d9.<\/p>\n\n\n\n<p>Il CLIENTE non pu\u00f2 copiare, in modo neppure parziale, tali materiali, n\u00e9 riprodurli, comunicarli a terzi o diffonderli.<\/p>\n\n\n\n<p>Se il CLIENTE intende citare qualsiasi tipo di contenuto dei corsi online deve chiedere l\u2019autorizzazione a ZANDEG\u00d9 inviando una e-mail a info@zandegu.it<\/p>\n\n\n\n<p>In caso di violazione di questa clausola ZANDEG\u00d9 canceller\u00e0 l\u2019account del CLIENTE che, quindi, non potr\u00e0 pi\u00f9 accedere al servizio acquistato e non avr\u00e0 diritto ad alcun tipo di rimborso, salvo il diritto al risarcimento degli ulteriori danni subiti da ZANDEG\u00d9.\u00a0<\/p>\n\n\n\n<h2 class=\"wp-block-heading\">11. Le responsabilit\u00e0<\/h2>\n\n\n\n<p>ZANDEG\u00d9 non \u00e8 responsabile per disservizi dovuti a causa di forza maggiore o a caso fortuito, anche se dipendenti da malfunzionamenti e disservizi della rete internet, nel caso in cui il ZANDEG\u00d9 non riesca a usufruire del corso.<\/p>\n\n\n\n<p>ZANDEG\u00d9 non \u00e8 responsabile in caso di danni, di qualsiasi natura, derivanti dall\u2019uso del servizio in modo improprio e\/o non conforme alle istruzioni indicate sul sito.<\/p>\n\n\n\n<h2 class=\"wp-block-heading\">12. La legge applicabile e il foro competente<\/h2>\n\n\n\n<p>Queste Condizioni generali di vendita sono regolate dalla legge italiana.<\/p>\n\n\n\n<p>12.1 Se il CLIENTE \u00e8 un consumatore, ogni controversia relativa a queste Condizioni generali di vendita, se non viene risolta in maniera amichevole, sar\u00e0 sottoposta alla competenza esclusiva del giudice del luogo di residenza o di domicilio del CLIENTE.<\/p>\n\n\n\n<p>Il CLIENTE pu\u00f2 cercare di risolvere un\u2019eventuale controversia relativa all\u2019acquisto compiuto sul Sito attraverso la piattaforma ODR (Online Dispute Resolution), creata e gestita dalla Unione Europea.<\/p>\n\n\n\n<p>Il CLIENTE pu\u00f2 accedere alla piattaforma ODR a partire da questo link: <a href=\"http:\/\/ec.europa.eu\/consumers\/odr\" target=\"_blank\" rel=\"noopener\">http:\/\/ec.europa.eu\/consumers\/odr<\/a><\/p>\n\n\n\n<p>12.2. Se il CLIENTE non \u00e8 un consumatore, ogni controversia relativa a queste Condizioni generali di vendita, se non viene risolta in maniera amichevole, sar\u00e0 sottoposta alla competenza esclusiva del foro di Torino.<\/p>\n","protected":false},"excerpt":{"rendered":"<p>Condizioni di vendita 1. Cosa regolano queste condizioni di vendita Queste condizioni generali di vendita regolano il rapporto tra Zandeg\u00f9 di Martino Marianna con sede in Via Exilles 18 bis, 10146 \u2013 Torino, p. iva 10783150013, iscritta al Registro delle imprese di Torino | REA: TO \u2013 1161528 \u00a0(d\u2019ora in avanti, \u201cZANDEG\u00d9\u201d), \u00a0\u2013 titolare del [&hellip;]<\/p>\n","protected":false},"author":2,"featured_media":0,"parent":0,"menu_order":0,"comment_status":"closed","ping_status":"closed","template":"","meta":{"_acf_changed":false,"footnotes":""},"class_list":["post-326577","page","type-page","status-publish","hentry"],"acf":[],"_links":{"self":[{"href":"https:\/\/www.zandegu.it\/shop\/wp-json\/wp\/v2\/pages\/326577","targetHints":{"allow":["GET"]}}],"collection":[{"href":"https:\/\/www.zandegu.it\/shop\/wp-json\/wp\/v2\/pages"}],"about":[{"href":"https:\/\/www.zandegu.it\/shop\/wp-json\/wp\/v2\/types\/page"}],"author":[{"embeddable":true,"href":"https:\/\/www.zandegu.it\/shop\/wp-json\/wp\/v2\/users\/2"}],"replies":[{"embeddable":true,"href":"https:\/\/www.zandegu.it\/shop\/wp-json\/wp\/v2\/comments?post=326577"}],"version-history":[{"count":0,"href":"https:\/\/www.zandegu.it\/shop\/wp-json\/wp\/v2\/pages\/326577\/revisions"}],"wp:attachment":[{"href":"https:\/\/www.zandegu.it\/shop\/wp-json\/wp\/v2\/media?parent=326577"}],"curies":[{"name":"wp","href":"https:\/\/api.w.org\/{rel}","templated":true}]}}