{"id":46249,"date":"2020-02-03T12:37:34","date_gmt":"2020-02-03T11:37:34","guid":{"rendered":"http:\/\/www.zandegu.it\/?page_id=46249"},"modified":"2020-02-13T18:40:39","modified_gmt":"2020-02-13T17:40:39","slug":"privacy-policy-newsletter","status":"publish","type":"page","link":"https:\/\/www.zandegu.it\/shop\/privacy-policy-newsletter\/","title":{"rendered":"Privacy Policy newsletter"},"content":{"rendered":"<p>INFORMATIVA SULLA PRIVACY IN ORDINE ALL\u2019INVIO DI NEWSLETTER<\/p>\n<p><strong>Come vengono utilizzati i miei dati relativamente all\u2019invio di newsletter?<\/strong><\/p>\n<p><strong>La presente informativa \u00e8 resa ai sensi dell\u2019art. 13 del REG. UE 2016\/679 e della normativa di riferimento.<\/strong><\/p>\n<p>La newsletter \u00e8 inviata attraverso posta elettronica a coloro che ne fanno espressa richiesta, compilando il form presente in questa pagina e autorizzando Zandeg\u00f9 al trattamento dei propri dati personali.<\/p>\n<p><strong>Finalit\u00e0 del trattamento<\/strong><\/p>\n<p>I dati personali forniti dagli utenti sono utilizzati per l\u2019invio di newsletter relative ai prodotti di propriet\u00e0 di Zandeg\u00f9.<\/p>\n<p>Modalit\u00e0 per il trattamento dei dati<\/p>\n<p>Il trattamento dei dati personali avverr\u00e0 mediante strumenti cartacei, informatici o telematici e con misure di sicurezza adeguate a garantire la riservatezza dei tuoi dati personali nel rispetto della normativa vigente.<\/p>\n<p><strong>Base giuridica del trattamento<\/strong><\/p>\n<p>La base giuridica del trattamento \u00e8 data dal consenso.<\/p>\n<p><strong>Data retention<\/strong><\/p>\n<p>Questi dati sono conservati per il tempo strettamente necessario a fornire all\u2019utente il servizio richiesto e sono eliminati subito dopo, salvi ulteriori obblighi di conservazione previsti dalla legge. I tuoi dati non saranno diffusi per finalit\u00e0 non previamente consentite.<\/p>\n<p><strong>Natura del conferimento dei dati<\/strong><\/p>\n<p>Il conferimento dei dati \u00e8 facoltativo ma il rifiuto a fornirli comporta l\u2019impossibilit\u00e0 di ottenere il sevizio di newsletter.<\/p>\n<p><strong>Diffusione dei dati<\/strong><\/p>\n<p>Il trattamento dei dati avverr\u00e0, personalmente o da parte di personale incaricato con procedure, strumenti tecnici e informatici idonei a tutelare la riservatezza e la sicurezza dei tuoi dati. Consiste nella loro raccolta, registrazione, organizzazione, conservazione, consultazione, elaborazione, modificazione, selezione, estrazione, raffronto, utilizzo, interconnessione, blocco, comunicazione, diffusione, cancellazione, distruzione degli stessi comprese la combinazione di due o pi\u00f9 delle attivit\u00e0.<\/p>\n<p>Nell\u2019ambito della sua attivit\u00e0 e per le finalit\u00e0 sopra indicate, il titolare potr\u00e0 avvalersi di servizi resi da soggetti terzi che operano per suo conto e secondo le sue istruzioni, come responsabili e incaricati del trattamento. Si tratta di dipendenti o soggetti che forniscono alla societ\u00e0 servizi elaborativi o strumentali (es. servizio commercialista, consulente del lavoro, servizi informatici per il funzionamento del sito). Potrai richiedere un elenco completo e aggiornato dei soggetti nominati responsabili del trattamento, rivolgendoti a uno dei contatti sotto indicati.<\/p>\n<p><strong>Diritti degli interessati\u2028<\/strong><\/p>\n<ul>\n<li>Potrai, in qualsiasi momento, esercitare i diritti previsti dalla normativa vigente, incluso il diritto di:<\/li>\n<li>ricevere conferma dell\u2019esistenza dei tuoi dati personali e accedere al loro contenuto;<\/li>\n<li>aggiornare, modificare e\/o correggere i tuoi dati personali;<\/li>\n<li>chiederne la cancellazione, la trasformazione in forma anonima, il blocco dei dati trattati in violazione di legge o la limitazione del trattamento;<br \/>\nopporti per motivi legittimi al trattamento;<\/li>\n<li>ricevere copia dei dati forniti e chiedere che questi dati siano trasmessi a un altro titolare del trattamento;<\/li>\n<\/ul>\n<p>inviando specifica richiesta a:<\/p>\n<p>Zandeg\u00f9 di Martino Marianna, Via Exilles 18 bis \u2013 10146 Torino o via email a info@zandegu.it<\/p>\n","protected":false},"excerpt":{"rendered":"<p>INFORMATIVA SULLA PRIVACY IN ORDINE ALL\u2019INVIO DI NEWSLETTER Come vengono utilizzati i miei dati relativamente all\u2019invio di newsletter? La presente informativa \u00e8 resa ai sensi dell\u2019art. 13 del REG. UE 2016\/679 e della normativa di riferimento. La newsletter \u00e8 inviata attraverso posta elettronica a coloro che ne fanno espressa richiesta, compilando il form presente in [&hellip;]<\/p>\n","protected":false},"author":2,"featured_media":0,"parent":0,"menu_order":0,"comment_status":"closed","ping_status":"closed","template":"templates\/page-simple.php","meta":{"_acf_changed":false,"footnotes":""},"class_list":["post-46249","page","type-page","status-publish","hentry"],"acf":[],"_links":{"self":[{"href":"https:\/\/www.zandegu.it\/shop\/wp-json\/wp\/v2\/pages\/46249","targetHints":{"allow":["GET"]}}],"collection":[{"href":"https:\/\/www.zandegu.it\/shop\/wp-json\/wp\/v2\/pages"}],"about":[{"href":"https:\/\/www.zandegu.it\/shop\/wp-json\/wp\/v2\/types\/page"}],"author":[{"embeddable":true,"href":"https:\/\/www.zandegu.it\/shop\/wp-json\/wp\/v2\/users\/2"}],"replies":[{"embeddable":true,"href":"https:\/\/www.zandegu.it\/shop\/wp-json\/wp\/v2\/comments?post=46249"}],"version-history":[{"count":0,"href":"https:\/\/www.zandegu.it\/shop\/wp-json\/wp\/v2\/pages\/46249\/revisions"}],"wp:attachment":[{"href":"https:\/\/www.zandegu.it\/shop\/wp-json\/wp\/v2\/media?parent=46249"}],"curies":[{"name":"wp","href":"https:\/\/api.w.org\/{rel}","templated":true}]}}