{"id":46259,"date":"2020-02-03T13:54:27","date_gmt":"2020-02-03T12:54:27","guid":{"rendered":"http:\/\/www.zandegu.it\/?page_id=46259"},"modified":"2026-01-23T17:04:56","modified_gmt":"2026-01-23T16:04:56","slug":"cookie-policy","status":"publish","type":"page","link":"https:\/\/www.zandegu.it\/shop\/cookie-policy\/","title":{"rendered":"Cookie Policy"},"content":{"rendered":"<p><b>COOKIE POLICY<\/b><\/p>\n<p>In ottemperanza alle prescrizioni del Provvedimento 229\/2014 del Garante per la Protezione dei Dati Personali, ai sensi dell\u2019art.13 del Regolamento UE 679\/2016 in materia di protezione dei dati personali (di seguito \u201cRegolamento o GDPR\u201d), Zandeg\u00f9 di Martino Marianna, in qualit\u00e0 di Titolare del trattamento dei dati personali, informa che il sito in cui si sta navigando utilizza i cosiddetti \u201ccookies\u201d.<\/p>\n<p>I cookies sono brevi stringhe di testo scaricate automaticamente sul computer o dispositivo dell\u2019utente ogni qual volta visiti il sito web; ci\u00f2 consente, a ogni visita successiva, di tener traccia delle scelte dell\u2019utente e offrire cosi un\u2019esperienza di navigazione efficiente e mirata. In base alla funzione e alla finalit\u00e0 di utilizzo, i cookies possono suddividersi in cookies tecnici, cookies di profilazione, cookies di terze parti.<\/p>\n<p>Navigando su questo sito, l\u2019utente potr\u00e0 ricevere sia cookies inviati direttamente dal sito e gestiti dal titolare del trattamento (c.d. cookies di prima parte), sia cookies inviati da siti o da webserver diversi e gestiti da terzi (c.d. cookies di terze parti).<\/p>\n<p>Per qualsiasi domanda relativa alla protezione dei Dati Personali, puoi contattare il Titolare del trattamento scrivendo al seguente indirizzo email:\u00a0info@zandegu.it<\/p>\n<p><strong>1. COOKIES DI PRIMA PARTE<\/strong><\/p>\n<p>Tutti i cookies descritti in questa sezione vengono inviati direttamente da questo sito e sono gestiti dal Titolare del trattamento. I cookies vengono installati per le finalit\u00e0 indicate in relazione alle diverse categorie di cookies di seguito indicate e potrebbero essere comunicati a terze parti.<\/p>\n<p><strong>Cookies tecnici e di statistica aggregata<\/strong><\/p>\n<p>Si tratta di cookies che vengono installati al fine di consentire un migliore funzionamento del sito web e per l\u2019incremento delle funzionalit\u00e0 e delle prestazioni del sito stesso. Un cookie di questo tipo viene inoltre utilizzato, per esempio, per memorizzare la decisione di un utente sull\u2019utilizzo di cookies sul sito web. I cookies tecnici non vengono utilizzati per scopi ulteriori e possono essere gestiti direttamente da Zandeg\u00f9 o da terze parti (vedi il paragrafo \u201cCookies di terze parti\u201d).<\/p>\n<p>A questa categoria appartengono anche i \u201cperformance o analytics cookies\u201d. Si tratta di cookies che raccolgono informazioni sul numero di utenti che navigano il sito web e sulle pagine\/sezioni del sito maggiormente visitate (per esempio, da quali pagine si ricevono segnalazioni di malfunzionamenti). A tale categoria di cookies appartengono anche i cookies di funzionalit\u00e0 che permettono all\u2019utente la navigazione in funzione di una serie di criteri selezionati (ad es. lingua, caratteri di testo, tipo di browser) al fine di migliorare il servizio reso.<\/p>\n<p>I cookies tecnici possono essere utilizzati senza il preventivo consenso esplicito da parte dell\u2019utente. Tutti questi cookies sono abilitati automaticamente. Se comunque desideri disabilitarli leggi il paragrafo \u201cCome controllare i cookies\u201d.<\/p>\n<p><strong>Cookies di profilazione<\/strong><\/p>\n<p>Si tratta cookies che memorizzano le scelte degli utenti durante la navigazione e vengono installati al fine di fornire servizi o contenuti pubblicitari mirati, di mostrare contenuti e proporre iniziative commerciali sulla base delle sezioni del nostro sito che sono risultate pi\u00f9 rilevanti per gli utenti e per i loro interessi.<\/p>\n<p>I cookies di profilazione possono essere utilizzati previo consenso dell\u2019utente. Il consenso viene acquisito attraverso l\u2019apertura di un banner visibile agli utenti alla prima visita del sito, conformemente al provvedimento del Garante per la Protezione dei Dati Personali (229\/2014). Cliccando sul pulsante \u201cAccetta\u201d, chiudendo il banner o proseguendo nella navigazione, l\u2019utente acconsente all\u2019utilizzo dei cookies.<\/p>\n<p>Il consenso pu\u00f2 essere revocato in ogni momento, provvedendo alla disabilitazione dei cookies mediante le modalit\u00e0 descritte nel paragrafo \u201cCome controllare i cookies\u201d.<\/p>\n<p><strong>2. COOKIES DI TERZE PARTI<\/strong><\/p>\n<p>I cookies di terze parti sono installati da siti terzi, esterni a quello sul quale si naviga, al fine di fornire servizi o contenuti pubblicitari mirati. Sul presente sito web sono altres\u00ec presenti i cd. social buttons \u2013 vale a dire bottoni digitali (c.d. icone) volti a offrire un collegamento diretto con le nostre pagine social (per es. Facebook, YouTube, Instagram), in grado di installare cookies di terze parti ovvero dei social network ai quali si riferiscono.<\/p>\n<p>Tali cookies non sono gestiti direttamente dal titolare del trattamento e pertanto si rimanda alle policy in uso presso le terze parti per quanto riguarda la gestione dei cookies medesimi.<\/p>\n<p>I cookies di terze parti possono essere utilizzati previo consenso dell\u2019utente ottenuto mediante le modalit\u00e0 descritte nel paragrafo precedente. Il consenso pu\u00f2 essere revocato in ogni momento, provvedendo alla disabilitazione dei cookies mediante le modalit\u00e0 descritte nel successivo paragrafo \u201cCome controllare i cookies\u201d.<\/p>\n<p><strong>2.1 QUALI TIPI DI COOKIE UTILIZZIAMO<\/strong><\/p>\n<p>I cookie utilizzati sul nostro sito web sono raggruppati nelle seguenti categorie:<\/p>\n<p>[wcc_category_list]<\/p>\n<p><strong>3. COME CONTROLLARE I COOKIES<\/strong><\/p>\n<p>Le procedure per gestire i cookies differiscono a seconda del browser utilizzato. L\u2019utente pu\u00f2 gestire le preferenze relative ai cookies direttamente all\u2019interno del proprio browser e impedire che terze parti possano installarne. Tramite le preferenze del browser \u00e8 inoltre possibile eliminare i cookies installati in passato, inclusi i cookies in cui venga eventualmente salvato il consenso all\u2019installazione di cookies da parte di questo sito. \u00c8 importante notare che disabilitando tutti i cookies, il funzionamento di questo sito potrebbe essere compromesso.<\/p>\n<p>Se l\u2019utente non conosce il tipo e la versione di browser che sta utilizzando, pu\u00f2 cliccare \u201cAiuto\u201d nella finestra del browser in alto, da cui pu\u00f2 accedere a tutte le informazioni necessarie. Se invece si conosce il browser, si pu\u00f2 accedere alla propria pagina di gestione dei cookies.<\/p>\n<p>L\u2019utente pu\u00f2 trovare informazioni su come gestire i cookies nel suo browser ai seguenti indirizzi:<\/p>\n<p><u><a href=\"https:\/\/support.google.com\/chrome\/answer\/95647?hl=it&amp;p=cpn_cookies\" target=\"_blank\" rel=\"noopener noreferrer\">Google Chrome<\/a><\/u>,\u00a0<u><a href=\"https:\/\/support.mozilla.org\/it\/kb\/Attivare%20e%20disattivare%20i%20cookie?redirectlocale=en-US&amp;redirectslug=Enabling+and+disabling+cookies\" target=\"_blank\" rel=\"noopener noreferrer\">Mozilla Firefox<\/a><\/u>,\u00a0<u><a href=\"https:\/\/support.apple.com\/kb\/PH19214?viewlocale=it_IT&amp;locale=en_US\" target=\"_blank\" rel=\"noopener noreferrer\">Apple Safari<\/a><\/u>\u00a0e\u00a0<u><a href=\"http:\/\/windows.microsoft.com\/it-it\/windows-vista\/block-or-allow-cookies\" target=\"_blank\" rel=\"noopener\">Microsoft Edge<\/a><\/u><u>.<\/u><\/p>\n<p>In caso di servizi erogati da terze parti, l\u2019utente pu\u00f2 inoltre esercitare il proprio diritto a opporsi al tracciamento informandosi tramite la Privacy Policy della terza parte.<\/p>\n<p>Elenco servizi di terze parti:<\/p>\n<p><u><a href=\"http:\/\/www.google.com\/intl\/it\/policies\/technologies\/types\/\" target=\"_blank\" rel=\"noopener noreferrer\">Google<\/a><\/u><br \/>\n<u><a href=\"https:\/\/www.facebook.com\/help\/cookies\/?ref=sitefooter\" target=\"_blank\" rel=\"noopener noreferrer\">Facebook<\/a><\/u><\/p>\n<p><u><a href=\"https:\/\/help.instagram.com\/1896641480634370\" target=\"_blank\" rel=\"noopener noreferrer\">Instagram<\/a><\/u><\/p>\n<p><u><a href=\"https:\/\/policies.google.com\/privacy?hl=it&amp;gl=it\" target=\"_blank\" rel=\"noopener noreferrer\">YouTube<\/a><\/u><\/p>\n<p><strong>4. DIRITTI DEGLI INTERESSATI E MODALIT\u00c0 DI ESERCIZIO<\/strong><\/p>\n<p>In ogni momento, si potranno esercitare i propri diritti nei confronti del Titolare del Trattamento, ai sensi dell\u2019art. 7 del Codice Privacy, ovvero si potra\u0300 ottenere la conferma dell\u2019esistenza o meno di dati personali che riguardino l\u2019utente e di conoscerne il contenuto e l\u2019origine, verificarne l\u2019esattezza o chiederne l\u2019integrazione o l\u2019aggiornamento, oppure la rettificazione. Ai sensi del medesimo articolo, l\u2019utente ha anche il diritto di chiederne la cancellazione, la trasformazione in forma anonima o il blocco dei dati trattati in violazione di legge, di opporsi per motivi legittimi al loro trattamento, di opporsi al trattamento dei medesimi dati a fini di invio di materiale pubblicitario o di vendita diretta o per il compimento di ricerche di mercato o di comunicazione commerciale. Per l\u2019esercizio di tali diritti, o per ottenere qualsiasi altra informazione in merito, le richieste vanno rivolte al Titolare via email a info@zandegu.it o all\u2019indirizzo di posta c\/o Zandeg\u00f9 di Martino Marianna &#8211; Via Exilles 18 bis, 10146 Torino, P. IVA: 10783150013.<\/p>\n","protected":false},"excerpt":{"rendered":"<p>COOKIE POLICY In ottemperanza alle prescrizioni del Provvedimento 229\/2014 del Garante per la Protezione dei Dati Personali, ai sensi dell\u2019art.13 del Regolamento UE 679\/2016 in materia di protezione dei dati personali (di seguito \u201cRegolamento o GDPR\u201d), Zandeg\u00f9 di Martino Marianna, in qualit\u00e0 di Titolare del trattamento dei dati personali, informa che il sito in cui [&hellip;]<\/p>\n","protected":false},"author":2,"featured_media":0,"parent":0,"menu_order":0,"comment_status":"closed","ping_status":"closed","template":"","meta":{"_acf_changed":false,"footnotes":""},"class_list":["post-46259","page","type-page","status-publish","hentry"],"acf":[],"_links":{"self":[{"href":"https:\/\/www.zandegu.it\/shop\/wp-json\/wp\/v2\/pages\/46259","targetHints":{"allow":["GET"]}}],"collection":[{"href":"https:\/\/www.zandegu.it\/shop\/wp-json\/wp\/v2\/pages"}],"about":[{"href":"https:\/\/www.zandegu.it\/shop\/wp-json\/wp\/v2\/types\/page"}],"author":[{"embeddable":true,"href":"https:\/\/www.zandegu.it\/shop\/wp-json\/wp\/v2\/users\/2"}],"replies":[{"embeddable":true,"href":"https:\/\/www.zandegu.it\/shop\/wp-json\/wp\/v2\/comments?post=46259"}],"version-history":[{"count":2,"href":"https:\/\/www.zandegu.it\/shop\/wp-json\/wp\/v2\/pages\/46259\/revisions"}],"predecessor-version":[{"id":333567,"href":"https:\/\/www.zandegu.it\/shop\/wp-json\/wp\/v2\/pages\/46259\/revisions\/333567"}],"wp:attachment":[{"href":"https:\/\/www.zandegu.it\/shop\/wp-json\/wp\/v2\/media?parent=46259"}],"curies":[{"name":"wp","href":"https:\/\/api.w.org\/{rel}","templated":true}]}}