{"id":10889,"date":"2019-01-02T17:26:56","date_gmt":"2019-01-02T16:26:56","guid":{"rendered":"https:\/\/zandegu.it\/prodotto\/tutto-fa-branding-gioia-gottini\/"},"modified":"2021-04-14T09:27:49","modified_gmt":"2021-04-14T07:27:49","slug":"tutto-fa-branding-gioia-gottini","status":"publish","type":"product","link":"https:\/\/www.zandegu.it\/shop\/prodotto\/tutto-fa-branding-gioia-gottini\/","title":{"rendered":"Tutto fa branding"},"content":{"rendered":"<div class=\"page\" title=\"Page 4\">\n<div class=\"layoutArea\">\n<p><em>Tutto fa branding &#8211; Guida pratica al personal branding<\/em> di Gioia Gottini (la coltivatrice di successi pi\u00f9 amata dagli italiani!) \u00e8 un manuale professionale ricco di teoria, spunti, case history e di esercizi che ruotano intorno al personal branding.<\/p>\n<h2>Ma cosa si cela dietro questa parola, a tratti oscura?<\/h2>\n<p>Brand significa marca, ma non \u00e8 solo un logo su una scatola di cereali. No, \u00e8 un insieme di valori nei quali tu, consumatore, ti identifichi. E che ti fanno comprare.<\/p>\n<h2>Le persone comprano da altre persone<\/h2>\n<p>Ecco, nel caso del &#8220;Personal Branding [&#8230;] l\u2019attivit\u00e0 e chi la svolge si sovrappongono, e i valori che esprimono i tuoi prodotti sono anche i tuoi personali. [&#8230;] Al centro non c\u2019\u00e8 solo quello che fai, ma ci sei anche tu [&#8230;]: la tua storia \u00e8 interessante, la tua attivit\u00e0 ha il tuo volto e il tuo nome, e le persone, se devono comprare, sono rassicurate dal fatto di \u00abvedere\u00bb da chi comprano. Perch\u00e9 le persone amano comprare da altre persone&#8221;.<\/p>\n<h2>Mission, vision e target ai tuoi piedi<\/h2>\n<p>Una guida ricchissima che ti aiuta a trovare la tua mission e vision, decidere il tuo slogan, individuare il target giusto al quale rivolgerti, capire che offerte fare e a quali prezzi. Ma non solo: ci sar\u00e0 spazio anche per comunicare a fondo con la tua personalit\u00e0, e magari con un&#8217;immagine coordinata.<\/p>\n<h2>In ogni capitolo, tanti esercizi<\/h2>\n<p>E anche siti, link utili e una bibliografia molto ampia di letture di approfondimento.<\/p>\n<h2>In collaborazione con C+B<\/h2>\n<p>Il tutto spiegato con la penna ironica, pungente, chiara e super professionale di Gioia Gottini, una vera esperta di branding, che ha saputo strutturare il manuale in modo da poterlo consulatare in modo pratico. Realizzato in collaborazione con <a href=\"http:\/\/cpiub.com\/\" target=\"_blank\" rel=\"noopener noreferrer\">C+B<\/a> &#8211; la casa + bottega delle imprenditrici creative italiane &#8211; l&#8217;autrice \u00e8 infatti uno dei capisaldi della redazione &#8211; l&#8217;ebook di Gioia sa raccontare il personal branding in maniera accessibile per tutti, per aiutare davvero chi \u00e8 agli inizi della sua carriera o chi vuole aggiustare il tiro, se gi\u00e0 in proprio.<\/p>\n<p>Perch\u00e9 con un branding fatto bene si pu\u00f2 davvero far decollare il proprio business!<\/p>\n<p style=\"text-align: justify;\"><a href=\"http:\/\/cpiub.com\/\" target=\"_blank\" rel=\"noopener\"><img decoding=\"async\" class=\"alignnone wp-image-12907 \" src=\"https:\/\/zandegu.it\/wp-content\/uploads\/2014\/11\/11951015_10207641448413898_1681503368_n.jpg\" alt=\"11951015_10207641448413898_1681503368_n\" width=\"306\" height=\"114\" srcset=\"https:\/\/www.zandegu.it\/shop\/wp-content\/uploads\/2014\/11\/11951015_10207641448413898_1681503368_n.jpg 480w, https:\/\/www.zandegu.it\/shop\/wp-content\/uploads\/2014\/11\/11951015_10207641448413898_1681503368_n-400x149.jpg 400w, https:\/\/www.zandegu.it\/shop\/wp-content\/uploads\/2014\/11\/11951015_10207641448413898_1681503368_n-100x37.jpg 100w, https:\/\/www.zandegu.it\/shop\/wp-content\/uploads\/2014\/11\/11951015_10207641448413898_1681503368_n-270x101.jpg 270w\" sizes=\"(max-width: 306px) 100vw, 306px\" \/><\/a><\/p>\n<\/div>\n<\/div>\n<p><span style=\"border-radius: 2px; text-indent: 20px; width: auto; padding: 0px 4px 0px 0px; text-align: center; font: bold 11px\/20px 'Helvetica Neue',Helvetica,sans-serif; color: #ffffff; background: #bd081c no-repeat scroll 3px 50% \/ 14px 14px; position: absolute; opacity: 1; z-index: 8675309; display: none; cursor: pointer;\">Salva<\/span><\/p>\n","protected":false},"excerpt":{"rendered":"<p>Guida pratica al personal branding<\/p>\n","protected":false},"featured_media":12236,"comment_status":"closed","ping_status":"closed","template":"","meta":{"_acf_changed":false},"product_brand":[],"product_cat":[1082,959],"product_tag":[],"class_list":{"0":"post-10889","1":"product","2":"type-product","3":"status-publish","4":"has-post-thumbnail","6":"product_cat-libri","7":"product_cat-i-prof","8":"pa_formato-formato-epub","9":"pa_formato-formato-mobi","11":"first","12":"instock","13":"downloadable","14":"virtual","15":"purchasable","16":"product-type-simple"},"acf":[],"_links":{"self":[{"href":"https:\/\/www.zandegu.it\/shop\/wp-json\/wp\/v2\/product\/10889","targetHints":{"allow":["GET"]}}],"collection":[{"href":"https:\/\/www.zandegu.it\/shop\/wp-json\/wp\/v2\/product"}],"about":[{"href":"https:\/\/www.zandegu.it\/shop\/wp-json\/wp\/v2\/types\/product"}],"replies":[{"embeddable":true,"href":"https:\/\/www.zandegu.it\/shop\/wp-json\/wp\/v2\/comments?post=10889"}],"version-history":[{"count":0,"href":"https:\/\/www.zandegu.it\/shop\/wp-json\/wp\/v2\/product\/10889\/revisions"}],"wp:featuredmedia":[{"embeddable":true,"href":"https:\/\/www.zandegu.it\/shop\/wp-json\/wp\/v2\/media\/12236"}],"wp:attachment":[{"href":"https:\/\/www.zandegu.it\/shop\/wp-json\/wp\/v2\/media?parent=10889"}],"wp:term":[{"taxonomy":"product_brand","embeddable":true,"href":"https:\/\/www.zandegu.it\/shop\/wp-json\/wp\/v2\/product_brand?post=10889"},{"taxonomy":"product_cat","embeddable":true,"href":"https:\/\/www.zandegu.it\/shop\/wp-json\/wp\/v2\/product_cat?post=10889"},{"taxonomy":"product_tag","embeddable":true,"href":"https:\/\/www.zandegu.it\/shop\/wp-json\/wp\/v2\/product_tag?post=10889"}],"curies":[{"name":"wp","href":"https:\/\/api.w.org\/{rel}","templated":true}]}}