{"id":14910,"date":"2019-01-04T06:42:44","date_gmt":"2019-01-04T05:42:44","guid":{"rendered":"https:\/\/zandegu.it\/prodotto\/vendere-handmade\/"},"modified":"2022-07-29T17:58:33","modified_gmt":"2022-07-29T15:58:33","slug":"vendere-handmade","status":"publish","type":"product","link":"https:\/\/www.zandegu.it\/shop\/prodotto\/vendere-handmade\/","title":{"rendered":"Vendere handmade"},"content":{"rendered":"<h2>Non sono solo lavoretti<\/h2>\n<p>Se molti pensano che tu stia facendo i lavoretti, il nuovo manuale <em>Vendere handmade. Una guida completa per trasformare la tua passione in professione<\/em> di <a href=\"https:\/\/www.zandegu.it\/shop\/autori\/francesca-baldassarri\/\" target=\"_blank\" rel=\"noopener\">Francesca Baldassarri<\/a> fa per te.<\/p>\n<p>S\u00ec perch\u00e9 avere un&#8217;attivit\u00e0 creativa &#8211; per esempio ricamare, realizzare borse, abiti, fare l&#8217;artigiano o il designer di gioielli &#8211; non \u00e8 come assemblare collanine di perline in kit venduti tramite corrispondenza (beati anni &#8217;90!).<\/p>\n<p>No, sono passioni piene di idee e creativit\u00e0 che puoi trasformare in una vera e propria professione.<\/p>\n<h2>Vendere handmade facendo le cose sul serio<\/h2>\n<p>Francesca Baldassarri, capo della community italiana di Etsy (uno dei marketplace pi\u00f9 grandi e importanti del mondo per la vendita dell&#8217;handmade) ti dar\u00e0 tutte le dritte per passare &#8220;da zero a daje&#8221;.<\/p>\n<p>Questo manuale parte dal branding e dalla scelta del nome migliore per farsi notare, per poi spiegare come calcolare il prezzo giusto delle tue creazioni, quali sono i posti migliori (online e offline) dove vendere e come fare il miglior customer care di tutti i tempi per fidelizzare i tuoi clienti.<\/p>\n<h2>Mille consigli per artigiani 2.0<\/h2>\n<p>Non mancano suggerimenti sul regime fiscale pi\u00f9 adatto, sulla tanto amata-odiata SEO, sui mille e 1 segreti di Etsy, sulla spedizione dei prodotti senza sorprese (e senza l&#8217;abominevole uomo delle Poste, molto peloso).<\/p>\n<p>Un artigiano 2.0 non pu\u00f2 prescindere da un&#8217;infarinatura di storytelling, per raccontarsi al meglio su sito, materiali promozionali e social e non mancano importanti dritte su come creare e gestire una buona campagna di crowdfunding a sostegno del proprio progetto.<\/p>\n<p><em>Vendere handmade<\/em>, realizzato in collaborazione con le amiche di C<em>+<\/em>B<em>,<\/em> \u00e8 un manuale ricchissimo, denso, utile, scritto in modo onesto e sincero da Francesca che, si sente in ogni pagina, ci ha messo tutta se stessa, tutte le sue competenze maturate sul campo e tutta la sua passione di crafter (produce stupendi fiori di stoffa).<\/p>\n<h2>Per te anche un workbook di 60 pagine zeppo di esercizi<\/h2>\n<p>Un manuale non \u00e8 completo senza qualche compito da fare, no? Qua facciamo molto di pi\u00f9, esageriamo! 60 pagine di workbook, accessibili a chi acquista l&#8217;ebook, per allenarsi sui concetti spiegati da Francesca e mettersi subito all&#8217;opera.<\/p>\n<h2>A chi si rivolge<\/h2>\n<p><em>Vendere handmade<\/em> \u00e8 per crafter e designer ambiziosi e per chiunque abbia un&#8217;attivit\u00e0 handmade e la voglia portare avanti nel modo migliore e pi\u00f9 professionale possibile.<\/p>\n<h2>In collaborazione con C+B<\/h2>\n<p>Questo ebook \u00e8 realizzato in collaborazione con <a href=\"http:\/\/cpiub.com\/\" target=\"_blank\" rel=\"noopener noreferrer\">C+B<\/a> &#8211; la casa + bottega delle imprenditrici creative italiane, fondata da Francesca Marano.<\/p>\n<p style=\"text-align: justify;\"><a href=\"http:\/\/cpiub.com\/\" target=\"_blank\" rel=\"noopener\"><img decoding=\"async\" class=\"alignnone wp-image-12907 \" src=\"https:\/\/zandegu.it\/wp-content\/uploads\/2014\/11\/11951015_10207641448413898_1681503368_n.jpg\" alt=\"11951015_10207641448413898_1681503368_n\" width=\"306\" height=\"114\" srcset=\"https:\/\/www.zandegu.it\/shop\/wp-content\/uploads\/2014\/11\/11951015_10207641448413898_1681503368_n.jpg 480w, https:\/\/www.zandegu.it\/shop\/wp-content\/uploads\/2014\/11\/11951015_10207641448413898_1681503368_n-400x149.jpg 400w, https:\/\/www.zandegu.it\/shop\/wp-content\/uploads\/2014\/11\/11951015_10207641448413898_1681503368_n-100x37.jpg 100w, https:\/\/www.zandegu.it\/shop\/wp-content\/uploads\/2014\/11\/11951015_10207641448413898_1681503368_n-270x101.jpg 270w\" sizes=\"(max-width: 306px) 100vw, 306px\" \/><\/a><\/p>\n<p><span style=\"border-radius: 2px; text-indent: 20px; width: auto; padding: 0px 4px 0px 0px; text-align: center; font: bold 11px\/20px 'Helvetica Neue',Helvetica,sans-serif; color: #ffffff; background: #bd081c no-repeat scroll 3px 50% \/ 14px 14px; position: absolute; opacity: 1; z-index: 8675309; display: none; cursor: pointer;\">Salva<\/span><\/p>\n<p><span style=\"border-radius: 2px; text-indent: 20px; width: auto; padding: 0px 4px 0px 0px; text-align: center; font: bold 11px\/20px 'Helvetica Neue',Helvetica,sans-serif; color: #ffffff; background: #bd081c no-repeat scroll 3px 50% \/ 14px 14px; position: absolute; opacity: 1; z-index: 8675309; display: none; cursor: pointer;\">Salva<\/span><\/p>\n<p><span style=\"border-radius: 2px; text-indent: 20px; width: auto; padding: 0px 4px 0px 0px; text-align: center; font: bold 11px\/20px 'Helvetica Neue',Helvetica,sans-serif; color: #ffffff; background: #bd081c no-repeat scroll 3px 50% \/ 14px 14px; position: absolute; opacity: 1; z-index: 8675309; display: none; cursor: pointer;\">Salva<\/span><\/p>\n","protected":false},"excerpt":{"rendered":"<p>Una guida completa per trasformare la tua passione in professione<\/p>\n","protected":false},"featured_media":14913,"comment_status":"closed","ping_status":"closed","template":"","meta":{"_acf_changed":false},"product_brand":[],"product_cat":[1082,959],"product_tag":[],"class_list":{"0":"post-14910","1":"product","2":"type-product","3":"status-publish","4":"has-post-thumbnail","6":"product_cat-libri","7":"product_cat-i-prof","8":"pa_formato-formato-epub","9":"pa_formato-formato-mobi","11":"first","12":"instock","13":"downloadable","14":"virtual","15":"purchasable","16":"product-type-simple"},"acf":[],"_links":{"self":[{"href":"https:\/\/www.zandegu.it\/shop\/wp-json\/wp\/v2\/product\/14910","targetHints":{"allow":["GET"]}}],"collection":[{"href":"https:\/\/www.zandegu.it\/shop\/wp-json\/wp\/v2\/product"}],"about":[{"href":"https:\/\/www.zandegu.it\/shop\/wp-json\/wp\/v2\/types\/product"}],"replies":[{"embeddable":true,"href":"https:\/\/www.zandegu.it\/shop\/wp-json\/wp\/v2\/comments?post=14910"}],"version-history":[{"count":0,"href":"https:\/\/www.zandegu.it\/shop\/wp-json\/wp\/v2\/product\/14910\/revisions"}],"wp:featuredmedia":[{"embeddable":true,"href":"https:\/\/www.zandegu.it\/shop\/wp-json\/wp\/v2\/media\/14913"}],"wp:attachment":[{"href":"https:\/\/www.zandegu.it\/shop\/wp-json\/wp\/v2\/media?parent=14910"}],"wp:term":[{"taxonomy":"product_brand","embeddable":true,"href":"https:\/\/www.zandegu.it\/shop\/wp-json\/wp\/v2\/product_brand?post=14910"},{"taxonomy":"product_cat","embeddable":true,"href":"https:\/\/www.zandegu.it\/shop\/wp-json\/wp\/v2\/product_cat?post=14910"},{"taxonomy":"product_tag","embeddable":true,"href":"https:\/\/www.zandegu.it\/shop\/wp-json\/wp\/v2\/product_tag?post=14910"}],"curies":[{"name":"wp","href":"https:\/\/api.w.org\/{rel}","templated":true}]}}