{"id":168559,"date":"2021-03-08T14:32:41","date_gmt":"2021-03-08T13:32:41","guid":{"rendered":"https:\/\/zandegu.it\/?post_type=product&#038;p=168559"},"modified":"2022-09-09T15:13:15","modified_gmt":"2022-09-09T13:13:15","slug":"easy-public-speaking","status":"publish","type":"product","link":"https:\/\/www.zandegu.it\/shop\/prodotto\/easy-public-speaking\/","title":{"rendered":"Easy public speaking"},"content":{"rendered":"<p>Quella volta che ti hanno invitato a un convegno, parlavi nella sala piccola e non hai dormito tutta la settimana prima.<\/p>\n<p>Quella volta che dovevi fare un intervento su Zoom ed eri letteralmente in preda al panico al punto che non vedevi nemmeno gli altri relatori e i partecipanti: era tutta una nebbia.<\/p>\n<p>Quando ti hanno intervistato in radio e ti tremava cos\u00ec tanto la voce che non riuscivi a fare altro che chiederti: si sentir\u00e0?<\/p>\n<p>Ti do il benvenuto in 3 situazioni in cui io mi sono ritrovato. E magari anche tu. La prima cosa che ti suggerisco \u00e8: respira! La seconda \u00e8: leggi il manuale di <a href=\"https:\/\/www.zandegu.it\/shop\/autori\/enzo-passaro\/\" target=\"_blank\" rel=\"noopener\">Enzo Passaro<\/a> <em>Easy public speaking.<\/em> <em>Scienze, emozioni e pratica per imparare a parlare in pubblico.<\/em><\/p>\n<h2><strong>Perch\u00e9 un manuale sul public speaking<\/strong><\/h2>\n<p>Perch\u00e9 le occasioni per parlare pubblicamente si stanno moltiplicando. \u00c8 vero, oggi non possiamo magari farlo in presenza, ma l\u2019online ci obbliga a essere oratori capaci e interessanti che sanno tenere alta l\u2019attenzione, anche a distanza. Dirette, riunioni, conferenze, corsi, presentazioni.<\/p>\n<p>Parlare bene, in modo chiaro e convincente, ma anche persuasivo, per spingere le persone a fare quello che vogliamo non \u00e8 una magia alla Houdini, ma un\u2019abilit\u00e0 che si pu\u00f2 allenare.<\/p>\n<h2><strong>Cosa trovi dentro?<\/strong><\/h2>\n<p>Enzo Passaro \u00e8 un formatore e speaker, appassionato di Neurolinguistica, trainer per sportivi, aziende, politici. Insomma, uno che due cose sulla parola parlata le sa, giusto? Ecco, per questo ha scritto questo distillato di conoscenza, spunti e suggerimenti pratici per diventare pi\u00f9 spigliati e convincenti quando parliamo in pubblico.<\/p>\n<p>Nel manuale trovi tutto quello che ti serve per diventare il prossimo Paolo Bonolis: linguaggio non verbale e come usarlo a tuo vantaggio; come favorire l\u2019attenzione della platea (virtuale e non), come presentarti, come leggere gli stati d\u2019animo del tuo pubblico, come usare intonazione, ritmo, timbro e volume della voce per portare le persone a seguirti. Non solo, nel libro trovi tante indicazioni anche per l\u2019attrezzatura minima necessaria per fare presentazioni convincenti, come sistemare il tuo set casalingo per Zoom call e corsi, come ricordare tutti i passaggi di un intervento, come coinvolgere il pubblico con le domande.<\/p>\n<p>E siccome siamo pur sempre esseri fatti di carne e ossa, all\u2019interno trovi anche un capitolo sulle emozioni: come risvegliarle, come usarle a tuo vantaggio, come non farti travolgere.<\/p>\n<h2><strong>Com\u2019\u00e8<\/strong><\/h2>\n<p>Un manuale completo, ricchissimo, pieno di spunti e sapere. Un ottimo compagno da tenere sul pc (o stampato sulla scrivania) per migliorare nell\u2019arte dell\u2019oratoria, diventare pi\u00f9 sicuri di s\u00e9 e pi\u00f9 padroni della situazione, senza che l\u2019emotivit\u00e0 ci giochi brutti scherzi.<\/p>\n<p>Enzo scrive in modo chiaro, facendo spesso ricorso a esempi e riferimenti presi da libri e da speaker di altissimo livello che ti possono aiutare a migliorare ulteriormente.<\/p>\n<h2><strong>A chi si rivolge?<\/strong><\/h2>\n<p>Il libro \u00e8 perfetto per chiunque debba parlare in pubblico, in presenza o online. Dal consulente che presenta un progetto ai clienti, all\u2019associazione che deve cercare nuovi finanziatori, al professore che deve tenere un corso.<\/p>\n","protected":false},"excerpt":{"rendered":"<p>Scienze, emozioni e pratica per imparare a parlare in pubblico.<\/p>\n","protected":false},"featured_media":168562,"comment_status":"closed","ping_status":"closed","template":"","meta":{"_acf_changed":false},"product_brand":[],"product_cat":[1082,959],"product_tag":[],"class_list":{"0":"post-168559","1":"product","2":"type-product","3":"status-publish","4":"has-post-thumbnail","6":"product_cat-libri","7":"product_cat-i-prof","9":"first","10":"instock","11":"downloadable","12":"virtual","13":"purchasable","14":"product-type-simple"},"acf":[],"_links":{"self":[{"href":"https:\/\/www.zandegu.it\/shop\/wp-json\/wp\/v2\/product\/168559","targetHints":{"allow":["GET"]}}],"collection":[{"href":"https:\/\/www.zandegu.it\/shop\/wp-json\/wp\/v2\/product"}],"about":[{"href":"https:\/\/www.zandegu.it\/shop\/wp-json\/wp\/v2\/types\/product"}],"replies":[{"embeddable":true,"href":"https:\/\/www.zandegu.it\/shop\/wp-json\/wp\/v2\/comments?post=168559"}],"version-history":[{"count":0,"href":"https:\/\/www.zandegu.it\/shop\/wp-json\/wp\/v2\/product\/168559\/revisions"}],"wp:featuredmedia":[{"embeddable":true,"href":"https:\/\/www.zandegu.it\/shop\/wp-json\/wp\/v2\/media\/168562"}],"wp:attachment":[{"href":"https:\/\/www.zandegu.it\/shop\/wp-json\/wp\/v2\/media?parent=168559"}],"wp:term":[{"taxonomy":"product_brand","embeddable":true,"href":"https:\/\/www.zandegu.it\/shop\/wp-json\/wp\/v2\/product_brand?post=168559"},{"taxonomy":"product_cat","embeddable":true,"href":"https:\/\/www.zandegu.it\/shop\/wp-json\/wp\/v2\/product_cat?post=168559"},{"taxonomy":"product_tag","embeddable":true,"href":"https:\/\/www.zandegu.it\/shop\/wp-json\/wp\/v2\/product_tag?post=168559"}],"curies":[{"name":"wp","href":"https:\/\/api.w.org\/{rel}","templated":true}]}}