{"id":191366,"date":"2021-05-27T09:17:42","date_gmt":"2021-05-27T07:17:42","guid":{"rendered":"https:\/\/www.zandegu.it\/?post_type=product&#038;p=191366"},"modified":"2022-09-09T15:10:05","modified_gmt":"2022-09-09T13:10:05","slug":"fatti-sentire","status":"publish","type":"product","link":"https:\/\/www.zandegu.it\/shop\/prodotto\/fatti-sentire\/","title":{"rendered":"Fatti sentire"},"content":{"rendered":"<p>I brand sono tanti, milioni di milioni. E questo \u00e8 un bel problema, specie online. Come facciamo a farci notare tra la folla? Tipo entrata in grande stile a una festa, di quelle che tutti si girano verso di te e commentano quanto \u00e8 bello il tuo vestito?<\/p>\n<p>Si fa con un buon sarto, ops, no! Con una <strong>comunicazione memorabile<\/strong>! Che \u00e8 figlia di un brand memorabile. E come si ottiene un marchio che buca lo schermo, ha personalit\u00e0 da vendere e sa farsi strada?<\/p>\n<p>Arriva in tuo aiuto <b><i>Fatti sentire.<\/i><\/b><i> <b>Comunicare in modo memorabile<\/b><\/i>, il manuale scritto da <a href=\"https:\/\/www.zandegu.it\/shop\/autori\/giulia-modena\/\" target=\"_blank\" rel=\"noopener\">Giulia Modena<\/a>, esperta di comunicazione che per lavoro aiuta professionisti e piccole attivit\u00e0 a raccontarsi online e sui social in modo chiaro, personale ed efficace.<\/p>\n<h2>Si parte dalle domande<\/h2>\n<p>Ebbene s\u00ec, capire chi sei come brand \u00e8 un po&#8217; come una seduta dallo psicologo: <strong>per conoscerti<\/strong> devi farti tantissime domande. Chi sei, cosa vuoi davvero, a chi ti rivolgi, quali sono i tuoi valori.<\/p>\n<p>Si parte da queste domande, anche scomode come la poltrona-sacco di Fantozzi, per arrivare a risultati concreti: social scritti con un <b>tono di voce simpatico e coinvolgente per il tuo pubblico<\/b>. Foto che raccontano al meglio quello che sai fare. Pagine di prodotto che <b>ti rispecchiano e si differenziano dall\u2019oceano di proposte <\/b>che ci sono in giro.<\/p>\n<h2>E poi si lavora sodo<\/h2>\n<p>Gi\u00e0, perch\u00e9 <strong>non esistono trucchi n\u00e9 scorciatoie<\/strong>, ma c\u2019\u00e8 solo da lavorare sodo.<br \/>\nIn <em>Fatti sentire<\/em> troverai un\u2019analisi completa degli <b>archetipi di brand<\/b> che ti aiuteranno a tirar fuori la tua personalit\u00e0: che tu voglia comunicare in modo brillante e immaginifico, complice e seducente, o spontaneo e fresco, questa \u00e8 la guida che fa per te.<\/p>\n<p>Imparerai a costruire <strong>uno stile comunicativo memorabile<\/strong>, che si distingua da quello dei concorrenti in modo da <b>migliorare l\u2019esperienza dei tuoi (potenziali) clienti<\/b> e fare breccia nel loro cuore. Il tuo target, infatti, \u00e8 formato da persone complesse e con esigenze specifiche. Esigenze che devi saper riconoscere e ascoltare. No, non ti serve uno stetoscopio, n\u00e9 di consultare Frate Indovino.<\/p>\n<h2>Per essere riconoscibili<\/h2>\n<p><b><i>Fatti sentire<\/i><\/b><i>. <b>Comunicare in modo memorabile<\/b> <\/i>di Giulia Modena \u00e8 il manuale giusto se vuoi imparare a <b>conoscere meglio il tuo brand e a valorizzare la sua personalit\u00e0<\/b>, se vuoi imparare a fare ricerca e dare vita al processo creativo che ti aiuter\u00e0 a trovare le idee per esprimere al meglio il tuo messaggio e per <b>instaurare un legame con il tuo pubblico<\/b>. Insomma, se vuoi <b>comunicare in modo chiaro e immediato senza l\u2019ansia da foglio bianco<\/b> che avevi alle superiori durante il tema in classe.<\/p>\n<p>Con questo ebook approfondirai:<\/p>\n<ul>\n<li>cosa vuol dire essere riconoscibili;<\/li>\n<li>come valorizzare la personalit\u00e0 del tuo brand;<\/li>\n<li>gli archetipi di brand;<\/li>\n<li>come fare ricerca e trovare nuove idee per esprimere i tuoi messaggi;<\/li>\n<li>gli strumenti per valorizzare la tua comunicazione e renderla memorabile;<\/li>\n<li>il legame tra brand e pubblico.<\/li>\n<\/ul>\n<h2>A chi si rivolge<\/h2>\n<p><b><i>Fatti sentire<\/i><\/b><i>. <b>Comunicare in modo memorabile<\/b> <\/i>\u00e8 pensato per persone che comunicano per lavoro, <b>piccoli business, professionisti e freelance che vogliono dare una marcia in pi\u00f9 alla loro comunicazione<\/b> e desiderano creare contenuti efficaci e riconoscibili per i loro canali online.<\/p>\n","protected":false},"excerpt":{"rendered":"<p>Comunicare in modo memorabile e mostrare l&#8217;unicit\u00e0 del nostro brand<\/p>\n","protected":false},"featured_media":191367,"comment_status":"closed","ping_status":"closed","template":"","meta":{"_acf_changed":false},"product_brand":[],"product_cat":[1082,959],"product_tag":[],"class_list":{"0":"post-191366","1":"product","2":"type-product","3":"status-publish","4":"has-post-thumbnail","6":"product_cat-libri","7":"product_cat-i-prof","9":"first","10":"instock","11":"downloadable","12":"virtual","13":"purchasable","14":"product-type-simple"},"acf":[],"_links":{"self":[{"href":"https:\/\/www.zandegu.it\/shop\/wp-json\/wp\/v2\/product\/191366","targetHints":{"allow":["GET"]}}],"collection":[{"href":"https:\/\/www.zandegu.it\/shop\/wp-json\/wp\/v2\/product"}],"about":[{"href":"https:\/\/www.zandegu.it\/shop\/wp-json\/wp\/v2\/types\/product"}],"replies":[{"embeddable":true,"href":"https:\/\/www.zandegu.it\/shop\/wp-json\/wp\/v2\/comments?post=191366"}],"version-history":[{"count":0,"href":"https:\/\/www.zandegu.it\/shop\/wp-json\/wp\/v2\/product\/191366\/revisions"}],"wp:featuredmedia":[{"embeddable":true,"href":"https:\/\/www.zandegu.it\/shop\/wp-json\/wp\/v2\/media\/191367"}],"wp:attachment":[{"href":"https:\/\/www.zandegu.it\/shop\/wp-json\/wp\/v2\/media?parent=191366"}],"wp:term":[{"taxonomy":"product_brand","embeddable":true,"href":"https:\/\/www.zandegu.it\/shop\/wp-json\/wp\/v2\/product_brand?post=191366"},{"taxonomy":"product_cat","embeddable":true,"href":"https:\/\/www.zandegu.it\/shop\/wp-json\/wp\/v2\/product_cat?post=191366"},{"taxonomy":"product_tag","embeddable":true,"href":"https:\/\/www.zandegu.it\/shop\/wp-json\/wp\/v2\/product_tag?post=191366"}],"curies":[{"name":"wp","href":"https:\/\/api.w.org\/{rel}","templated":true}]}}