{"id":20028,"date":"2019-01-13T17:49:40","date_gmt":"2019-01-13T16:49:40","guid":{"rendered":"https:\/\/zandegu.it\/?post_type=product&#038;p=20028"},"modified":"2021-04-14T14:36:09","modified_gmt":"2021-04-14T12:36:09","slug":"il-welfare-per-freelance-non-e-una-leggenda-metropolitana","status":"publish","type":"product","link":"https:\/\/www.zandegu.it\/shop\/prodotto\/il-welfare-per-freelance-non-e-una-leggenda-metropolitana\/","title":{"rendered":"Il welfare per freelance non \u00e8 una leggenda metropolitana"},"content":{"rendered":"<p>Se lavori in proprio sai che \u00e8 meglio non ammalarsi perch\u00e9 ogni giorno a letto con la febbre \u00e8 un giorno in meno di fatturato e son dolori (non solo articolari!). Se lavori in proprio e programmi di avere un figlio, forse pensi di farti un fondo beb\u00e8, perch\u00e9 la maternit\u00e0\/paternit\u00e0, come la si intende comunemente, \u00e8 pi\u00f9 mitica di un unicorno.<\/p>\n<p>Sicuro?<\/p>\n<h2>I want to believe<\/h2>\n<p>Il welfare esiste, \u00e8 tra di noi e ne parla Samanta Boni in\u00a0<em>Il welfare per freelance non e\u0300 una leggenda metropolitana. Cavarsela con l\u2019INPS in caso di malattia, maternita\u0300 e altri diritti.<\/em><\/p>\n<p>Ebbene s\u00ec, da oggi puoi finalmente prendere quella tanto agognata tracheite senza battere ciglio! Scherzi a parte: le tutele ci sono e questo preziosissimo manuale spiega quali e come ottenerle.<\/p>\n<p>E lo fa con una chiarezza disarmante, indispensabile visto che l&#8217;INPS spesso parla in aramaico antico con influenze di esperanto.<\/p>\n<h2>Scoop: i meandri dell&#8217;INPS svelati!<\/h2>\n<p>Samanta ci accompagna per mano nei meandri del portale INPS e spiega passo passo, in modo chiaro e corredato da moltissimi screenshot delle varie schermate, come fare richiesta per un&#8217;indennit\u00e0 di malattia (domiciliare o in ospedale), come richiedere il congedo di maternit\u00e0 e quello parentale, cosa possono fare i pap\u00e0 freelance, come agire in caso di adozione o di gravidanza particolare e, infine, come ottenere gli assegni al nucleo famigliare (ANF).<\/p>\n<p>Inoltre, tantissime risposte a domande attanaglianti come: avr\u00f2 diritto davvero a questi soldi? Quanto potrei realisticamente prendere? Da quanto devo essere in proprio per usufruire di questi aiuti? Devo smettere di lavorare in maternit\u00e0? Come si chiede il saldo di quanto mi spetta? Come si compilano le varie richieste? Cos&#8217;\u00e8 il PIN dispositivo?<\/p>\n<h2>Super pratico<\/h2>\n<p>Un manuale che pi\u00f9 pratico non si pu\u00f2, chiaro, preciso, puntuale, attuale ed estremamente utile per far valere i diritti dei freelance e ottenere supporto.<\/p>\n<p>Samanta, poi, sa di cosa parla: \u00e8 membro del consiglio direttivo di ACTA, l&#8217;associazione dei freelance, che da anni si adopera per aiutare i freelance a tutelare i propri diritti e a interfacciarsi senza troppa paura con l\u2019INPS.<\/p>\n<h2>A chi si rivolge?<\/h2>\n<p>Un manuale prezioso per tutti i freelance iscritti alla Gestione Separata che vogliono sapere come agire in caso di malattia e\/o maternit\u00e0 e vogliono far valere i propri diritti.<\/p>\n","protected":false},"excerpt":{"rendered":"<div class=\"page\" title=\"Page 3\">\n<div class=\"layoutArea\">\n<div class=\"column\">\n<div class=\"page\" title=\"Page 3\">\n<div class=\"layoutArea\">\n<div class=\"column\">\n<div class=\"page\" title=\"Page 3\">\n<div class=\"layoutArea\">\n<div class=\"column\">\n<div class=\"page\" title=\"Page 3\">\n<div class=\"layoutArea\">\n<div class=\"column\">\n<p>Cavarsela con l\u2019INPS in caso di malattia, maternita\u0300 e altri diritti<\/p>\n<\/div>\n<\/div>\n<\/div>\n<\/div>\n<\/div>\n<\/div>\n<\/div>\n<\/div>\n<\/div>\n<\/div>\n<\/div>\n<\/div>\n","protected":false},"featured_media":20029,"comment_status":"closed","ping_status":"closed","template":"","meta":{"_acf_changed":false},"product_brand":[],"product_cat":[1082,959],"product_tag":[],"class_list":{"0":"post-20028","1":"product","2":"type-product","3":"status-publish","4":"has-post-thumbnail","6":"product_cat-libri","7":"product_cat-i-prof","8":"pa_formato-formato-epub","9":"pa_formato-formato-mobi","11":"first","12":"instock","13":"downloadable","14":"virtual","15":"purchasable","16":"product-type-simple"},"acf":[],"_links":{"self":[{"href":"https:\/\/www.zandegu.it\/shop\/wp-json\/wp\/v2\/product\/20028","targetHints":{"allow":["GET"]}}],"collection":[{"href":"https:\/\/www.zandegu.it\/shop\/wp-json\/wp\/v2\/product"}],"about":[{"href":"https:\/\/www.zandegu.it\/shop\/wp-json\/wp\/v2\/types\/product"}],"replies":[{"embeddable":true,"href":"https:\/\/www.zandegu.it\/shop\/wp-json\/wp\/v2\/comments?post=20028"}],"version-history":[{"count":0,"href":"https:\/\/www.zandegu.it\/shop\/wp-json\/wp\/v2\/product\/20028\/revisions"}],"wp:featuredmedia":[{"embeddable":true,"href":"https:\/\/www.zandegu.it\/shop\/wp-json\/wp\/v2\/media\/20029"}],"wp:attachment":[{"href":"https:\/\/www.zandegu.it\/shop\/wp-json\/wp\/v2\/media?parent=20028"}],"wp:term":[{"taxonomy":"product_brand","embeddable":true,"href":"https:\/\/www.zandegu.it\/shop\/wp-json\/wp\/v2\/product_brand?post=20028"},{"taxonomy":"product_cat","embeddable":true,"href":"https:\/\/www.zandegu.it\/shop\/wp-json\/wp\/v2\/product_cat?post=20028"},{"taxonomy":"product_tag","embeddable":true,"href":"https:\/\/www.zandegu.it\/shop\/wp-json\/wp\/v2\/product_tag?post=20028"}],"curies":[{"name":"wp","href":"https:\/\/api.w.org\/{rel}","templated":true}]}}