{"id":20882,"date":"2019-01-15T13:00:35","date_gmt":"2019-01-15T12:00:35","guid":{"rendered":"https:\/\/zandegu.it\/?post_type=product&#038;p=20882"},"modified":"2021-04-14T14:36:09","modified_gmt":"2021-04-14T12:36:09","slug":"content-marketing-spiegato-semplice","status":"publish","type":"product","link":"https:\/\/www.zandegu.it\/shop\/prodotto\/content-marketing-spiegato-semplice\/","title":{"rendered":"Content marketing spiegato semplice"},"content":{"rendered":"<div class=\"page\" title=\"Page 7\">\n<div class=\"layoutArea\">\n<div class=\"column\">\n<p>Accipicchia, come cambiano i social! Un giorno Snapchat \u00e8 la vita, il giorno dopo non lo usa pi\u00f9 nessuno perch\u00e9 sono tutti migrati su Stories. Un giorno Facebook cambia idea e decide di dare pi\u00f9 risalto ai profili, ed ecco che i post delle pagine hanno una reach pi\u00f9 disabitata di un villaggio della Groenlandia. Prima Twitter era <em>the place to be<\/em> e oggi a stento ti cucchi due cuoricini.<\/p>\n<h2>Mi si sono intrecciati i ditiiiii<\/h2>\n<p>Cosa fare se usi i social per lavoro e ti senti un po\u2019 confuso? Come fare per affrontare con slancio i social che verranno, quelli che ancora non conosci e che, al primo impatto, potrebbero metterti in difficolt\u00e0? Lo spiega Massimo Pot\u00ec nell&#8217;ebook\u00a0<em>Content marketing spiegato semplice. Dalla struttura ai contenuti, un metodo per affrontare i social del presente (e del futuro!).<\/em><\/p>\n<h2>Ricco e denso quasi come un Ciobar<\/h2>\n<p>Un manuale divertente, agile ma anche ricco, denso, articolato e pieno di riflessioni interessanti, che arrivano dritte dritte dall\u2019esperienza decennale di Massimo Pot\u00ec come social media strategist. Il suo obiettivo, per niente ambizioso, \u00e8 quello di darti tutti gli strumenti utili per affrontare qualsiasi piattaforma \u2013 anche quelle che non esistono ancora! \u2013, senza avere l\u2019impressione di ripartire ogni santa volta dallo zero assoluto.<\/p>\n<h2>Va&#8217; che si parla pure dello Studio 54<\/h2>\n<p>Questo ebook ti aiuter\u00e0 a individuare alcuni tratti comuni a tutti i social, per metterli a fuoco e analizzarli per bene: ogni social ha infatti delle specifiche modalit\u00e0 di iscrizione; ognuno ha il suo device d\u2019elezione (Facebook \u00e8 perfetto da pc, Instagram da smartphone, per dire); ognuno fa guadagnare in qualche modo colui che ha inventato quel social; e ognuno ha un contenuto che predilige (Instagram le foto, Twitter i testi). Tutti questi ingredienti non fanno un minestrone, ma una ricetta prelibata: se ti occupi di social per te stesso (come freelance), o per altri (come social media manager), gestire in modo sapiente tutti questi elementi ti pu\u00f2 aiutare a creare strategie e contenuti al passo coi tempi, efficaci e che convertono.<\/p>\n<h2>E del temuto algoritmo<\/h2>\n<p>Dall\u2019algoritmo, alle emoji, dall&#8217;orario giusto per postare, a quanti post\/tweet\/stories \u00e8 giusto pubblicare, da come funziona l\u2019utilizzo delle immagini sui social, passando per l\u2019evoluzione dei video (che ora sono classici, a 360\u00b0, in diretta, o sotto forma di Snap e Stories),\u00a0<em>Content marketing spiegato semplice<\/em> \u00e8 un concentrato di tutto quello che ti serve sapere per una gestione consapevole e divertente dei social.<\/p>\n<\/div>\n<\/div>\n<\/div>\n<h2>A chi si rivolge?<\/h2>\n<p>L&#8217;ebook \u00e8 perfetto per chi, per lavoro,\u00a0ha a che fare con il content marketing (come social media manager o digital strategist), o per chi lavora in proprio (come freelance o piccolo business) e usa i social per raccontarsi. Non \u00e8 pensato per i neofiti.<\/p>\n","protected":false},"excerpt":{"rendered":"<p>Dalla struttura ai contenuti, un metodo per affrontare i social del presente (e del futuro!)<\/p>\n","protected":false},"featured_media":20883,"comment_status":"closed","ping_status":"closed","template":"","meta":{"_acf_changed":false},"product_brand":[],"product_cat":[1082,959],"product_tag":[],"class_list":{"0":"post-20882","1":"product","2":"type-product","3":"status-publish","4":"has-post-thumbnail","6":"product_cat-libri","7":"product_cat-i-prof","8":"pa_formato-formato-epub","9":"pa_formato-formato-mobi","11":"first","12":"instock","13":"downloadable","14":"virtual","15":"purchasable","16":"product-type-simple"},"acf":[],"_links":{"self":[{"href":"https:\/\/www.zandegu.it\/shop\/wp-json\/wp\/v2\/product\/20882","targetHints":{"allow":["GET"]}}],"collection":[{"href":"https:\/\/www.zandegu.it\/shop\/wp-json\/wp\/v2\/product"}],"about":[{"href":"https:\/\/www.zandegu.it\/shop\/wp-json\/wp\/v2\/types\/product"}],"replies":[{"embeddable":true,"href":"https:\/\/www.zandegu.it\/shop\/wp-json\/wp\/v2\/comments?post=20882"}],"version-history":[{"count":0,"href":"https:\/\/www.zandegu.it\/shop\/wp-json\/wp\/v2\/product\/20882\/revisions"}],"wp:featuredmedia":[{"embeddable":true,"href":"https:\/\/www.zandegu.it\/shop\/wp-json\/wp\/v2\/media\/20883"}],"wp:attachment":[{"href":"https:\/\/www.zandegu.it\/shop\/wp-json\/wp\/v2\/media?parent=20882"}],"wp:term":[{"taxonomy":"product_brand","embeddable":true,"href":"https:\/\/www.zandegu.it\/shop\/wp-json\/wp\/v2\/product_brand?post=20882"},{"taxonomy":"product_cat","embeddable":true,"href":"https:\/\/www.zandegu.it\/shop\/wp-json\/wp\/v2\/product_cat?post=20882"},{"taxonomy":"product_tag","embeddable":true,"href":"https:\/\/www.zandegu.it\/shop\/wp-json\/wp\/v2\/product_tag?post=20882"}],"curies":[{"name":"wp","href":"https:\/\/api.w.org\/{rel}","templated":true}]}}