{"id":21575,"date":"2019-01-17T09:07:55","date_gmt":"2019-01-17T08:07:55","guid":{"rendered":"https:\/\/zandegu.it\/?post_type=product&#038;p=21575"},"modified":"2021-04-15T10:12:29","modified_gmt":"2021-04-15T08:12:29","slug":"i-soldi-non-crescono-sugli-alberi","status":"publish","type":"product","link":"https:\/\/www.zandegu.it\/shop\/prodotto\/i-soldi-non-crescono-sugli-alberi\/","title":{"rendered":"I soldi non crescono sugli alberi"},"content":{"rendered":"<div class=\"page\" title=\"Page 7\">\n<div class=\"layoutArea\">\n<div class=\"column\">\n<p>Ne siamo certi: se pensi agli investimenti, pensi di sicuro che non facciano per te. <strong>&#8220;Sono cose da Paperon de&#8217; Paperoni<\/strong>, io faccio solo il freelance\/ho una piccola ditta&#8221;. Eppure, non \u00e8 affatto cos\u00ec: tenere i tuoi risparmi fermi in banca \u00e8 un po&#8217; il nuovo &#8220;<strong>tenere i soldi sotto al materasso&#8221;<\/strong>. Non vanno via (in realt\u00e0 un pochino s\u00ec, perch\u00e9 ci sono le commissioni, le tasse, ecc.), ma nemmeno crescono.<\/p>\n<h2>Che PIP stai dicendo?<\/h2>\n<\/div>\n<\/div>\n<\/div>\n<p>Oppure pensi che <strong>la finanza sia un mondo composto al 70% da termini incomprensibili<\/strong> e ti viene il mal di testa solo a pensarci. S\u00ec, questo \u00e8 un po&#8217; pi\u00f9 vero, a volte sembra di essere dentro un flipper: PIP, PIC, PAC, MiFID, trading e chi pi\u00f9 ne ha pi\u00f9 ne metta.<\/p>\n<p>Ma non ti scoraggiare, perch\u00e9 il punto \u00e8 questo: sai bene quanta fatica hai fatto per mettere via qualche piccolo risparmio, vero? Ecco, allora perch\u00e9 non <strong>farli fruttare, magari per finanziare il tuo prossimo progetto<\/strong> imprenditoriale, seguire dei corsi di formazione, o avere pi\u00f9 tranquillit\u00e0 per il futuro? O, se ti sembra ancora presto, perch\u00e9 non iniziare almeno a pensarci, facendolo <strong>con le basi giuste<\/strong>, per capire come agire quando arriver\u00e0 il momento pi\u00f9 adatto?<\/p>\n<p>La promotrice di consapevolezza finanziaria Chiara Sinchetto spiega come avvicinarti a questo mondo con l&#8217;ebook\u00a0<strong><em>I soldi non crescono sugli alberi.\u00a0Manuale di educazione finanziaria per toglierti la paura di investire<\/em><\/strong><em>.<\/em><\/p>\n<h2>Pi\u00f9 chiaro di cos\u00ec!<\/h2>\n<p>Il manuale lo abbiamo pensato in modo che sia pi\u00f9 chiaro di un ghiacciaio sul K2. <strong>Tutto quel gergo astruso finalmente tradotto in una lingua nota, l&#8217;italiano.<\/strong> <strong>Concetti rocamboleschi spiegati con l&#8217;agilit\u00e0 di una gazzella<\/strong>. Insomma, un manuale davvero semplice per avvicinarsi alla gestione finanziaria.<\/p>\n<p>Dentro trovi una serie di capitoli introduttivi che ti spiegano <strong>perch\u00e9 \u00e8 importante investire<\/strong>, se \u00e8 meglio il fai da te, cosa rischi, <strong>cosa fa il consulente finanziario<\/strong> che ti seguir\u00e0, come si svolgono i primi appuntamenti con lui.<\/p>\n<h2>Finalmente saprai la differenza tra azioni e obbligazioni!<\/h2>\n<p>E poi si va al sodo: <strong>prodotti finanziari, tassazione, orizzonte temporale, volatilit\u00e0<\/strong> e rischio non avranno pi\u00f9 segreti.<\/p>\n<p>Chiara Sinchetto, in modo pratico e ricchissimo di esempi concreti, ti porta a spasso tra<strong> azioni, obbligazioni, fondi di investimento, polizze, previdenza complementare e trading<\/strong>. Argomenti che sembrano difficilissimi, ma che Chiara riesce a rendere alla portata di tutti.<\/p>\n<p>Infine, un ultimo capitolo \u00e8 dedicato alla <strong>finanza comportamentale<\/strong>, cio\u00e8 tutte quelle azioni che compiamo, quando investiamo, spinti dalle emozioni (a volte dal troppo ottimismo, a volte da un&#8217;eccessiva cautela) e che rischiano di autosabotarci fin dall&#8217;inizio!<\/p>\n<h2>A chi si rivolge?<\/h2>\n<p>L&#8217;ebook \u00e8 perfetto per freelance, piccole aziende o privati che hanno qualche risparmio da parte e vorrebbero investirlo in modo oculato e mirato. Si rivolge a chi non sa nulla di gestione finanziaria, vuole imparare la terminologia base e i primi rudimenti legati agli investimenti. Per chi vuole affacciarsi a questo mondo e rivolgersi a un consulente in modo consapevole.<\/p>\n","protected":false},"excerpt":{"rendered":"<div class=\"page\" title=\"Page 3\">\n<div class=\"layoutArea\">\n<div class=\"column\">\n<div class=\"page\" title=\"Page 3\">\n<div class=\"layoutArea\">\n<div class=\"column\">\n<p>Manuale di educazione finanziaria per toglierti la paura di investire<\/p>\n<\/div>\n<\/div>\n<\/div>\n<\/div>\n<\/div>\n<\/div>\n","protected":false},"featured_media":21595,"comment_status":"closed","ping_status":"closed","template":"","meta":{"_acf_changed":false},"product_brand":[],"product_cat":[1082,959],"product_tag":[],"class_list":{"0":"post-21575","1":"product","2":"type-product","3":"status-publish","4":"has-post-thumbnail","6":"product_cat-libri","7":"product_cat-i-prof","8":"pa_formato-formato-epub","9":"pa_formato-formato-mobi","11":"first","12":"instock","13":"downloadable","14":"virtual","15":"purchasable","16":"product-type-simple"},"acf":[],"_links":{"self":[{"href":"https:\/\/www.zandegu.it\/shop\/wp-json\/wp\/v2\/product\/21575","targetHints":{"allow":["GET"]}}],"collection":[{"href":"https:\/\/www.zandegu.it\/shop\/wp-json\/wp\/v2\/product"}],"about":[{"href":"https:\/\/www.zandegu.it\/shop\/wp-json\/wp\/v2\/types\/product"}],"replies":[{"embeddable":true,"href":"https:\/\/www.zandegu.it\/shop\/wp-json\/wp\/v2\/comments?post=21575"}],"version-history":[{"count":0,"href":"https:\/\/www.zandegu.it\/shop\/wp-json\/wp\/v2\/product\/21575\/revisions"}],"wp:featuredmedia":[{"embeddable":true,"href":"https:\/\/www.zandegu.it\/shop\/wp-json\/wp\/v2\/media\/21595"}],"wp:attachment":[{"href":"https:\/\/www.zandegu.it\/shop\/wp-json\/wp\/v2\/media?parent=21575"}],"wp:term":[{"taxonomy":"product_brand","embeddable":true,"href":"https:\/\/www.zandegu.it\/shop\/wp-json\/wp\/v2\/product_brand?post=21575"},{"taxonomy":"product_cat","embeddable":true,"href":"https:\/\/www.zandegu.it\/shop\/wp-json\/wp\/v2\/product_cat?post=21575"},{"taxonomy":"product_tag","embeddable":true,"href":"https:\/\/www.zandegu.it\/shop\/wp-json\/wp\/v2\/product_tag?post=21575"}],"curies":[{"name":"wp","href":"https:\/\/api.w.org\/{rel}","templated":true}]}}