{"id":22560,"date":"2019-01-18T15:25:06","date_gmt":"2019-01-18T14:25:06","guid":{"rendered":"https:\/\/zandegu.it\/?post_type=product&#038;p=22560"},"modified":"2021-04-15T10:14:12","modified_gmt":"2021-04-15T08:14:12","slug":"scrivi-piu-bianco","status":"publish","type":"product","link":"https:\/\/www.zandegu.it\/shop\/prodotto\/scrivi-piu-bianco\/","title":{"rendered":"Scrivi piu\u0300 bianco"},"content":{"rendered":"<div class=\"page\" title=\"Page 7\">\n<div class=\"layoutArea\">\n<div class=\"column\">\n<div class=\"page\" title=\"Page 6\">\n<div class=\"layoutArea\">\n<div class=\"column\">\n<p>\u00abAccidenti, adesso cosa scrivo?\u00bb. Lo dice Chiara Gandolfi all&#8217;inizio del suo manuale <em>Scrivi pi\u00f9 bianco. Trova il tuo stile, comunica con parole brillanti. <\/em>E, ne sono certa, te lo sarai chiesto anche tu un trilione di volte, mentre stai l\u00ec, davanti al computer e non sai che pesci pigliare, col cursore del mouse che lampeggia nel vuoto. Sono anni che si parla di storytelling, scrittura chiara e sintetica, parole che coinvolgono e ispirano il pubblico e poi magari tocca anche far sorridere&#8230;<\/p>\n<h2>Hai detto niente!<\/h2>\n<p>Scrivere, online oppure offline, \u00e8 difficilissimo, ti capisco. E avere uno stile unico e riconoscibile, oltre alla capacit\u00e0 di non farsi cogliere dall&#8217;ansia davanti alla pagina bianca, lo \u00e8 ancora di pi\u00f9.<\/p>\n<div class=\"page\" title=\"Page 7\">\n<div class=\"layoutArea\">\n<div class=\"column\">\n<p><em>\u00ab<\/em>Scrivi piu\u0300 bianco<em> nasce quindi da queste tre necessita\u0300: combattere la pigrizia nello stile, utilizzare il foglio bianco come rilevatore della chiarezza del nostro pensiero, scrivere con la stessa urgenza e con la stessa sincerita\u0300 delle lettere d\u2019amore\u00bb.<\/em><\/p>\n<p>Non male, vero?<\/p>\n<h2>Ci sono anche gli esercizi, pigrone!<\/h2>\n<p>Questo manuale in ebook \u00e8 ricchissimo, denso di informazioni, aneddoti, case studies, esercizi per mettersi subito all&#8217;opera, suggerimenti per darsi un metodo e lavorare meglio e idee per trovare uno stile unico. Chiara usa un linguaggio mai banale, dritto al punto e a tratti poetico che aiuta a focalizzare bene i concetti.<\/p>\n<h2>Concetti base, idee e stile<\/h2>\n<p>Il manuale \u00e8 diviso in tre parti: la prima \u00e8 sui concetti base, utile per costruire il senso di quello che vogliamo dire e creare forma e contenuti vincenti. La seconda ruota intorno alle idee e al pensiero creativo per liberare la mente e scrivere testi pi\u00f9 &#8220;bianchi&#8221; (cio\u00e8 brillanti e creativi). La terza e ultima parte parla di comprensione, figure retoriche, tono di voce, sintesi, ritmo e stile.<\/p>\n<p>Ricco di esempi, dal copywriting classico al web, <em>Scrivi pi\u00f9 bianco<\/em> \u00e8 il manuale da avere sempre a portata di mano, per dare una lavata con tripla centrifuga allo strato di sporco che spesso ci annebbia la mente e aiutarci cos\u00ec a scrivere, fin da subito, testi pi\u00f9 puliti, chiari e splendenti. Quelli che si fanno ricordare dai lettori, insomma!<\/p>\n<\/div>\n<\/div>\n<\/div>\n<\/div>\n<\/div>\n<\/div>\n<\/div>\n<\/div>\n<\/div>\n<h2>A chi si rivolge?<\/h2>\n<p>L&#8217;ebook \u00e8 pensato per chi lavora nella comunicazione, per copywriter, studenti, freelance, content manager, uffici stampa e chiunque ogni giorno debba scrivere testi (post, pagine web, flyer, presentazioni, email, ecc.) e voglia farlo nel modo pi\u00f9 chiaro, coinvolgente e intelligente possibile. E, ovviamente, con uno stile unico e personale.<\/p>\n<h2>Ascolta l&#8217;introduzione!<\/h2>\n<p>Vuoi saperne ancora di pi\u00f9? Clicca qui sotto per ascoltare la lettura dell&#8217;introduzione fatta dall&#8217;autrice, Chiara Gandolfi.<\/p>\n<audio class=\"wp-audio-shortcode\" id=\"audio-22560-1\" preload=\"none\" style=\"width: 100%;\" controls=\"controls\"><source type=\"audio\/mpeg\" src=\"https:\/\/zandegu.it\/wp-content\/uploads\/2018\/08\/Scrivi_piu_bianco_Intro_audio.mp3?_=1\" \/><a href=\"https:\/\/zandegu.it\/wp-content\/uploads\/2018\/08\/Scrivi_piu_bianco_Intro_audio.mp3\" target=\"_blank\" rel=\"noopener\">https:\/\/zandegu.it\/wp-content\/uploads\/2018\/08\/Scrivi_piu_bianco_Intro_audio.mp3<\/a><\/audio>\n","protected":false},"excerpt":{"rendered":"<div class=\"page\" title=\"Page 3\">\n<div class=\"layoutArea\">\n<div class=\"column\">\n<div class=\"page\" title=\"Page 3\">\n<div class=\"layoutArea\">\n<div class=\"column\">\n<div class=\"page\" title=\"Page 3\">\n<div class=\"layoutArea\">\n<div class=\"column\">\n<p>Trova il tuo stile, comunica con parole brillanti<\/p>\n<\/div>\n<\/div>\n<\/div>\n<\/div>\n<\/div>\n<\/div>\n<\/div>\n<\/div>\n<\/div>\n","protected":false},"featured_media":22561,"comment_status":"closed","ping_status":"closed","template":"","meta":{"_acf_changed":false},"product_brand":[],"product_cat":[1082,959],"product_tag":[],"class_list":{"0":"post-22560","1":"product","2":"type-product","3":"status-publish","4":"has-post-thumbnail","6":"product_cat-libri","7":"product_cat-i-prof","8":"pa_formato-formato-epub","9":"pa_formato-formato-mobi","11":"first","12":"instock","13":"downloadable","14":"virtual","15":"purchasable","16":"product-type-simple"},"acf":[],"_links":{"self":[{"href":"https:\/\/www.zandegu.it\/shop\/wp-json\/wp\/v2\/product\/22560","targetHints":{"allow":["GET"]}}],"collection":[{"href":"https:\/\/www.zandegu.it\/shop\/wp-json\/wp\/v2\/product"}],"about":[{"href":"https:\/\/www.zandegu.it\/shop\/wp-json\/wp\/v2\/types\/product"}],"replies":[{"embeddable":true,"href":"https:\/\/www.zandegu.it\/shop\/wp-json\/wp\/v2\/comments?post=22560"}],"version-history":[{"count":0,"href":"https:\/\/www.zandegu.it\/shop\/wp-json\/wp\/v2\/product\/22560\/revisions"}],"wp:featuredmedia":[{"embeddable":true,"href":"https:\/\/www.zandegu.it\/shop\/wp-json\/wp\/v2\/media\/22561"}],"wp:attachment":[{"href":"https:\/\/www.zandegu.it\/shop\/wp-json\/wp\/v2\/media?parent=22560"}],"wp:term":[{"taxonomy":"product_brand","embeddable":true,"href":"https:\/\/www.zandegu.it\/shop\/wp-json\/wp\/v2\/product_brand?post=22560"},{"taxonomy":"product_cat","embeddable":true,"href":"https:\/\/www.zandegu.it\/shop\/wp-json\/wp\/v2\/product_cat?post=22560"},{"taxonomy":"product_tag","embeddable":true,"href":"https:\/\/www.zandegu.it\/shop\/wp-json\/wp\/v2\/product_tag?post=22560"}],"curies":[{"name":"wp","href":"https:\/\/api.w.org\/{rel}","templated":true}]}}