{"id":23040,"date":"2019-01-19T16:07:44","date_gmt":"2019-01-19T15:07:44","guid":{"rendered":"https:\/\/zandegu.it\/?post_type=product&#038;p=23040"},"modified":"2021-04-15T10:07:55","modified_gmt":"2021-04-15T08:07:55","slug":"e-vissero-tutti-organizzati-e-felici","status":"publish","type":"product","link":"https:\/\/www.zandegu.it\/shop\/prodotto\/e-vissero-tutti-organizzati-e-felici\/","title":{"rendered":"E vissero tutti organizzati e felici"},"content":{"rendered":"<div class=\"page\" title=\"Page 7\">\n<div class=\"layoutArea\">\n<div class=\"column\">\n<div class=\"page\" title=\"Page 6\">\n<div class=\"layoutArea\">\n<div class=\"column\">\n<p>Sappiamo tutti quanto sia complicato, per un freelance ma non solo, districarsi tra la gestione dello spazio (ufficio, casa o coworking?), delle attivit\u00e0 (Trello o appunti scritti con il sangue?) e del tempo (lavorocasalavorofiglilavorolavorolavoro). Per queste ragioni, signore e signori, \u00e8 giunto il momento di fare ordine. Mettiti comodo, sono arrivate le Organizzatessen!<\/p>\n<h2>Un\u2019organizzazione da favola<\/h2>\n<p><em>E vissero tutti organizzati e felici. Strategie di semplificazione della vita, per lavorare meno e meglio\u00a0<\/em>\u00e8 un manuale molto pratico, che va dritto al punto. Tanti consigli, spremuti per te dall\u2019esperienza pluriennale delle fanciulle che compongono questo collettivo di Professional Organizers: Ale, Anna, Greta e Paola, sanno tutto quello che serve per accompagnarti nella gestione quotidiana del tuo lavoro e lo fanno con uno stile \u201csenza giri di parole\u201d. Nella loro carriera hanno aiutato clienti a liberarsi del superfluo, riorganizzato uffici e case, razionalizzato archivi cartacei e digitali e ora sono pronte a condividere con te tutte queste conoscenze, perch\u00e9 anche tu possa finalmente tirare il fiato e cominciare a goderti un po\u2019 di meritata tranquillit\u00e0.<\/p>\n<h2>Organizzatore fai da te? No <span style=\"text-decoration: line-through;\">Alpitour<\/span> Organizzatessen? Ahiahiahiahiahiahi<\/h2>\n<p>L\u2019ebook inizia con un\u2019introduzione dedicata a quanto sia difficile, ma necessario, uscire dalla tua routine quotidiana e superare le cattive abitudini (hai presente quando ti distrai dal lavoro per leggere le notifiche sul tuo smartphone e, senza nemmeno accorgertene, \u00e8 passata mezz\u2019ora? Ecco).<\/p>\n<p>Poi ecco una serie di strategie molto concrete per aiutarti a organizzare il tuo spazio fisico: dall\u2019ufficio, ai mobili, alla scrivania. Lavori in cucina? No problem! Nel libro trovi una soluzione anche per te!<\/p>\n<p>Inoltre, le autrici ti spiegano come gestire il flusso di lavoro, imparando a pianificare con attenzione scadenze e urgenze, evitando di procrastinare a oltranza e tenendo conto delle tue energie (se la mattina sei lento a partire, meglio non fissare quella consulenza fondamentale alle 8!). Non solo: nel manuale trovi anche super consigli per organizzare i tuoi pasti e il tuo armadio, perch\u00e9 questi piccoli elementi aiutano ad avere una giornata pi\u00f9 organizzata, produttiva e che fila liscia come l\u2019olio.<\/p>\n<h2>Organizzato e felice<\/h2>\n<p>Lo scopo di questo manuale non \u00e8 importi un tipo di organizzazione che non ti appartiene e che pu\u00f2 provocarti pi\u00f9 stress che altro. Con\u00a0<em>E vissero tutti organizzati e felici\u00a0<\/em>imparerai, infatti, un metodo pratico e concreto, per dare una struttura solida all\u2019organizzazione del tuo lavoro e un supporto alla tua routine quotidiana, adatto a te e al tuo stile di vita. Insomma, sarai tu, solo pi\u00f9 organizzato! L\u2019ebook contiene tanti consigli ed esercizi pratici, oltre a ben 13 file scaricabili dal sito Zandeg\u00f9 (infografiche, template, inventari, modelli, ecc.), che compongono un vero e proprio workbook, pensato per metterti subito al lavoro, senza scuse e senza procrastinare, sconfiggendo a tavolino il Mostro della paura, che ti induce a fare tutto di corsa e con l\u2019ansia.<\/p>\n<h2>A chi si rivolge?<\/h2>\n<p>Un manuale pensato per i freelance, che spesso si trovano a dover fare i conti con l\u2019autogestione totale del proprio lavoro e delle proprie vite. Un manuale utile anche per chi fa lavori pi\u00f9 strutturati (dipendenti, piccole aziende), perch\u00e9 il caos \u00e8 sempre in agguato ed \u00e8 pronto a colpire anche il pi\u00f9 attento dei top manager. L\u2019importante, \u00e8 volerci provare davvero!<\/p>\n<\/div>\n<\/div>\n<\/div>\n<\/div>\n<\/div>\n<\/div>\n","protected":false},"excerpt":{"rendered":"<div class=\"page\" title=\"Page 3\">\n<div class=\"layoutArea\">\n<div class=\"column\">\n<div class=\"page\" title=\"Page 3\">\n<div class=\"layoutArea\">\n<div class=\"column\">\n<div class=\"page\" title=\"Page 3\">\n<div class=\"layoutArea\">\n<div class=\"column\">\n<p>Strategie di semplificazione della vita, per lavorare meno e meglio<\/p>\n<\/div>\n<\/div>\n<\/div>\n<\/div>\n<\/div>\n<\/div>\n<\/div>\n<\/div>\n<\/div>\n","protected":false},"featured_media":23043,"comment_status":"closed","ping_status":"closed","template":"","meta":{"_acf_changed":false},"product_brand":[],"product_cat":[1082,959],"product_tag":[],"class_list":{"0":"post-23040","1":"product","2":"type-product","3":"status-publish","4":"has-post-thumbnail","6":"product_cat-libri","7":"product_cat-i-prof","8":"pa_formato-formato-epub","9":"pa_formato-formato-mobi","11":"first","12":"instock","13":"downloadable","14":"virtual","15":"purchasable","16":"product-type-simple"},"acf":[],"_links":{"self":[{"href":"https:\/\/www.zandegu.it\/shop\/wp-json\/wp\/v2\/product\/23040","targetHints":{"allow":["GET"]}}],"collection":[{"href":"https:\/\/www.zandegu.it\/shop\/wp-json\/wp\/v2\/product"}],"about":[{"href":"https:\/\/www.zandegu.it\/shop\/wp-json\/wp\/v2\/types\/product"}],"replies":[{"embeddable":true,"href":"https:\/\/www.zandegu.it\/shop\/wp-json\/wp\/v2\/comments?post=23040"}],"version-history":[{"count":0,"href":"https:\/\/www.zandegu.it\/shop\/wp-json\/wp\/v2\/product\/23040\/revisions"}],"wp:featuredmedia":[{"embeddable":true,"href":"https:\/\/www.zandegu.it\/shop\/wp-json\/wp\/v2\/media\/23043"}],"wp:attachment":[{"href":"https:\/\/www.zandegu.it\/shop\/wp-json\/wp\/v2\/media?parent=23040"}],"wp:term":[{"taxonomy":"product_brand","embeddable":true,"href":"https:\/\/www.zandegu.it\/shop\/wp-json\/wp\/v2\/product_brand?post=23040"},{"taxonomy":"product_cat","embeddable":true,"href":"https:\/\/www.zandegu.it\/shop\/wp-json\/wp\/v2\/product_cat?post=23040"},{"taxonomy":"product_tag","embeddable":true,"href":"https:\/\/www.zandegu.it\/shop\/wp-json\/wp\/v2\/product_tag?post=23040"}],"curies":[{"name":"wp","href":"https:\/\/api.w.org\/{rel}","templated":true}]}}