{"id":26287,"date":"2019-01-22T15:29:26","date_gmt":"2019-01-22T14:29:26","guid":{"rendered":"https:\/\/zandegu.it\/?post_type=product&#038;p=26287"},"modified":"2021-04-14T14:36:09","modified_gmt":"2021-04-14T12:36:09","slug":"strategicamente","status":"publish","type":"product","link":"https:\/\/www.zandegu.it\/shop\/prodotto\/strategicamente\/","title":{"rendered":"StrategicaMente"},"content":{"rendered":"<div class=\"page\" title=\"Page 7\">\n<div class=\"layoutArea\">\n<div class=\"column\">\n<div class=\"page\" title=\"Page 6\">\n<div class=\"layoutArea\">\n<div class=\"column\">\n<p>Magari a scacchi ti mangiavano subito la regina. Magari a Risiko dopo due lanci di dadi ti trovavi circondato dalle armate blu. Magari a poker ti scappava da ridere ogni volta che avevi una buona mano. Quello che voglio dire \u00e8 che non sei un drago della strategia e del sangue freddo. E da quando lavori in proprio, ti sei accorto che un minimo di aplomb ti servirebbe, per prendere le decisioni giuste, pianificare con lucidit\u00e0 e navigare sicuro nelle acque dell&#8217;imprevedibile.<\/p>\n<h2>Non giriamoci troppo intorno<\/h2>\n<p>Se sei freelance o hai una piccola ditta, la mentalit\u00e0 strategica \u00e8 qualcosa che ti tocca avere. Un po&#8217; come una maglia termica sei vai a sciare, la maschera sei fai immersioni, le ali glitterate se vai al Coachella.<\/p>\n<h2>E dire che gli avverbi di modo di solito non ci piacciono<\/h2>\n<p>Per capire cosa significa, come coltivarla e come allenarla abbiamo pensato a un manuale discorsivo, denso e divertente scritto dalla digital strategist Tamara Viola. Si chiama<em> StrategicaMente. <\/em><em>Pianificare, organizzare e agire nel lavoro con la mentalit\u00e0 strategica.<\/em><\/p>\n<p>All&#8217;interno del manuale si parla di pensiero creativo, di come trovare le idee e coltivarle &#8211; magari tramite un bel brainstorming o una mappa mentale che aiuta a focalizzare i concetti. Vedrai quali cose concrete puoi fare per non rimanere mai a corto di stimoli, per poi addentrarti nel magico mondo della pianificazione.<\/p>\n<h2>Obiettivi, strategia, esercizi<\/h2>\n<p>Tamara ti spiegher\u00e0 con parole empatiche e concrete (ci \u00e8 passata anche lei) come fissare degli obiettivi realizzabili, come trovare i goal giusti per te e come gestire il tuo tempo.<\/p>\n<p>Un intero capitolo \u00e8 dedicato alla strategia di comunicazione vera e propria: tutti sappiamo che dobbiamo averla, ma \u00e8 difficile capire perch\u00e9 serve e come possiamo concretamente fare per attuarla: ricerca, canali, contenuti.<\/p>\n<p>Il manuale \u00e8 molto appassionato e introspettivo ed \u00e8 anche un&#8217;ottima occasione per prendere di petto la terribile sindrome dell&#8217;impostore e farci i conti una volta per tutte. Inoltre, \u00e8 arricchito da esempi, esercizi e spunti per approfondire.<\/p>\n<h2>Punta sempre a Nord<\/h2>\n<p><em>StrategicaMente<\/em> \u00e8 caldo come una coperta di lana merinos, ti fa da cheerleader e ti motiva a non arrenderti alle prime difficolt\u00e0, a pensare prima di agire e a organizzarti meglio che puoi, per lavorare in modo professionale, preciso e spedito. Nessuna ricetta facile, ma un&#8217;iniezione di positivit\u00e0 per tutti quelli che &#8220;sono in proprio da anni, ma penso di aver perso la bussola&#8221;. Ecco, la bussola \u00e8 Tamara Viola.<\/p>\n<h2>A chi si rivolge?<\/h2>\n<p>L\u2019ebook \u00e8 perfetto per freelance, artigiani e piccole ditte che sono a un punto morto e sentono di non star andando in nessuna direzione precisa. Per chiunque abbia la consapevolezza che un piano e dell&#8217;organizzazione possano fare la differenza e ha intenzione di chiarirsi le idee sulla mentalit\u00e0 strategica per partire.<\/p>\n<\/div>\n<\/div>\n<\/div>\n<\/div>\n<\/div>\n<\/div>\n","protected":false},"excerpt":{"rendered":"<div class=\"page\" title=\"Page 3\">\n<div class=\"layoutArea\">\n<div class=\"column\">\n<div class=\"page\" title=\"Page 3\">\n<div class=\"layoutArea\">\n<div class=\"column\">\n<div class=\"page\" title=\"Page 3\">\n<div class=\"layoutArea\">\n<div class=\"column\">\n<p>Pianificare, organizzare e agire nel lavoro con la mentalit\u00e0 strategica<\/p>\n<\/div>\n<\/div>\n<\/div>\n<\/div>\n<\/div>\n<\/div>\n<\/div>\n<\/div>\n<\/div>\n","protected":false},"featured_media":26289,"comment_status":"closed","ping_status":"closed","template":"","meta":{"_acf_changed":false},"product_brand":[],"product_cat":[1082,959],"product_tag":[],"class_list":{"0":"post-26287","1":"product","2":"type-product","3":"status-publish","4":"has-post-thumbnail","6":"product_cat-libri","7":"product_cat-i-prof","8":"pa_formato-formato-epub","9":"pa_formato-formato-mobi","11":"first","12":"instock","13":"downloadable","14":"virtual","15":"purchasable","16":"product-type-simple"},"acf":[],"_links":{"self":[{"href":"https:\/\/www.zandegu.it\/shop\/wp-json\/wp\/v2\/product\/26287","targetHints":{"allow":["GET"]}}],"collection":[{"href":"https:\/\/www.zandegu.it\/shop\/wp-json\/wp\/v2\/product"}],"about":[{"href":"https:\/\/www.zandegu.it\/shop\/wp-json\/wp\/v2\/types\/product"}],"replies":[{"embeddable":true,"href":"https:\/\/www.zandegu.it\/shop\/wp-json\/wp\/v2\/comments?post=26287"}],"version-history":[{"count":0,"href":"https:\/\/www.zandegu.it\/shop\/wp-json\/wp\/v2\/product\/26287\/revisions"}],"wp:featuredmedia":[{"embeddable":true,"href":"https:\/\/www.zandegu.it\/shop\/wp-json\/wp\/v2\/media\/26289"}],"wp:attachment":[{"href":"https:\/\/www.zandegu.it\/shop\/wp-json\/wp\/v2\/media?parent=26287"}],"wp:term":[{"taxonomy":"product_brand","embeddable":true,"href":"https:\/\/www.zandegu.it\/shop\/wp-json\/wp\/v2\/product_brand?post=26287"},{"taxonomy":"product_cat","embeddable":true,"href":"https:\/\/www.zandegu.it\/shop\/wp-json\/wp\/v2\/product_cat?post=26287"},{"taxonomy":"product_tag","embeddable":true,"href":"https:\/\/www.zandegu.it\/shop\/wp-json\/wp\/v2\/product_tag?post=26287"}],"curies":[{"name":"wp","href":"https:\/\/api.w.org\/{rel}","templated":true}]}}