{"id":318629,"date":"2022-01-25T09:04:52","date_gmt":"2022-01-25T08:04:52","guid":{"rendered":"https:\/\/www.zandegu.it\/?post_type=product&#038;p=318629"},"modified":"2022-01-25T09:04:52","modified_gmt":"2022-01-25T08:04:52","slug":"artigiani-orgogliosi","status":"publish","type":"product","link":"https:\/\/www.zandegu.it\/shop\/prodotto\/artigiani-orgogliosi\/","title":{"rendered":"Artigiani orgogliosi. La progettazione strategica del prodotto dalla A alla Z"},"content":{"rendered":"<p>Sei un artigiano o un&#8217;artigiana e <strong>ami produrre oggetti con le tue mani e il tuo talento creativo<\/strong>.<\/p>\n<p>Sei consapevole che l&#8217;artigianato, anche se radicato nella tradizione, \u00e8 dinamico, in continua evoluzione. \u00c8 un mondo pieno di creativit\u00e0, sfumature, idee stravaganti, capacit\u00e0 di innovare cambiando le carte in tavola.<\/p>\n<p>Tu <strong>per\u00f2 ti senti legat* pi\u00f9 agli &#8220;antichi mestieri&#8221; che alla contemporaneit\u00e0 e fatichi a trasformare la tua passione in un lavoro vero e proprio<\/strong>, con cui pagarci le bollette. Questo perch\u00e9 <strong>ti mancano degli strumenti di gestione e organizzazione<\/strong> che potrebbero rendere pi\u00f9 strutturato il tuo lavoro. Cerchi dei consigli per riuscire a gestire meglio le varie fasi di lavoro, perch\u00e9 <strong>hai la sensazione di non riuscire a valutare con precisione i tuoi costi<\/strong> e, di conseguenza, i tuoi prezzi.<\/p>\n<p>Vuoi imparare a padroneggiare tutti gli aspetti di &#8220;processo&#8221;, dall&#8217;ideazione alla progettazione, dalla sperimentazione alla personalizzazione, per <strong>riportare al centro di tutto il valore del tempo e della tua esperienza e valorizzare finalmente al 100% il tuo prodotto<\/strong>. Altrimenti, rischi di produrre articoli fatti in fretta e furia e a prezzi sbagliati, danneggiando non solo la tua attivit\u00e0, ma indebolendo l\u2019intero settore.<\/p>\n<h2>Riportiamo il prodotto al centro<\/h2>\n<p>L\u2019autrice di questo ebook, Elisa Nava, conosce bene queste problematiche. \u00c8 stata lei stessa artigiana per pi\u00f9 di 10 anni, ha lavorato come agente di commercio e consulente aziendale e, negli ultimi anni, si \u00e8 concentrata proprio nell\u2019aiutare gli artigiani presenti e futuri a valorizzare la loro attivit\u00e0 o a trasformarla da hobby a lavoro.<\/p>\n<p><strong>Il suo ebook <em>Artigiani orgogliosi. La progettazione strategica del prodotto dalla A alla Z <\/em>vuole porre l\u2019accento su una cosa che sembra scontata: il PRODOTTO<\/strong>. S\u00ec, perch\u00e9 l\u2019artigianato non \u00e8 fatto solo di creativit\u00e0, tecnica, talento e tanta manualit\u00e0 (tutte cose che comunque sono essenziali!). Allo stesso modo, non \u00e8 sufficiente occuparsi solo di marketing e comunicazione. Prima della visibilit\u00e0 sui social, del piano editoriale, delle fotografie di prodotto perfette, delle Adv targhettizate, c\u2019\u00e8 altro.<\/p>\n<p>Ma che cosa \u00e8 questo \u201caltro\u201d? Non \u00e8 niente pi\u00f9 che il prodotto, ci\u00f2 <strong>nell\u2019artigianato fa davvero la differenza!<\/strong><\/p>\n<h2>Di cosa si occupa questo ebook<\/h2>\n<p>La realizzazione di un prodotto \u00e8 un processo complesso. Indipendentemente da ci\u00f2 che vuoi realizzare (siano candele profumate, vestiti, borse, ciotole o chiss\u00e0 che altro), <strong>se il tuo obiettivo \u00e8 uscire dal sottobosco dell\u2019hobbismo e riuscire a campare del tuo lavoro, devi darti un metodo<\/strong>. E questo ebook ti aiuta affrontando passo-passo tutti gli aspetti che portano dall\u2019idea al prodotto e in particolare:<\/p>\n<ul>\n<li><strong>l\u2019intuizione iniziale<\/strong>, la raccolta e la catalogazione delle idee, per capire come valutarle, quali tenere e quali scartare;<\/li>\n<li><strong>la progettazione e lo studio di prodotto<\/strong>: ideazione, valutazione, pianificazione, produzione;<\/li>\n<li><strong>l\u2019organizzazione del lavoro e degli spazi<\/strong>, dal laboratorio al tinello di casa propria;<\/li>\n<li><strong>le prove e le sperimentazioni<\/strong>, dal primo prototipo al prodotto finito;<\/li>\n<li><strong>le personalizzazioni<\/strong> (cosa sono questi benedetti pezzi unici?);<\/li>\n<li><strong>il calcolo del prezzo giusto<\/strong>, tenendo conto del valore della manodopera (e del tempo).<\/li>\n<\/ul>\n<p>Se quindi vuoi davvero valorizzare la tua attivit\u00e0 handmade, questo \u00e8 l\u2019ebook giusto per te, perch\u00e9 ti fornir\u00e0 competenze organizzative e gestionali davvero preziose.<\/p>\n<p>Con questo manuale, Elisa Nava ti aiuta a scrollare via la patina di marketing e nozioni troppo teoriche, che spesso non tengono conto del processo da cui nasce ci\u00f2 che vuoi vendere. <strong><em>Artigiani orgogliosi<\/em> vuole farti rivalutare il cuore del tuo lavoro, il prodotto, dandoti delle basi pi\u00f9 realistiche per raggiungere i tuoi obiettivi<\/strong>: quelle che riguardano la strategia e l\u2019organizzazione della produzione.<\/p>\n<h2>A chi si rivolge<\/h2>\n<p><em>Artigiani orgogliosi. La progettazione strategica del prodotto dalla A alla Z<\/em> <strong>si rivolge sia agli artigiani e alle artigiane alle prime armi, che vogliono fare il grande salto dall\u2019hobbismo alla professione; sia a chi non \u00e8 ancora partit* e vuole capire se l\u2019artigianato \u00e8 davvero la sua strada<\/strong>. Considerando la vastit\u00e0 e diversit\u00e0 delle pratiche artigianali, l\u2019ebook \u00e8 ricco di esempi concreti, adattabili, con un po\u2019 di fantasia e creativit\u00e0 interpretativa, a tutti gli ambiti dell\u2019handmade.<\/p>\n","protected":false},"excerpt":{"rendered":"<p>Tutto quello che serve per progettare da zero un prodotto artigianale.<\/p>\n","protected":false},"featured_media":318630,"comment_status":"closed","ping_status":"closed","template":"","meta":{"_acf_changed":false},"product_brand":[],"product_cat":[1082,959],"product_tag":[],"class_list":{"0":"post-318629","1":"product","2":"type-product","3":"status-publish","4":"has-post-thumbnail","6":"product_cat-libri","7":"product_cat-i-prof","9":"first","10":"instock","11":"downloadable","12":"virtual","13":"purchasable","14":"product-type-simple"},"acf":[],"_links":{"self":[{"href":"https:\/\/www.zandegu.it\/shop\/wp-json\/wp\/v2\/product\/318629","targetHints":{"allow":["GET"]}}],"collection":[{"href":"https:\/\/www.zandegu.it\/shop\/wp-json\/wp\/v2\/product"}],"about":[{"href":"https:\/\/www.zandegu.it\/shop\/wp-json\/wp\/v2\/types\/product"}],"replies":[{"embeddable":true,"href":"https:\/\/www.zandegu.it\/shop\/wp-json\/wp\/v2\/comments?post=318629"}],"version-history":[{"count":0,"href":"https:\/\/www.zandegu.it\/shop\/wp-json\/wp\/v2\/product\/318629\/revisions"}],"wp:featuredmedia":[{"embeddable":true,"href":"https:\/\/www.zandegu.it\/shop\/wp-json\/wp\/v2\/media\/318630"}],"wp:attachment":[{"href":"https:\/\/www.zandegu.it\/shop\/wp-json\/wp\/v2\/media?parent=318629"}],"wp:term":[{"taxonomy":"product_brand","embeddable":true,"href":"https:\/\/www.zandegu.it\/shop\/wp-json\/wp\/v2\/product_brand?post=318629"},{"taxonomy":"product_cat","embeddable":true,"href":"https:\/\/www.zandegu.it\/shop\/wp-json\/wp\/v2\/product_cat?post=318629"},{"taxonomy":"product_tag","embeddable":true,"href":"https:\/\/www.zandegu.it\/shop\/wp-json\/wp\/v2\/product_tag?post=318629"}],"curies":[{"name":"wp","href":"https:\/\/api.w.org\/{rel}","templated":true}]}}