{"id":319642,"date":"2022-05-31T08:31:23","date_gmt":"2022-05-31T06:31:23","guid":{"rendered":"https:\/\/www.zandegu.it\/?post_type=product&#038;p=319642"},"modified":"2024-09-16T16:53:12","modified_gmt":"2024-09-16T14:53:12","slug":"microcopy-mon-amour","status":"publish","type":"product","link":"https:\/\/www.zandegu.it\/shop\/prodotto\/microcopy-mon-amour\/","title":{"rendered":"Microcopy mon amour. Piccoli testi per fare grande la tua comunicazione"},"content":{"rendered":"<p><strong>Se da qualche tempo c\u2019\u00e8 qualcosa che non va nel tuo ecommerce, potrebbe essere necessario rivedere i tuoi microcopy<\/strong>.<\/p>\n<p>Gli e le utenti molto spesso non completano gli acquisti, il bounce rate delle tue pagine \u00e8 alto, i carrelli vengono riempiti e abbandonati. E quando arriva qualche acquisto, noti che i dati di fatturazione vengono inseriti in modo sbagliato, c\u2019\u00e8 sempre qualche informazione che manca e ti tocca ricontattare i e le clienti singolarmente.<\/p>\n<p>Certo, le ragioni di queste complicazioni potrebbero essere molte, ma <strong>spesso sono riconducibili a una scarsa cura nella cosiddetta UX<\/strong>, cio\u00e8 l\u2019esperienza dell\u2019utente durante la sua permanenza sul tuo sito, piattaforma, o app.<\/p>\n<p>La UX include molti aspetti che, partendo dai bisogni dell\u2019utente, si pongono l\u2019obiettivo di rendere la sua esperienza la migliore possibile. <strong>Un elemento fondamentale della UX sono i microcopy<\/strong>.<\/p>\n<h2>Microcopy: micro\u2026 che?<\/h2>\n<p>I microcopy, come dice il nome, sono piccoli testi che per\u00f2 possono fare una grande differenza. <strong>Sono poche parole selezionate, inserite nei form di iscrizione o nelle call to action, che hanno la funzione principale di accompagnare l\u2019utente <\/strong>verso l\u2019azione che hai in mente di fargli fare (acquistare, iscriversi alla tua newsletter, ecc.). Sono testi discreti che non urlano, ma sussurrano, persuadono e aiutano. Per questo vanno progettati bene.<\/p>\n<p>I microcopy sono opportunit\u00e0 da cogliere, sono dei piccoli semi che possono far sbocciare dei gran bei fiori. Detta in modo meno poetico: <strong>possono aiutarti a convertire<\/strong>. Certo, non lo fanno da soli, \u00e8 necessario che si accompagnino a un sito usabile, veloce, chiaro, ben indicizzato. Per\u00f2, se la cornice \u00e8 ben costruita, i microcopy possono essere la svolta finale.<\/p>\n<p>In <strong><em>Microcopy mon amour. Piccoli testi per fare grande la tua comunicazione<\/em><\/strong>, la copywriter <strong><a href=\"https:\/\/www.zandegu.it\/shop\/autori\/fabiola-noris\/\">Fabiola Noris<\/a> ti pone una domanda fondamentale: hai curato i tuoi piccoli testi come si deve?<\/strong><\/p>\n<h2>Cosa trovi in questo ebook?<\/h2>\n<p>La prima parte \u00e8 dedicata a <strong>riconoscere i microcopy e capirli meglio, conoscerne le origini<\/strong> e l\u2019importanza sempre maggiore che hanno assunto nel tempo. Non mancheranno esempi che hanno fatto la storia, da Airbnb a MailChimp, da WeTransfer a Medium, fino all\u2019<a href=\"https:\/\/www.veralab.it\/\" target=\"_blank\" rel=\"noopener\">Estetista Cinica<\/a>.<\/p>\n<p>Nella seconda parte, l\u2019ebook prende in considerazione <strong>alcuni dei microcopy pi\u00f9 utilizzati<\/strong>, che ti potranno tornare utili anche nella tua strategia di comunicazione. Il primo e pi\u00f9 importante \u00e8 il famigerato bottone che innesca le call to action. Scoprirai un sacco di alternative pi\u00f9 efficaci del classico <em>Clicca qui<\/em>. Oltre a questo, l\u2019autrice ti parler\u00e0 dei microcopy nei form della newsletter, nella pagina Contatti e anche nella famigerata pagina di errore 404.<\/p>\n<p>Nella terza parte si entrer\u00e0 in azione con <strong>alcuni consigli pratici per la scrittura dei microcopy per analizzarne gli aspetti principali<\/strong>. A quel punto, sar\u00e0 arrivato il tuo momento glorioso di scrivere i tuoi piccoli testi: accattivanti, efficaci e a prova di conversione.<strong>\u00a0<\/strong><\/p>\n<h2>A chi si rivolge<\/h2>\n<p><em><strong>Microcopy mon amour <\/strong><\/em>\u00e8 pensato per <strong>piccoli business, professionisti e freelance che vogliono dare una marcia in pi\u00f9 alla loro comunicazione<\/strong>, migliorando l\u2019esperienza che i loro utenti fanno utilizzando siti\/piattaforme\/app.<\/p>\n","protected":false},"excerpt":{"rendered":"<p>Scrivere microcopy pu\u00f2 far paura: contenuti cos\u00ec piccoli, ma cos\u00ec potenti. Una parola pu\u00f2 cambiare il destino di una pagina.<\/p>\n","protected":false},"featured_media":319756,"comment_status":"closed","ping_status":"closed","template":"","meta":{"_acf_changed":false},"product_brand":[],"product_cat":[1082,959],"product_tag":[],"class_list":{"0":"post-319642","1":"product","2":"type-product","3":"status-publish","4":"has-post-thumbnail","6":"product_cat-libri","7":"product_cat-i-prof","9":"first","10":"instock","11":"downloadable","12":"virtual","13":"purchasable","14":"product-type-simple"},"acf":[],"_links":{"self":[{"href":"https:\/\/www.zandegu.it\/shop\/wp-json\/wp\/v2\/product\/319642","targetHints":{"allow":["GET"]}}],"collection":[{"href":"https:\/\/www.zandegu.it\/shop\/wp-json\/wp\/v2\/product"}],"about":[{"href":"https:\/\/www.zandegu.it\/shop\/wp-json\/wp\/v2\/types\/product"}],"replies":[{"embeddable":true,"href":"https:\/\/www.zandegu.it\/shop\/wp-json\/wp\/v2\/comments?post=319642"}],"version-history":[{"count":0,"href":"https:\/\/www.zandegu.it\/shop\/wp-json\/wp\/v2\/product\/319642\/revisions"}],"wp:featuredmedia":[{"embeddable":true,"href":"https:\/\/www.zandegu.it\/shop\/wp-json\/wp\/v2\/media\/319756"}],"wp:attachment":[{"href":"https:\/\/www.zandegu.it\/shop\/wp-json\/wp\/v2\/media?parent=319642"}],"wp:term":[{"taxonomy":"product_brand","embeddable":true,"href":"https:\/\/www.zandegu.it\/shop\/wp-json\/wp\/v2\/product_brand?post=319642"},{"taxonomy":"product_cat","embeddable":true,"href":"https:\/\/www.zandegu.it\/shop\/wp-json\/wp\/v2\/product_cat?post=319642"},{"taxonomy":"product_tag","embeddable":true,"href":"https:\/\/www.zandegu.it\/shop\/wp-json\/wp\/v2\/product_tag?post=319642"}],"curies":[{"name":"wp","href":"https:\/\/api.w.org\/{rel}","templated":true}]}}