{"id":324436,"date":"2023-03-16T08:45:51","date_gmt":"2023-03-16T07:45:51","guid":{"rendered":"https:\/\/www.zandegu.it\/?post_type=product&#038;p=324436"},"modified":"2023-12-04T14:53:25","modified_gmt":"2023-12-04T13:53:25","slug":"rivoluziona-la-tua-vita-lavorativa","status":"publish","type":"product","link":"https:\/\/www.zandegu.it\/shop\/prodotto\/rivoluziona-la-tua-vita-lavorativa\/","title":{"rendered":"Rivoluziona la tua vita lavorativa. Come fare il grande passo verso un futuro migliore"},"content":{"rendered":"<p>Hai mai desiderato fare un cambiamento nella tua vita lavorativa, ma non sai da dove cominciare? Se la risposta \u00e8 s\u00ec, allora questo ebook \u00e8 per te.<\/p>\n<p>In <em>Rivoluziona la tua vita lavorativa. Come fare il grande passo verso un futuro migliore<\/em> troverai domande, risposte e spunti di riflessione per accompagnarti in un percorso di cambiamento, che \u00e8 anche l&#8217;unico modo per crescere, realizzare ci\u00f2 che sogni e diventare chi vuoi essere.<\/p>\n<p>L\u2019autrice \u00e8 la consulente di carriera <a href=\"https:\/\/www.fulviasilvestri.it\/\" target=\"_blank\" rel=\"noopener\">Fulvia Silvestri<\/a>, una persona che ha affrontato un grande cambiamento, scegliendo la via del lavoro autonomo dopo 20 anni da dipendente. Insomma, sa davvero di cosa parla.<\/p>\n<p>Te lo diciamo subito: il percorso non \u00e8 semplice e in questo ebook non troverai ricette miracolose. I nodi da sciogliere e i puntini da collegare, prima di iniziare a costruire un nuovo progetto professionale, sono moltissimi. E non importa se sogni un lavoro completamente nuovo, o se hai il semplice desiderio di ridefinire o di crescere nell\u2019ambito della tua attivit\u00e0 attuale. In entrambi i casi da qualche parte tocca iniziare, no?<\/p>\n<h2>Di cosa parla questo manuale<\/h2>\n<p>Questo ebook parla di cambiamento, ok, ma in concreto cosa ci trovi dentro? Trovi un percorso, composto da varie fasi:<\/p>\n<ul>\n<li>il riconoscimento della necessit\u00e0 di un cambiamento;<\/li>\n<li>l\u2019acquisizione della consapevolezza, che ti consente di evitare le decisioni impulsive;<\/li>\n<li>la messa a fuoco degli obiettivi, per superare la paura dell\u2019ignoto;<\/li>\n<li>il metodo e gli atteggiamenti giusti per affrontare il cambiamento;<\/li>\n<li>la motiv-azione, cio\u00e8 la volont\u00e0 di dirigersi verso un futuro in cui abbiamo la possibilit\u00e0 di avere un impatto sulla nostra vita e su quella degli altri.<\/li>\n<\/ul>\n<p>In questo manuale non mancano molte domande scomode che dovrai porti per capire in quale punto del percorso ti trovi e come affrontare i passaggi successivi. Troverai alcuni esercizi molto pratici, come la scrittura della tua &#8220;Dichiarazione di indipendenza&#8221; e l\u2019analisi di modelli di sviluppo personale, come il metodo V2MOM o quello SMARTER.<\/p>\n<h2>Per chi \u00e8 <em>Rivoluziona la tua vita lavorativa<\/em><\/h2>\n<p>Il libro di <a href=\"https:\/\/www.zandegu.it\/shop\/autori\/fulvia-silvestri\/\">Fulvia Silvestri<\/a> \u00e8 stato scritto per te che desideri diventare freelance, aprire la partita IVA ed entrare nel mondo della libera professione, ma hai tanti timori: i dubbi superano di gran lunga le idee e non sai proprio da dove cominciare.<\/p>\n<p>\u00c8 per te che sei gi\u00e0 freelance e vuoi cambiare o migliorare la tua situazione lavorativa, ottenere risultati diversi e vivere meglio.<\/p>\n<p>Questo ebook ti aiuter\u00e0 a credere nei benefici di un cambiamento, a rimetterti in gioco e a costruire una nuova identit\u00e0 professionale.<\/p>\n","protected":false},"excerpt":{"rendered":"<p>Non importa dove ti trovi nella tua vita lavorativa, ci sono sempre opportunit\u00e0 per cambiare e migliorare. Un manuale che ti aiuta a trovare la tua strada, verso la vita lavorativa che desideri.<\/p>\n","protected":false},"featured_media":324437,"comment_status":"closed","ping_status":"closed","template":"","meta":{"_acf_changed":false},"product_brand":[],"product_cat":[1082,959],"product_tag":[],"class_list":{"0":"post-324436","1":"product","2":"type-product","3":"status-publish","4":"has-post-thumbnail","6":"product_cat-libri","7":"product_cat-i-prof","9":"first","10":"instock","11":"downloadable","12":"virtual","13":"purchasable","14":"product-type-simple"},"acf":[],"_links":{"self":[{"href":"https:\/\/www.zandegu.it\/shop\/wp-json\/wp\/v2\/product\/324436","targetHints":{"allow":["GET"]}}],"collection":[{"href":"https:\/\/www.zandegu.it\/shop\/wp-json\/wp\/v2\/product"}],"about":[{"href":"https:\/\/www.zandegu.it\/shop\/wp-json\/wp\/v2\/types\/product"}],"replies":[{"embeddable":true,"href":"https:\/\/www.zandegu.it\/shop\/wp-json\/wp\/v2\/comments?post=324436"}],"version-history":[{"count":0,"href":"https:\/\/www.zandegu.it\/shop\/wp-json\/wp\/v2\/product\/324436\/revisions"}],"wp:featuredmedia":[{"embeddable":true,"href":"https:\/\/www.zandegu.it\/shop\/wp-json\/wp\/v2\/media\/324437"}],"wp:attachment":[{"href":"https:\/\/www.zandegu.it\/shop\/wp-json\/wp\/v2\/media?parent=324436"}],"wp:term":[{"taxonomy":"product_brand","embeddable":true,"href":"https:\/\/www.zandegu.it\/shop\/wp-json\/wp\/v2\/product_brand?post=324436"},{"taxonomy":"product_cat","embeddable":true,"href":"https:\/\/www.zandegu.it\/shop\/wp-json\/wp\/v2\/product_cat?post=324436"},{"taxonomy":"product_tag","embeddable":true,"href":"https:\/\/www.zandegu.it\/shop\/wp-json\/wp\/v2\/product_tag?post=324436"}],"curies":[{"name":"wp","href":"https:\/\/api.w.org\/{rel}","templated":true}]}}