{"id":325523,"date":"2023-06-27T15:21:17","date_gmt":"2023-06-27T13:21:17","guid":{"rendered":"https:\/\/www.zandegu.it\/?post_type=product&#038;p=325523"},"modified":"2024-04-30T15:28:59","modified_gmt":"2024-04-30T13:28:59","slug":"video-a-prova-di-timidi-e-timide","status":"publish","type":"product","link":"https:\/\/www.zandegu.it\/shop\/prodotto\/video-a-prova-di-timidi-e-timide\/","title":{"rendered":"Video a prova di timidi e timide"},"content":{"rendered":"<div class=\"is-root-container is-layout-flow wp-block-post-content block-editor-block-list__layout\" data-is-drop-zone=\"true\">\n<p><strong>Che imbarazzo imbarazzantissimo mostrarsi in video<\/strong>. Non sai cosa dire. Non sai dove posizionare la camera. Non sai come riprenderti perch\u00e9 non ti venga il triplo mento o il naso troppo schiacciato. Ti pare che ti si secchi la gola. \u00c8 tutto un campionato di &#8220;Eeeehhh, Ehm, cio\u00e8, ecco&#8230;&#8221;. Quando ti riguardi prima di postare, l&#8217;unico istinto che hai \u00e8 quello di schiacciare su Canc.<\/p>\n<p>Per\u00f2 diamine: i video vanno fortissimo e ormai pare che senza Reel o TikTok si resti un po&#8217; indietro.<\/p>\n<p>Se pensi di prendere a calci i tuoi timori in fatto di immagini in movimento e se <strong>credi che i video\u00a0 possano aiutare il tuo brand a farsi conoscere online<\/strong>, <strong><em>Video a prova di timidi e timide<\/em><\/strong> \u00e8 il corso che ti fa coraggio e ti d\u00e0 pure tante nozioni utili.\u00c8 tenuto da quel drago di <strong>Marialaura Gionfriddo<\/strong>, in arte <a href=\"https:\/\/www.instagram.com\/gion_snow\/\" target=\"_blank\" rel=\"noopener\">@gion_snow<\/a>, famosa online per i Reel divertenti ricchi di montaggi ed &#8220;effetti&#8221; particolari e unici.<\/p>\n<h2>A cosa serve questo corso<\/h2>\n<ul>\n<li>A dire addio alla timidezza che ti blocca: <strong>inizierai a girare i tuoi primi video<\/strong><\/li>\n<li>A <strong>imparare i primi rudimenti<\/strong> per inquadrarti, usare la luce e parlare davanti alla camera senza incespicare<\/li>\n<li>A darti <strong>una panoramica di come funziona il mondo dei Reel<\/strong> e i suoi trend<\/li>\n<\/ul>\n<h2 class=\"wp-block-heading\">Argomenti del corso<\/h2>\n<ul>\n<li>L&#8217;<strong>importanza del video per raccontarsi<\/strong>, comunicare al meglio la tua attivit\u00e0 e creare connessioni solide con il tuo pubblico<\/li>\n<li>Strumenti base per <strong>usare le luci<\/strong><\/li>\n<li>Come <strong>perfezionare l\u2019inquadratura<\/strong> del tuo video<\/li>\n<li>Il <strong>formato migliore da utilizzare<\/strong> per i video<\/li>\n<li>La <strong>distanza da adottare<\/strong> per mostrarti in camera<\/li>\n<li><strong>Parlare <\/strong>in camera <strong>senza perdere il filo del discorso<\/strong><\/li>\n<li>Cosa guardare quando ti riguardi in video<\/li>\n<li>Trasformare le imperfezioni della tua voce o del tuo accento in un punto di forza<\/li>\n<li><strong>Come funzionano e a cosa servono Reels e video per i social<\/strong><\/li>\n<li>Come sfruttare Reel e video per andare oltre i trend del momento<\/li>\n<\/ul>\n<h2>Com&#8217;\u00e8 fatto il corso<\/h2>\n<ul>\n<li>4 video lezioni<\/li>\n<li>Che puoi seguire dove e quando vuoi<\/li>\n<li>Il corso resta tuo per sempre<\/li>\n<li>Teoria senza fuffa<\/li>\n<li>Tanta pratica<\/li>\n<li>Risorse extra per approfondire<\/li>\n<li>L&#8217;esperienza di una docente, Marialaura Gionfriddo, che fa la video editor e content creator per professione<\/li>\n<li>Circa 25 minuti di lezione<\/li>\n<\/ul>\n<h2 class=\"wp-block-heading\">Fa per te?<\/h2>\n<ul>\n<li>Sei freelance\/professionista<\/li>\n<li>Hai un piccolo brand<\/li>\n<li>Sei una persona creativa<\/li>\n<li>Senti che la timidezza ti blocca<\/li>\n<li>Guardi tanti Reel ma non hai mai trovato il coraggio di lanciarti e girarne uno<\/li>\n<li>Hai gi\u00e0 girato dei Reel, ma i risultati non ti soddisfano e non li posti mai<\/li>\n<li>Pubblichi Reel, ma pensi che ci sia sempre margine per migliorare<\/li>\n<li>Segui @gion_snow su Instagram e vuoi imparare direttamente da una delle creator pi\u00f9 interessanti del momento<\/li>\n<li>Hai bisogno di consigli pratici per migliorare quando giri video<\/li>\n<li>Vuoi comunicare la tua attivit\u00e0 online e sui social in modo pi\u00f9 contemporaneo e creativo<\/li>\n<li>Vuoi un corso pratico<\/li>\n<li>Non hai tanto tempo da investire nella tua formazione e vuoi qualcosa che vada al sodo<\/li>\n<\/ul>\n<\/div>\n","protected":false},"excerpt":{"rendered":"<p>4 video lezioni per imparare a scioglierti quando giri video e Reel<\/p>\n","protected":false},"featured_media":331630,"comment_status":"closed","ping_status":"closed","template":"","meta":{"_acf_changed":false},"product_brand":[],"product_cat":[1142],"product_tag":[1154,1157],"class_list":{"0":"post-325523","1":"product","2":"type-product","3":"status-publish","4":"has-post-thumbnail","6":"product_cat-on-demand","7":"product_tag-corsiod","8":"product_tag-corsiodmore","10":"first","11":"instock","12":"virtual","13":"purchasable","14":"product-type-simple"},"acf":[],"_links":{"self":[{"href":"https:\/\/www.zandegu.it\/shop\/wp-json\/wp\/v2\/product\/325523","targetHints":{"allow":["GET"]}}],"collection":[{"href":"https:\/\/www.zandegu.it\/shop\/wp-json\/wp\/v2\/product"}],"about":[{"href":"https:\/\/www.zandegu.it\/shop\/wp-json\/wp\/v2\/types\/product"}],"replies":[{"embeddable":true,"href":"https:\/\/www.zandegu.it\/shop\/wp-json\/wp\/v2\/comments?post=325523"}],"version-history":[{"count":0,"href":"https:\/\/www.zandegu.it\/shop\/wp-json\/wp\/v2\/product\/325523\/revisions"}],"wp:featuredmedia":[{"embeddable":true,"href":"https:\/\/www.zandegu.it\/shop\/wp-json\/wp\/v2\/media\/331630"}],"wp:attachment":[{"href":"https:\/\/www.zandegu.it\/shop\/wp-json\/wp\/v2\/media?parent=325523"}],"wp:term":[{"taxonomy":"product_brand","embeddable":true,"href":"https:\/\/www.zandegu.it\/shop\/wp-json\/wp\/v2\/product_brand?post=325523"},{"taxonomy":"product_cat","embeddable":true,"href":"https:\/\/www.zandegu.it\/shop\/wp-json\/wp\/v2\/product_cat?post=325523"},{"taxonomy":"product_tag","embeddable":true,"href":"https:\/\/www.zandegu.it\/shop\/wp-json\/wp\/v2\/product_tag?post=325523"}],"curies":[{"name":"wp","href":"https:\/\/api.w.org\/{rel}","templated":true}]}}