{"id":325525,"date":"2023-06-27T17:10:13","date_gmt":"2023-06-27T15:10:13","guid":{"rendered":"https:\/\/www.zandegu.it\/?post_type=product&#038;p=325525"},"modified":"2024-04-30T15:28:08","modified_gmt":"2024-04-30T13:28:08","slug":"spese-per-la-comunicazione","status":"publish","type":"product","link":"https:\/\/www.zandegu.it\/shop\/prodotto\/spese-per-la-comunicazione\/","title":{"rendered":"Le spese per la comunicazione del tuo brand"},"content":{"rendered":"<div class=\"is-root-container is-layout-flow wp-block-post-content block-editor-block-list__layout\" data-is-drop-zone=\"true\">\n<p>Chi pi\u00f9 spende meno spende, diceva mia nonna. Chiss\u00e0 se \u00e8 vero quando si parla delle spese per la comunicazione del tuo brand.<\/p>\n<p>Come nella moda trovi la maglietta da due spicci che dura una stagione e il cappotto da migliaia di euro che indossi una vita intera, nel marketing \u00e8 uguale: <strong>dal cuggino alle mega agenzie pitonate, ci sono mille servizi, a mille prezzi diversi<\/strong>. Su cosa investire, quando e quanto aspettarsi di spendere? Puoi iniziare a farti un&#8217;idea nel corso <em>Le spese per la comunicazione del tuo brand<\/em> con <strong>Marianna Martino<\/strong>, la fondatrice di Zandeg\u00f9.<\/p>\n<p>Dopo anni di: &#8220;Marianna, <strong>ma pi\u00f9 o meno quanto mi costa un ecommerce? E se devo fare un logo mi parte un rene?<\/strong> Se si parla di testi per un sito, mi tocca risparmiare per 10 anni o \u00e8 una spesa fattibile?&#8221;, <strong>abbiamo raccolto le risposte alle domande dei nostri e delle nostre clienti in questo corso in 9 lezioni complete, approfondite e oneste<\/strong>.<\/p>\n<p>Sappiamo che ogni brand ha le sue esigenze, le sue priorit\u00e0 e il suo metro di giudizio su quello che considera un buon investimento o meno: il nostro corso non vuole essere LA guida assoluta e nemmeno una lista di consigli per le tue spese. Vuole essere un modo per farti <strong>capire quali opzioni hai, quanto costano di solito e avviare i primi ragionamenti<\/strong> cum grano salis sulle spese per la comunicazione del tuo brand.<\/p>\n<h2>A cosa serve questo corso<\/h2>\n<ul>\n<li>A rendersi conto con pi\u00f9<strong> consapevolezza e realismo <\/strong>del vero costo di queste attivit\u00e0<\/li>\n<li>Avere una <strong>panoramica delle voci di spesa legate alla comunicazione<\/strong> per capire da dove partire con gli investimenti<\/li>\n<li>A <strong>evitare di affidarsi a persone inesperte<\/strong> e perdere tempo e denaro<\/li>\n<li>Farsi un po\u2019 di cultura sulle varie attivit\u00e0 possibili nel marketing odierno<\/li>\n<li>Imparare a decidere se investire col proprio tempo, nella formazione o delegando a terzi<\/li>\n<\/ul>\n<h2>Argomenti del corso<\/h2>\n<ul>\n<li>Le spese di <strong>consulenza strategica<\/strong><\/li>\n<li><strong>Le spese tecnologiche<\/strong> e gli strumenti utili per la tua comunicazione online<\/li>\n<li>Le spese di <strong>visual branding<\/strong>, ovvero la tua immagine<\/li>\n<li>Le spese di <strong>verbal branding<\/strong>, ovvero le tue parole<\/li>\n<li>Le spese per <strong>foto e video<\/strong> ben fatti<\/li>\n<li>Quanto costa fare pubblicit\u00e0 online<\/li>\n<li>Le spese per le <strong>pubbliche relazioni<\/strong><\/li>\n<li>Le spese per l&#8217;influencer marketing<\/li>\n<li>Quanto costa far gestire la tua comunicazione a terzi<\/li>\n<\/ul>\n<p>&nbsp;<\/p>\n<p>Ricorda: gli investimenti elencati <strong>non sono proposte o suggerimenti<\/strong>. Non sono indispensabili per tutti i brand e non sono da fare tutti insieme.<\/p>\n<h2>Com&#8217;\u00e8 fatto il corso<\/h2>\n<ul>\n<li>9 video lezioni<\/li>\n<li>Che puoi seguire dove e quando vuoi<\/li>\n<li>Il corso resta tuo per sempre<\/li>\n<li>Teoria senza fuffa<\/li>\n<li>Tanta pratica<\/li>\n<li>Risorse extra per approfondire<\/li>\n<li>L&#8217;esperienza di una docente, Marianna Martino, che \u00e8 in proprio da 17 anni e lavora da 10 nella comunicazione<\/li>\n<li>Circa 60 minuti di lezione<\/li>\n<\/ul>\n<h2 class=\"wp-block-heading\">Fa per te?<\/h2>\n<ul>\n<li>Sei freelance\/professionista<\/li>\n<li>Hai un piccolo brand<\/li>\n<li>Sei agli inizi della tua attivit\u00e0 e hai capito che la comunicazione online \u00e8 importante<\/li>\n<li>Non hai idea di quante siano le attivit\u00e0 di comunicazione del tuo brand sulle quali potresti investire<\/li>\n<li>E di conseguenza non hai idea nemmeno di un range di costo<\/li>\n<li>Vorresti iniziare a farti un&#8217;idea sommaria, per capire &#8220;di che morte devi morire&#8221;<\/li>\n<li>Non conoscendo i costi medi, temi di affidarti a persone inesperte (leggi: cugggino) e perdere tempo e denaro<\/li>\n<li>Vuoi un corso pratico<\/li>\n<li>Non hai tanto tempo da investire nella tua formazione e vuoi qualcosa che vada al sodo<\/li>\n<\/ul>\n<\/div>\n","protected":false},"excerpt":{"rendered":"<p>9 video lezioni per capire quali opzioni hai, quanto costano di solito e avviare i primi ragionamenti\u00a0sulle spese per la comunicazione del tuo brand<\/p>\n","protected":false},"featured_media":331628,"comment_status":"closed","ping_status":"closed","template":"","meta":{"_acf_changed":false},"product_brand":[],"product_cat":[1142],"product_tag":[1154,1157],"class_list":{"0":"post-325525","1":"product","2":"type-product","3":"status-publish","4":"has-post-thumbnail","6":"product_cat-on-demand","7":"product_tag-corsiod","8":"product_tag-corsiodmore","10":"first","11":"instock","12":"virtual","13":"purchasable","14":"product-type-simple"},"acf":[],"_links":{"self":[{"href":"https:\/\/www.zandegu.it\/shop\/wp-json\/wp\/v2\/product\/325525","targetHints":{"allow":["GET"]}}],"collection":[{"href":"https:\/\/www.zandegu.it\/shop\/wp-json\/wp\/v2\/product"}],"about":[{"href":"https:\/\/www.zandegu.it\/shop\/wp-json\/wp\/v2\/types\/product"}],"replies":[{"embeddable":true,"href":"https:\/\/www.zandegu.it\/shop\/wp-json\/wp\/v2\/comments?post=325525"}],"version-history":[{"count":0,"href":"https:\/\/www.zandegu.it\/shop\/wp-json\/wp\/v2\/product\/325525\/revisions"}],"wp:featuredmedia":[{"embeddable":true,"href":"https:\/\/www.zandegu.it\/shop\/wp-json\/wp\/v2\/media\/331628"}],"wp:attachment":[{"href":"https:\/\/www.zandegu.it\/shop\/wp-json\/wp\/v2\/media?parent=325525"}],"wp:term":[{"taxonomy":"product_brand","embeddable":true,"href":"https:\/\/www.zandegu.it\/shop\/wp-json\/wp\/v2\/product_brand?post=325525"},{"taxonomy":"product_cat","embeddable":true,"href":"https:\/\/www.zandegu.it\/shop\/wp-json\/wp\/v2\/product_cat?post=325525"},{"taxonomy":"product_tag","embeddable":true,"href":"https:\/\/www.zandegu.it\/shop\/wp-json\/wp\/v2\/product_tag?post=325525"}],"curies":[{"name":"wp","href":"https:\/\/api.w.org\/{rel}","templated":true}]}}