{"id":327287,"date":"2023-10-12T08:38:26","date_gmt":"2023-10-12T06:38:26","guid":{"rendered":"https:\/\/www.zandegu.it\/?post_type=product&#038;p=327287"},"modified":"2024-09-16T16:51:27","modified_gmt":"2024-09-16T14:51:27","slug":"google-non-ti-temo-manuale-seo-copywriting","status":"publish","type":"product","link":"https:\/\/www.zandegu.it\/shop\/prodotto\/google-non-ti-temo-manuale-seo-copywriting\/","title":{"rendered":"Google non ti temo: il tuo manuale di SEO copywriting!"},"content":{"rendered":"<p>Pensa a quante volte, ogni giorno, ti capita di cercare (e trovare!) su Google delle risposte alle tue domande. Informazioni, intrattenimento, acquisti pi\u00f9 o meno mirati: tutto passa da l\u00ec, c\u2019\u00e8 poco da fare.<\/p>\n<p>Se sei un\u2019azienda o un* freelance, <b>non puoi quindi trascurare questo immenso flusso di informazioni<\/b> che scorre a un passo da te. Magari hai un ecommerce di abiti da cerimonia o di accessori tech. Come puoi far arrivare i tuoi prodotti al tuo pubblico? <b>Un testo scritto in ottica SEO \u00e8 uno degli strumenti per riuscirci<\/b> e per farlo devi imparare a usare a tuo vantaggio il SEO copywriting.<\/p>\n<p>E qui entra in gioco la bussola perfetta, che ti aiuta a trovare la direzione giusta per farti emergere nell\u2019oceano delle ricerche online: il manuale della SEO copywriter <a href=\"https:\/\/www.zandegu.it\/shop\/autori\/giancarla-zaino-marciano\/\" target=\"_blank\" rel=\"noopener\"><b>Giancarla Zaino Marciano<\/b><\/a> dal titolo <b><i>Google non ti temo. Posiziona il tuo brand online con il SEO copywriting<\/i><\/b>.<\/p>\n<h2>Cosa trovi in questo manuale?<\/h2>\n<p>Il manuale affronta questi aspetti principali:<\/p>\n<ul>\n<li>una disamina chiara di\u00a0<b>cosa sia il SEO copywriting<\/b>\u00a0e del suo ruolo cruciale per l\u2019indic<span style=\"color: #000000;\">izzazione <b>e il posizionamento<\/b> su Google;<\/span><\/li>\n<li aria-level=\"1\">le <b>6 fasi fondamentali del SEO copywriting<\/b>, con esercizi pratici, analisi approfondite e strategie concrete per definire obiettivi, progettare reader persona, selezionare temi, individuare competitor, studiare intenti di ricerca e keywords, e scrivere testi SEO-friendly;<\/li>\n<li aria-level=\"1\"><b>la social SEO<\/b>, con consigli pratici per ottimizzare profili, post, reel su Instagram, pins su Pinterest e video su TikTok.<\/li>\n<\/ul>\n<p>Per approfondire, Giancarla ha inserito nel manuale anche un\u2019utilissima \u201c<b>cassetta degli attrezzi<\/b>\u201d con una bella infornata di consigli su libri, newsletter, blog e canali YouTube da seguire e altri strumenti formativi e informativi completamente gratuiti. Infine, il manuale si chiude con <b>un pratico glossario<\/b> per chiarire i termini pi\u00f9 tecnici.<\/p>\n<h2>Perch\u00e9 il SEO copywriting \u00e8 cos\u00ec importante?<\/h2>\n<p>Giancarla aiuta ogni giorno i personal brand e le PMI a posizionarsi online con contenuti semplici, umani e usabili per i motori di ricerca e le persone.<\/p>\n<p>In questo ebook si mette nei panni di un imprenditore o di una imprenditrice con un business da comunicare online. Con il suo <b>stile impeccabile, chiaro e scorrevole<\/b>, ti svela le tecniche migliori di progettazione e scrittura. Tecniche utili per far arrivare i tuoi prodotti o i servizi al pubblico <a href=\"https:\/\/www.treccani.it\/vocabolario\/onlife_%28Neologismi%29\/\" target=\"_blank\" rel=\"noopener\"><i>onlife<\/i><\/a>, cio\u00e8 quello che interagisce continuamente tra la realt\u00e0 analogica e quella virtuale e interattiva.<\/p>\n<p><i>Google non ti temo<\/i> \u00e8 un <b>compagno indispensabile<\/b> per te che desideri navigare con destrezza nel mondo del SEO Copywriting e imparare a <b>progettare e scrivere contenuti per migliorare il posizionamento del tuo sito e\/o ecommerce<\/b> sui motori di ricerca (Google in primis). Dentro trovi anche esercizi, esempi pratici e consigli utili che ti guideranno passo passo in questo processo.<\/p>\n<h2>A chi si rivolge?<\/h2>\n<p><b><i>Google non ti temo. Posiziona il tuo brand online con il SEO copywriting<\/i><\/b> \u00e8 scritto per te che stai cercando un vero e proprio assistente SEO sempre al tuo fianco! Il manuale \u00e8 pensato <b>per imprenditori e imprenditrici, copywriter, content creator<\/b> e, in generale, per chiunque desideri un approccio pratico e diretto per creare e scrivere contenuti web irresistibili e SEO-friendly.<\/p>\n<p>Fare SEO copywriting non significa inserire noiose parole chiave in ogni riga del tuo testo: \u00e8 mente, cuore, strategia e progettazione dentro il tuo sito e i social.<\/p>\n<p>Fare SEO copywriting non \u00e8 nemmeno quel lavoro da nerd iper-specializzati che temi: anche se, ora come ora, pu\u00f2 sembrarti un processo complesso, vedrai che, grazie a questo ebook, <b>sar\u00e0 tutto cristallino<\/b>.<\/p>\n<p>Se sogni che le persone trovino il tuo brand cercando su Google, questo \u00e8 il primo passo da compiere <strong>per arrivare tra i primi risultati<\/strong>.<\/p>\n","protected":false},"excerpt":{"rendered":"<p><i>Google non ti temo<\/i> \u00e8 un compagno indispensabile per navigare con destrezza nel mondo del SEO Copywriting e imparare a progettare e scrivere contenuti per migliorare il posizionamento del tuo sito e\/o ecommerce sui motori di ricerca (Google in primis).<\/p>\n","protected":false},"featured_media":327305,"comment_status":"closed","ping_status":"closed","template":"","meta":{"_acf_changed":false},"product_brand":[],"product_cat":[1082,959],"product_tag":[1150],"class_list":{"0":"post-327287","1":"product","2":"type-product","3":"status-publish","4":"has-post-thumbnail","6":"product_cat-libri","7":"product_cat-i-prof","8":"product_tag-ebookhome","10":"first","11":"instock","12":"downloadable","13":"virtual","14":"purchasable","15":"product-type-simple"},"acf":[],"_links":{"self":[{"href":"https:\/\/www.zandegu.it\/shop\/wp-json\/wp\/v2\/product\/327287","targetHints":{"allow":["GET"]}}],"collection":[{"href":"https:\/\/www.zandegu.it\/shop\/wp-json\/wp\/v2\/product"}],"about":[{"href":"https:\/\/www.zandegu.it\/shop\/wp-json\/wp\/v2\/types\/product"}],"replies":[{"embeddable":true,"href":"https:\/\/www.zandegu.it\/shop\/wp-json\/wp\/v2\/comments?post=327287"}],"version-history":[{"count":0,"href":"https:\/\/www.zandegu.it\/shop\/wp-json\/wp\/v2\/product\/327287\/revisions"}],"wp:featuredmedia":[{"embeddable":true,"href":"https:\/\/www.zandegu.it\/shop\/wp-json\/wp\/v2\/media\/327305"}],"wp:attachment":[{"href":"https:\/\/www.zandegu.it\/shop\/wp-json\/wp\/v2\/media?parent=327287"}],"wp:term":[{"taxonomy":"product_brand","embeddable":true,"href":"https:\/\/www.zandegu.it\/shop\/wp-json\/wp\/v2\/product_brand?post=327287"},{"taxonomy":"product_cat","embeddable":true,"href":"https:\/\/www.zandegu.it\/shop\/wp-json\/wp\/v2\/product_cat?post=327287"},{"taxonomy":"product_tag","embeddable":true,"href":"https:\/\/www.zandegu.it\/shop\/wp-json\/wp\/v2\/product_tag?post=327287"}],"curies":[{"name":"wp","href":"https:\/\/api.w.org\/{rel}","templated":true}]}}