{"id":327510,"date":"2023-10-24T09:38:22","date_gmt":"2023-10-24T07:38:22","guid":{"rendered":"https:\/\/www.zandegu.it\/?post_type=product&#038;p=327510"},"modified":"2024-04-30T15:23:38","modified_gmt":"2024-04-30T13:23:38","slug":"il-naming-scegli-il-nome-giusto","status":"publish","type":"product","link":"https:\/\/www.zandegu.it\/shop\/prodotto\/il-naming-scegli-il-nome-giusto\/","title":{"rendered":"Il naming: scegli il nome giusto per il tuo brand"},"content":{"rendered":"<p><em>Hi, my name is (what?)<\/em>:\u00a0 cos\u00ec cantava Eminem in uno dei suoi brani pi\u00f9 celebri. Pop star o meno, il nome ci serve per presentarci. Come persone, ovviamente, ma anche come brand. <strong>Senza un nome, la nostra attivit\u00e0 semplicemente non esiste<\/strong>. Come fare a trovare quello giusto, allora?<\/p>\n<p><strong>Il processo di scelta del nome di un brand si chiama naming<\/strong>, ed \u00e8 un percorso complesso fatto di tappe da seguire, di <strong>creativit\u00e0<\/strong> da sprigionare, ma anche di <strong>competenze di marketing<\/strong>, di copywriting e di <strong>copyright<\/strong> (non solo l&#8217;arte di scrivere bene, ma anche un po&#8217; di basi di diritto d&#8217;autore). Tutto questo per trovare il nome unico, identitario e rappresentativo della tua marca.<\/p>\n<p>Ad accompagnarti in questo viaggio di definizione del nome di un brand, con tantissimi esempi per riflettere insieme, sar\u00e0 il <strong>copywriter e content creator <a href=\"https:\/\/www.zandegu.it\/shop\/autori\/mario-fassio\/\" target=\"_blank\" rel=\"noreferrer noopener\">Mario Fassio<\/a><\/strong>, che con il suo network di comunicazione <em><a href=\"https:\/\/www.semplicecomunicazione.it\/\" target=\"_blank\" rel=\"noreferrer noopener\">Semplice!<\/a><\/em> si occupa proprio di naming per tanti clienti.<\/p>\n<h2 class=\"wp-block-heading\">A cosa serve questo corso<\/h2>\n<ul>\n<li>A comprendere le <strong>diverse tipologie di nomi<\/strong> che hai a disposizione per trovare quello giusto per il tuo brand.<\/li>\n<li>A seguire <strong>regole e criteri di scelta<\/strong> nel lungo processo di naming che vanno oltre la creativit\u00e0 &#8211; quella, da sola, non basta!<\/li>\n<li>Ad avere <strong>tanti esempi e<\/strong>\u00a0<strong>consigli<\/strong> su come deve essere, in generale, il nome di un brand e <strong>un esercizio pratico<\/strong> per metterti alla prova.<\/li>\n<\/ul>\n<h2 class=\"wp-block-heading\">Argomenti del corso<\/h2>\n<ul>\n<li>Cos&#8217;\u00e8 il <strong>naming<\/strong>, il processo di scelta del nome di un brand.<\/li>\n<li>Perch\u00e9 \u00e8 il <strong>primo tassello dell&#8217;identit\u00e0 e definizione di un brand<\/strong>, ancora prima di logo e immagine coordinata.<\/li>\n<li>Quali<strong> diverse tipologie di nomi<\/strong> esistono (evocativi, descrittivi, di fantasia, ecc.).<\/li>\n<li>Quali sono le<strong> fasi principali del processo<\/strong> di naming e di quali competenze hai bisogno.<\/li>\n<li><strong>Tanti esempi<\/strong> di nomi di grandi e piccole aziende.<\/li>\n<li><strong>Un esercizio<\/strong> per metterti alla prova e trovare il nome di un brand.<\/li>\n<li><strong>Tanti consigli<\/strong> su come deve essere (e soprattutto NON deve essere) il nome del tuo brand.<\/li>\n<li>Che cos&#8217;\u00e8 il <strong>payoff<\/strong> e come si coniuga al naming.<\/li>\n<\/ul>\n<h2>Com&#8217;\u00e8 fatto il corso<\/h2>\n<ul>\n<li>5 video lezioni<\/li>\n<li>Che puoi seguire dove e quando vuoi<\/li>\n<li>Il corso resta tuo per sempre<\/li>\n<li>Teoria senza fuffa<\/li>\n<li>Tanta pratica<\/li>\n<li>Risorse extra per approfondire<\/li>\n<li>L&#8217;esperienza di un docente, Mario Fassio, copywriter e content creator<\/li>\n<li>Circa 32 minuti di lezione<\/li>\n<\/ul>\n<h2 class=\"wp-block-heading\">Fa per te?<\/h2>\n<ul>\n<li>Sei freelance\/professionista.<\/li>\n<li>Hai un piccolo brand o <strong>ti stai mettendo in gioco professionalmente<\/strong>.<\/li>\n<li>Non hai ancora dato il <strong>nome alla tua attivit\u00e0<\/strong> o hai intenzione di cambiarlo.<\/li>\n<li>Vuoi capire <strong>come funziona il processo di naming<\/strong> e quali errori evitare nella scelta del nome di un brand.<\/li>\n<li>Vuoi un <strong>corso pratico<\/strong> ricco di esempi chiari.<\/li>\n<\/ul>\n","protected":false},"excerpt":{"rendered":"<p>5 lezioni per scoprire le varie fasi del processo di naming e dare il nome giusto alla tua marca, con tanti esempi, consigli ed esercizi<\/p>\n","protected":false},"featured_media":331620,"comment_status":"closed","ping_status":"closed","template":"","meta":{"_acf_changed":false},"product_brand":[],"product_cat":[1142],"product_tag":[1154,1156],"class_list":{"0":"post-327510","1":"product","2":"type-product","3":"status-publish","4":"has-post-thumbnail","6":"product_cat-on-demand","7":"product_tag-corsiod","8":"product_tag-corsiodhome","10":"first","11":"instock","12":"virtual","13":"purchasable","14":"product-type-simple"},"acf":[],"_links":{"self":[{"href":"https:\/\/www.zandegu.it\/shop\/wp-json\/wp\/v2\/product\/327510","targetHints":{"allow":["GET"]}}],"collection":[{"href":"https:\/\/www.zandegu.it\/shop\/wp-json\/wp\/v2\/product"}],"about":[{"href":"https:\/\/www.zandegu.it\/shop\/wp-json\/wp\/v2\/types\/product"}],"replies":[{"embeddable":true,"href":"https:\/\/www.zandegu.it\/shop\/wp-json\/wp\/v2\/comments?post=327510"}],"version-history":[{"count":0,"href":"https:\/\/www.zandegu.it\/shop\/wp-json\/wp\/v2\/product\/327510\/revisions"}],"wp:featuredmedia":[{"embeddable":true,"href":"https:\/\/www.zandegu.it\/shop\/wp-json\/wp\/v2\/media\/331620"}],"wp:attachment":[{"href":"https:\/\/www.zandegu.it\/shop\/wp-json\/wp\/v2\/media?parent=327510"}],"wp:term":[{"taxonomy":"product_brand","embeddable":true,"href":"https:\/\/www.zandegu.it\/shop\/wp-json\/wp\/v2\/product_brand?post=327510"},{"taxonomy":"product_cat","embeddable":true,"href":"https:\/\/www.zandegu.it\/shop\/wp-json\/wp\/v2\/product_cat?post=327510"},{"taxonomy":"product_tag","embeddable":true,"href":"https:\/\/www.zandegu.it\/shop\/wp-json\/wp\/v2\/product_tag?post=327510"}],"curies":[{"name":"wp","href":"https:\/\/api.w.org\/{rel}","templated":true}]}}