{"id":328059,"date":"2023-12-01T17:42:41","date_gmt":"2023-12-01T16:42:41","guid":{"rendered":"https:\/\/www.zandegu.it\/?post_type=product&#038;p=328059"},"modified":"2023-12-04T14:46:00","modified_gmt":"2023-12-04T13:46:00","slug":"plan-your-brand","status":"publish","type":"product","link":"https:\/\/www.zandegu.it\/shop\/prodotto\/plan-your-brand\/","title":{"rendered":"Plan your brand"},"content":{"rendered":"<p>Poco da fare: il tuo <strong>tallone d&#8217;Achille<\/strong> \u00e8 metterti l\u00ec con serenit\u00e0 a <strong>progettare i primi passi<\/strong> (o i secondi, o i terzi) del tuo brand. Ah, per non parlare di un altro tasto dolente: <strong>programmare impegni, giornate, contenuti<\/strong>. Ops, c&#8217;\u00e8 anche il monitoraggio dei dati: chi l&#8217;ha mai fatto?<\/p>\n<p>Ok, ti capiamo: questi lavori, che potremmo definire da &#8220;massaia presso te stess*&#8221;, non ti garbano tanto. Il problema \u00e8 che sono proprio come i piatti sporchi nell&#8217;acquaio: a un certo punto vanno lavati.<\/p>\n<p>Se con un ebook non riusciamo a infonderti le skill di Marie Kondo o la visione strategica di Steve Jobs, possiamo per\u00f2 darti degli <strong>strumenti per supportarti e fare meno fatica<\/strong>.<\/p>\n<p>Ed con questo intento che nasce <strong><em>Plan your brand<\/em><\/strong>, un kit di <strong>oltre 30 planner, canvas e template<\/strong> per dare una scossa al tuo brand.<\/p>\n<h2>Com&#8217;\u00e8 fatto Plan your brand?<\/h2>\n<p><em>Plan your brand<\/em> \u00e8:<\/p>\n<ul>\n<li>una <strong>raccolta di planner, canvas, to do list e template in pdf<\/strong>;<\/li>\n<li>in <strong>formato A4<\/strong>;<\/li>\n<li>che <strong>puoi stampare oppure compilare<\/strong> direttamente da pc;<\/li>\n<li>perfetta per essere stampata con la stampante di casa <strong>senza sprechi di colore <\/strong>o direttamente in bianco e nero;<\/li>\n<li>con margini abbastanza ampi per farci dei buchi e inserire i fogli in un quaderno ad anelli (se vuoi).<\/li>\n<\/ul>\n<h2>Cosa trovi in Plan your brand?<\/h2>\n<ol>\n<li><span style=\"font-weight: 400;\">Daily planner<\/span><\/li>\n<li><span style=\"font-weight: 400;\">Daily task<\/span><\/li>\n<li><span style=\"font-weight: 400;\">Weekly planner<\/span><\/li>\n<li><span style=\"font-weight: 400;\">Weekly task<\/span><\/li>\n<li><span style=\"font-weight: 400;\">Monthly planner<\/span><\/li>\n<li><span style=\"font-weight: 400;\">Monthly task<\/span><\/li>\n<li><span style=\"font-weight: 400;\">Task dell&#8217;anno<\/span><\/li>\n<li>Calendario 2024<\/li>\n<li><span style=\"font-weight: 400;\">Calendario marketing 2024 con le principali ricorrenze marketing da usare per i tuoi contenuti<\/span><\/li>\n<li><span style=\"font-weight: 400;\">Social media planner<\/span><\/li>\n<li><span style=\"font-weight: 400;\">Social media repurpose planner<\/span><\/li>\n<li><span style=\"font-weight: 400;\">Social media stats<\/span><\/li>\n<li><span style=\"font-weight: 400;\">To do list (in vari formati, anche bullet point)<\/span><\/li>\n<li><span style=\"font-weight: 400;\">User persona canvas<\/span><\/li>\n<li>Mappa dell&#8217;empatia<\/li>\n<li><span style=\"font-weight: 400;\">Analisi SWOT dei competitor<\/span><\/li>\n<li><span style=\"font-weight: 400;\">Matrice Eisenhower<\/span><\/li>\n<li><span style=\"font-weight: 400;\">Vision board<\/span><\/li>\n<li><span style=\"font-weight: 400;\">Branding planner<\/span><\/li>\n<li><span style=\"font-weight: 400;\">Branding: domande chiave di check-up<\/span><\/li>\n<li><span style=\"font-weight: 400;\">Branding: parole cardine<\/span><\/li>\n<li><span style=\"font-weight: 400;\">Golden circle<\/span><\/li>\n<li><span style=\"font-weight: 400;\">Mission canvas<\/span><\/li>\n<li><span style=\"font-weight: 400;\">Vision canvas<\/span><\/li>\n<li><span style=\"font-weight: 400;\">Valori del brand<\/span><\/li>\n<li><span style=\"font-weight: 400;\">Colori e font<\/span><\/li>\n<li><span style=\"font-weight: 400;\">Tone of voice<\/span><\/li>\n<li><span style=\"font-weight: 400;\">Brand storytelling<\/span><\/li>\n<li><span style=\"font-weight: 400;\">Obiettivi di brand<\/span><\/li>\n<li>Archetipi di brand<\/li>\n<\/ol>\n<p>&nbsp;<\/p>\n<h2>Cosa ti porti a casa con Plan your brand?<\/h2>\n<p>In un unico posto <strong>trovi tutti gli strumenti che, in tanti anni, hai visto in giro per il web<\/strong>: noi di Zandeg\u00f9 abbiamo scelto i pi\u00f9 importanti, secondo noi, e li abbiamo raccolti insieme, in modo da renderti la vita pi\u00f9 facile.<\/p>\n<p>Grazie a <em>Plan your brand<\/em> <strong>puoi tenere sott&#8217;occhio gli impegni<\/strong> del giorno, del mese o dell&#8217;anno. <strong>Puoi pianificare un primo colpo d&#8217;occhio per i contenuti dei tuoi canali di comunicazione, puoi interrogarti in modo pratico su tante questioni cruciali<\/strong>, come il tuo target e la personalit\u00e0 del tuo brand.<\/p>\n<p>Crediamo molto che <strong>scrivere, ancora meglio se a mano, aiuti a fissare i concetti e gli obiettivi<\/strong> e a non scordarseli al momento opportuno.<\/p>\n<p><em>Plan your brand<\/em> fa questo: \u00e8 il tuo grillo parlante, in comodo formato pdf!<\/p>\n<h2>E c&#8217;\u00e8 anche Shake your brand<\/h2>\n<p><em>Plan your brand<\/em> ha un nome familiare? Eh certo! \u00c8 il fratellino di <a href=\"https:\/\/www.zandegu.it\/shop\/prodotto\/shake-your-brand\/\" target=\"_blank\" rel=\"noopener\"><strong><i>Shake your brand<\/i><\/strong><\/a>, l&#8217;eserciziario di Zandeg\u00f9 pensato per le piccole attivit\u00e0 che vogliono dare una scossa al loro brand. Contiene <strong>365 attivit\u00e0 incredibilmente pratiche<\/strong>, esercizi e riflessioni sulla comunicazione online.\u00a0<strong>Una al giorno<\/strong>, per un anno intero,\u00a0<strong>per stimolare l\u2019azione concreta, la pianificazione, il pensiero strategico<\/strong>\u00a0e quello creativo.<\/p>\n<p>Puoi acquistare <em>Shake your brand<\/em> insieme a <em>Plan your brand<\/em> per una <strong>spinta completa al tuo brand<\/strong>.<\/p>\n<h2>A chi si rivolge Plan you brand?<\/h2>\n<p>Questo kit di planner \u00e8 pensato per:<\/p>\n<ul>\n<li aria-level=\"1\">freelance;<\/li>\n<li aria-level=\"1\">professionisti\/e;<\/li>\n<li aria-level=\"1\">microimprese;<\/li>\n<li aria-level=\"1\">artigiani\/e;<\/li>\n<li aria-level=\"1\">PMI.<\/li>\n<\/ul>\n<p>La mia idea \u00e8 quella di essere utile soprattutto\u00a0<strong>a chi fatica a organizzarsi, ha bisogno di un confronto <\/strong>ma lavora da sol*. Grazie a questi strumenti, pu\u00f2 fare dei piccoli ma significativi passi avanti.<\/p>\n","protected":false},"excerpt":{"rendered":"<p>Pianifica in modo concreto il tuo brand con oltre 30 planner, canvas ed esercizi<\/p>\n","protected":false},"featured_media":328072,"comment_status":"closed","ping_status":"closed","template":"","meta":{"_acf_changed":false},"product_brand":[],"product_cat":[1082,959],"product_tag":[1149],"class_list":{"0":"post-328059","1":"product","2":"type-product","3":"status-publish","4":"has-post-thumbnail","6":"product_cat-libri","7":"product_cat-i-prof","8":"product_tag-ebooknew","10":"first","11":"instock","12":"downloadable","13":"virtual","14":"purchasable","15":"product-type-simple"},"acf":[],"_links":{"self":[{"href":"https:\/\/www.zandegu.it\/shop\/wp-json\/wp\/v2\/product\/328059","targetHints":{"allow":["GET"]}}],"collection":[{"href":"https:\/\/www.zandegu.it\/shop\/wp-json\/wp\/v2\/product"}],"about":[{"href":"https:\/\/www.zandegu.it\/shop\/wp-json\/wp\/v2\/types\/product"}],"replies":[{"embeddable":true,"href":"https:\/\/www.zandegu.it\/shop\/wp-json\/wp\/v2\/comments?post=328059"}],"version-history":[{"count":0,"href":"https:\/\/www.zandegu.it\/shop\/wp-json\/wp\/v2\/product\/328059\/revisions"}],"wp:featuredmedia":[{"embeddable":true,"href":"https:\/\/www.zandegu.it\/shop\/wp-json\/wp\/v2\/media\/328072"}],"wp:attachment":[{"href":"https:\/\/www.zandegu.it\/shop\/wp-json\/wp\/v2\/media?parent=328059"}],"wp:term":[{"taxonomy":"product_brand","embeddable":true,"href":"https:\/\/www.zandegu.it\/shop\/wp-json\/wp\/v2\/product_brand?post=328059"},{"taxonomy":"product_cat","embeddable":true,"href":"https:\/\/www.zandegu.it\/shop\/wp-json\/wp\/v2\/product_cat?post=328059"},{"taxonomy":"product_tag","embeddable":true,"href":"https:\/\/www.zandegu.it\/shop\/wp-json\/wp\/v2\/product_tag?post=328059"}],"curies":[{"name":"wp","href":"https:\/\/api.w.org\/{rel}","templated":true}]}}