{"id":328688,"date":"2024-04-08T10:47:40","date_gmt":"2024-04-08T08:47:40","guid":{"rendered":"https:\/\/www.zandegu.it\/?post_type=product&#038;p=328688"},"modified":"2024-05-27T09:19:03","modified_gmt":"2024-05-27T07:19:03","slug":"la-comunicazione-inclusiva","status":"publish","type":"product","link":"https:\/\/www.zandegu.it\/shop\/prodotto\/la-comunicazione-inclusiva\/","title":{"rendered":"La comunicazione inclusiva"},"content":{"rendered":"<p>Adottare una comunicazione inclusiva significa <strong>evitare stereotipi e pregiudizi<\/strong> e valorizzare le persone per ci\u00f2 che sono, a prescindere da genere, orientamento sessuale, cultura, religione, canoni estetici, disabilit\u00e0.<\/p>\n<p>L&#8217;inclusivit\u00e0 \u00e8 fondamentale in contesti sociali, lavorativi, educativi e in tutti gli ambiti della vita in cui le persone interagiscono tra loro. Ma <strong>per promuovere l&#8217;equit\u00e0 e il rispetto reciproco sono necessarie molte considerazioni sul linguaggio<\/strong>. Anche la comunicazione del tuo brand, pu\u00f2 (anzi, deve!) essere inclusiva: \u00e8 bene impostare una strategia di comunicazione, scrivere un post, un articolo, una sales page e molto altro ancora con consapevolezza.<\/p>\n<p>\u00c8 giunto il tempo di salutare definitivamente la cultura patriarcale e di <strong>abbandonare quelle forme di comunicazione arcaiche ed escludenti<\/strong>. Ed \u00e8 giusto farlo anche quando sembra difficilissimo cambiare abitudini comunicative e linguistiche. Sto parlando di u, asterischi e <a href=\"https:\/\/www.ilpost.it\/2020\/08\/28\/schwa\/\" target=\"_blank\" rel=\"noopener\">schwa<\/a>, ma non solo, perch\u00e9 la riflessione da fare sul tema \u00e8 molto pi\u00f9 ampia.<\/p>\n<p>Per fare luce su questa tematica complessa, chi meglio dell&#8217;autrice <a href=\"https:\/\/www.zandegu.it\/shop\/autori\/giulia-muscatelli\/\">Giulia Muscatelli<\/a>, che da anni si occupa di femminismo e tematiche sociali legate alla comunicazione?<\/p>\n<p>Le 5 lezioni del corso on demand <em>La comunicazione inclusiva<\/em> hanno un <strong>focus specifico sul genere femminile<\/strong>, ma faranno chiarezza su alcuni elementi cruciali generali, come ad esempio la definizione di stereotipo nella comunicazione.<\/p>\n<h2 class=\"wp-block-heading\">A cosa serve il corso La comunicazione inclusiva?<\/h2>\n<ul>\n<li>A comprendere i <strong>progressi culturali degli ultimi decenni<\/strong> e l&#8217;importanza di adattare la propria comunicazione al cambiamento.<\/li>\n<li>A esplorare <strong>punti di vista diversi<\/strong>, per abbandonare gli stereotipi sociali, culturali e di genere.<\/li>\n<li>A farti capire come la <strong>rappresentazione della donna nella comunicazione<\/strong> sia ancora oggi piuttosto problematica.<\/li>\n<li>Ad avere <strong>tanti esempi e<\/strong>\u00a0<strong>consigli<\/strong> sul linguaggio scritto da utilizzare per una comunicazione pi\u00f9 inclusiva.<\/li>\n<\/ul>\n<h2>Argomenti del corso La comunicazione inclusiva<\/h2>\n<ul>\n<li>Cosa si intende per comunicazione inclusiva e <strong>come adottarla<\/strong>.<\/li>\n<li>Perch\u00e9<strong> non \u00e8 solo un atto politico, ma anche una strategia efficace<\/strong> per mostrarsi al mondo come brand professionisti.<\/li>\n<li>Quali sono i <strong>modelli errati<\/strong>, che escludono o oggettificano, ancora oggi utilizzati nel mondo della comunicazione.<\/li>\n<li>Come affrontare meglio temi delicatissimi come <strong>la trattazione del corpo e i desideri delle donne<\/strong>.<\/li>\n<li>Quali sono le <strong>soluzioni possibili per una lingua inclusiva<\/strong>: dall&#8217;asterisco alla schwa.<\/li>\n<li><strong>Tanti esempi<\/strong> concreti di comunicazione escludente da evitare e approfondimenti sul tema.<\/li>\n<\/ul>\n<h2>Com&#8217;\u00e8 fatto il corso La comunicazione inclusiva<\/h2>\n<ul>\n<li>5 video lezioni.<\/li>\n<li>Che puoi seguire dove e quando vuoi.<\/li>\n<li>Il corso resta tuo per sempre.<\/li>\n<li>Teoria senza fuffa.<\/li>\n<li>Tanti esempi e consigli pratici.<\/li>\n<li>Risorse extra per approfondire.<\/li>\n<li>L&#8217;esperienza di una docente, Giulia Muscatelli, autrice ed esperta di comunicazione inclusiva.<\/li>\n<li>Circa 36 minuti di lezione.<\/li>\n<\/ul>\n<h2>Fa per te?<\/h2>\n<ul>\n<li>Sei freelance\/professionista.<\/li>\n<li>Hai un piccolo brand o <strong>ti stai mettendo in gioco professionalmente<\/strong> e vuoi migliorare la tua comunicazione.<\/li>\n<li>Vuoi <strong>approfondire il tema complesso dell&#8217;inclusivit\u00e0<\/strong> e della rappresentazione della donna nella comunicazione.<\/li>\n<li>Vuoi <strong>trovare il modo di parlare a tuttu<\/strong>, senza discriminazioni.<\/li>\n<li>Vuoi un <strong>corso ricco di consigli<\/strong> ed esempi chiari.<\/li>\n<\/ul>\n","protected":false},"excerpt":{"rendered":"<p>5 lezioni con un focus sul linguggio e sulla scrittura inclusiva per evitare stereotipi e pregiudizi online, con un focus sul genere femminile.<\/p>\n","protected":false},"featured_media":331617,"comment_status":"closed","ping_status":"closed","template":"","meta":{"_acf_changed":false},"product_brand":[],"product_cat":[1142],"product_tag":[1154],"class_list":{"0":"post-328688","1":"product","2":"type-product","3":"status-publish","4":"has-post-thumbnail","6":"product_cat-on-demand","7":"product_tag-corsiod","9":"first","10":"instock","11":"virtual","12":"purchasable","13":"product-type-simple"},"acf":[],"_links":{"self":[{"href":"https:\/\/www.zandegu.it\/shop\/wp-json\/wp\/v2\/product\/328688","targetHints":{"allow":["GET"]}}],"collection":[{"href":"https:\/\/www.zandegu.it\/shop\/wp-json\/wp\/v2\/product"}],"about":[{"href":"https:\/\/www.zandegu.it\/shop\/wp-json\/wp\/v2\/types\/product"}],"replies":[{"embeddable":true,"href":"https:\/\/www.zandegu.it\/shop\/wp-json\/wp\/v2\/comments?post=328688"}],"version-history":[{"count":0,"href":"https:\/\/www.zandegu.it\/shop\/wp-json\/wp\/v2\/product\/328688\/revisions"}],"wp:featuredmedia":[{"embeddable":true,"href":"https:\/\/www.zandegu.it\/shop\/wp-json\/wp\/v2\/media\/331617"}],"wp:attachment":[{"href":"https:\/\/www.zandegu.it\/shop\/wp-json\/wp\/v2\/media?parent=328688"}],"wp:term":[{"taxonomy":"product_brand","embeddable":true,"href":"https:\/\/www.zandegu.it\/shop\/wp-json\/wp\/v2\/product_brand?post=328688"},{"taxonomy":"product_cat","embeddable":true,"href":"https:\/\/www.zandegu.it\/shop\/wp-json\/wp\/v2\/product_cat?post=328688"},{"taxonomy":"product_tag","embeddable":true,"href":"https:\/\/www.zandegu.it\/shop\/wp-json\/wp\/v2\/product_tag?post=328688"}],"curies":[{"name":"wp","href":"https:\/\/api.w.org\/{rel}","templated":true}]}}