{"id":331672,"date":"2024-05-27T09:18:16","date_gmt":"2024-05-27T07:18:16","guid":{"rendered":"https:\/\/www.zandegu.it\/?post_type=product&#038;p=331672"},"modified":"2024-10-07T09:13:47","modified_gmt":"2024-10-07T07:13:47","slug":"il-tuo-primo-podcast","status":"publish","type":"product","link":"https:\/\/www.zandegu.it\/shop\/prodotto\/il-tuo-primo-podcast\/","title":{"rendered":"Il tuo primo podcast: quel che serve per iniziare"},"content":{"rendered":"<p>Ormai <strong>il podcast non \u00e8 pi\u00f9 una novit\u00e0<\/strong>: anche tu attendi con ansia l&#8217;appuntamento settimanale con una voce calda che, dalla tua cassa bluetooth, dispensa consigli, informazioni, racconti personali.<br \/>\nDalle registrazioni piratate di Alessandro Barbero che racconta la battaglia di Caporetto, fino ai format pi\u00f9 recenti distribuiti su tutte le piattaforme, il podcast <strong>ne ha fatta di strada negli ultimi anni.<\/strong><\/p>\n<p>Oltre a intrattenere milioni di persone, \u00e8 diventato anche un <strong>potente strumento in grado di supportare e arricchire la comunicazione di un brand<\/strong>. Gi\u00e0: hai mai pensato che, oltre ai post del blog e alle newsletter che invii ogni settimana, puoi anche creare un tuo podcast?<\/p>\n<p>Ma <strong>come si pianifica,\u00a0 si scrive, si distribuisce e si promuove? <\/strong>Prima di mettere mano al portafoglio per acquistare un microfono a condensatore o capire come funzionano i software di editing audio, \u00e8 bene fare un passo indietro. Parti da questo poker di parole chiave:<strong> inventiva, ricerca, fact-checking, personalit\u00e0<\/strong>. Per realizzare un prodotto audio in grado di emergere tra gli altri, devi trovare un argomento che possa funzionare e svilupparlo con tanta personalit\u00e0 e, allo stesso tempo, seguendo alcune regole.<\/p>\n<p>A darti <strong>una base di partenza per avvicinarti al mondo dei podcast<\/strong>, ricca di consigli e dritte per affrontare al meglio <strong>tutti gli aspetti che precedono la registrazione<\/strong> vera e propria, ci pensa la podcaster e content manager <a href=\"https:\/\/www.zandegu.it\/shop\/autori\/giulia-depentor\/\">Giulia Depentor<\/a>, autrice, tra gli altri, di <a href=\"https:\/\/www.giuliadepentor.com\/podcast\/camposanto\/\" target=\"_blank\" rel=\"noopener\"><em>Camposanto<\/em><\/a>. Le 7 video lezioni di <em>Il tuo primo podcast: quel che serve per iniziare<\/em>\u00a0dissiperanno tutti i tuoi dubbi e ti spingeranno a metterti in gioco e, per una volta, a metterci la voce anzich\u00e9 la faccia.<\/p>\n<h2 class=\"wp-block-heading\">A cosa serve il corso Il tuo primo podcast?<\/h2>\n<ul>\n<li>A darti tutti gli <strong>strumenti per comprendere come funziona un podcast<\/strong> e da dove partire per realizzarne uno.<\/li>\n<li>Ad aiutarti a ragionare sulle <strong>prime fasi di ideazione<\/strong>: dalla scelta dell&#8217;argomento al titolo, passando per il logo.<\/li>\n<li>A darti qualche dritta sull&#8217;<strong>elaborazione di un calendario editoriale<\/strong> se il tuo contenuto \u00e8 seriale.<\/li>\n<li>A fare una panoramica sulle principali <strong>piattaforme di distribuzione<\/strong>.<\/li>\n<li>Ad approfondire i risvolti economici di <strong>monetizzazione di un podcast<\/strong>: dalle sponsorizzazioni al crowdfunding.<\/li>\n<\/ul>\n<h2>Argomenti del corso Il tuo primo podcast<\/h2>\n<ul>\n<li><strong>Che cos&#8217;\u00e8 un podcast<\/strong> e perch\u00e9 ha preso piede negli ultimi anni, sia come <strong>contenuto di intrattenimento<\/strong>, sia come <strong>strumento di comunicazione<\/strong>.<\/li>\n<li>Da dove partire, ancora prima di occuparsi dell&#8217;attrezzatura tecnica: <strong>idea, soggetto, titolo<\/strong> e s\u00ec, anche il <strong>logo<\/strong>.<\/li>\n<li>La serialit\u00e0: <strong>come scrivere un podcast a episodi<\/strong> e pianificare la sua uscita con un calendario editoriale efficace.<\/li>\n<li><strong>Come promuovere e distribuire il tuo prodotto audio<\/strong>, per farlo uscire dalla tua cameretta e farlo ascoltare a un pubblico il pi\u00f9 vasto possibile.<\/li>\n<li>\u00c8 possibile guadagnare da un podcast? Come i podcaster professionisti sfruttano <strong>crowdfunding, merchandising e sponsorizzazioni<\/strong> per monetizzare il proprio podcast.<\/li>\n<li><strong>Tantissimi consigli di podcast <\/strong>storici o attuali da ascoltare per prendere spunto.<\/li>\n<\/ul>\n<h2>Com&#8217;\u00e8 fatto il corso Il tuo primo podcast<\/h2>\n<ul>\n<li>7 video lezioni.<\/li>\n<li>Che puoi seguire dove e quando vuoi.<\/li>\n<li>Il corso resta tuo per sempre.<\/li>\n<li>Teoria senza fuffa.<\/li>\n<li>Tanti esempi e consigli pratici.<\/li>\n<li>Risorse extra per approfondire.<\/li>\n<li>L&#8217;esperienza di una docente, Giulia Depentor, autrice e podcaster di professione.<\/li>\n<li>Circa 35 minuti di lezione.<\/li>\n<\/ul>\n<h2>Fa per te se&#8230;<\/h2>\n<ul>\n<li>Sei freelance\/professionista.<\/li>\n<li>Hai un piccolo brand, vendi prodotti o servizi e <strong>vuoi trovare nuovi strumenti comunicativi<\/strong> per promuovere la tua offerta.<\/li>\n<li>Vuoi <strong>avvicinarti al mondo del podcast <\/strong>per sfruttarne le potenzialit\u00e0 in ottica marketing.<\/li>\n<li>Vuoi un <strong>corso ricco di consigli<\/strong> ed esempi chiari.<\/li>\n<\/ul>\n","protected":false},"excerpt":{"rendered":"<p>7 lezioni per addentrarsi nel mondo dei podcast e idearne uno<\/p>\n","protected":false},"featured_media":331678,"comment_status":"closed","ping_status":"closed","template":"","meta":{"_acf_changed":false},"product_brand":[],"product_cat":[1142],"product_tag":[1154],"class_list":{"0":"post-331672","1":"product","2":"type-product","3":"status-publish","4":"has-post-thumbnail","6":"product_cat-on-demand","7":"product_tag-corsiod","9":"first","10":"instock","11":"virtual","12":"purchasable","13":"product-type-simple"},"acf":[],"_links":{"self":[{"href":"https:\/\/www.zandegu.it\/shop\/wp-json\/wp\/v2\/product\/331672","targetHints":{"allow":["GET"]}}],"collection":[{"href":"https:\/\/www.zandegu.it\/shop\/wp-json\/wp\/v2\/product"}],"about":[{"href":"https:\/\/www.zandegu.it\/shop\/wp-json\/wp\/v2\/types\/product"}],"replies":[{"embeddable":true,"href":"https:\/\/www.zandegu.it\/shop\/wp-json\/wp\/v2\/comments?post=331672"}],"version-history":[{"count":0,"href":"https:\/\/www.zandegu.it\/shop\/wp-json\/wp\/v2\/product\/331672\/revisions"}],"wp:featuredmedia":[{"embeddable":true,"href":"https:\/\/www.zandegu.it\/shop\/wp-json\/wp\/v2\/media\/331678"}],"wp:attachment":[{"href":"https:\/\/www.zandegu.it\/shop\/wp-json\/wp\/v2\/media?parent=331672"}],"wp:term":[{"taxonomy":"product_brand","embeddable":true,"href":"https:\/\/www.zandegu.it\/shop\/wp-json\/wp\/v2\/product_brand?post=331672"},{"taxonomy":"product_cat","embeddable":true,"href":"https:\/\/www.zandegu.it\/shop\/wp-json\/wp\/v2\/product_cat?post=331672"},{"taxonomy":"product_tag","embeddable":true,"href":"https:\/\/www.zandegu.it\/shop\/wp-json\/wp\/v2\/product_tag?post=331672"}],"curies":[{"name":"wp","href":"https:\/\/api.w.org\/{rel}","templated":true}]}}