{"id":46165,"date":"2019-01-24T16:14:54","date_gmt":"2019-01-24T15:14:54","guid":{"rendered":"https:\/\/zandegu.it\/?post_type=product&#038;p=46165"},"modified":"2022-09-09T16:45:41","modified_gmt":"2022-09-09T14:45:41","slug":"community-fantastiche-e-come-crearle","status":"publish","type":"product","link":"https:\/\/www.zandegu.it\/shop\/prodotto\/community-fantastiche-e-come-crearle\/","title":{"rendered":"Community fantastiche e come crearle"},"content":{"rendered":"<div class=\"page\" title=\"Page 7\">\n<div class=\"layoutArea\">\n<div class=\"column\">\n<div class=\"page\" title=\"Page 6\">\n<div class=\"layoutArea\">\n<div class=\"column\">\n<p><strong>Hai una grande passione. Magari un po\u2019 di nicchia<\/strong>, tipo arrampicarti a corpo libero sulle creste delle montagne pi\u00f9 pericolose, o collezionare vecchie cartoline. Ti piacerebbe trasformare questa passione in qualcosa di pi\u00f9 concreto, trovare persone con cui condividere informazioni e consigli, magari in futuro farne un business di successo. Il problema \u00e8 che <strong>spesso ti senti solo<\/strong> e non sai da che parte cominciare. <strong>Ti sembra di non aver nessuno con cui condividere questi interessi<\/strong> e non riuscire a trovare, l\u00e0 fuori, dei clienti adatti ai tuoi prodotti o servizi.<\/p>\n<p>Non temere, in tuo aiuto \u00e8 arrivato <strong><em>Community fantastiche e come crearle. Gestisci e prenditi cura della tua community online <\/em>di <a href=\"https:\/\/www.zandegu.it\/shop\/autori\/dana-donato\/\" target=\"_blank\" rel=\"noopener\">Dana Donato<\/a><\/strong>!<\/p>\n<h2><strong>We cannot live only for ourselves. A thousand fibers connect us with our fellow men<\/strong><\/h2>\n<p>La citazione del buon Herman Melville cade a fagiolo. S\u00ec, perch\u00e9 si fa presto a criticare i social, a dire che stanno allontanando le persone, che ognuno se ne sta da solo, nel buio della sua stanzetta, davanti al pc o allo smartphone: noi di Zandeg\u00f9 non la pensiamo affatto cos\u00ec.<\/p>\n<p><em>Community fantastiche e come crearle <\/em>\u00e8 infatti <strong>un inno alla comunanza, alla convivenza civile, alla voglia di stare insieme<\/strong> \u2013 online, s\u00ec, ma anche offline \u2013, per crescere e aumentare le proprie competenze, sfruttando al meglio quel potentissimo e <strong>meraviglioso strumento che Facebook ci ha messo a disposizione: i gruppi.<\/strong><\/p>\n<p>Uno strumento che conosce bene l\u2019autrice Dana Donato: in pochi anni, ha creato \u2013 da zero \u2013 la pi\u00f9 grande community di donne che viaggiano da sole. <em>Viaggio da sola perch\u00e9<\/em>\u00a0conta oggi oltre 22.000 iscritte.<\/p>\n<h2>Facciamo comunella?<\/h2>\n<p><em>Community fantastiche e come crearle <\/em>\u00e8 un utilissimo compendio, che <strong>ti accompagner\u00e0 passo-passo nella creazione della tua prima community<\/strong>. Dana ti spiegher\u00e0 innanzitutto <strong>come aprire un gruppo Facebook<\/strong>, il primo indispensabile passo. Grazie alla sua esperienza, ti spiega <strong>l\u2019analisi dei principali strumenti di gestione<\/strong> della tua community: <strong>dall\u2019amministrazione e alla moderazione<\/strong>; dalla gestione delle iscrizioni, a quella dei post, dei commenti e molto altro ancora.<\/p>\n<p>L\u2019obiettivo \u00e8 darti chiavi in mano tutto quello che ti serve per aprire la tua prima community, anche domani mattina.<\/p>\n<h2><strong>La tecnica non basta<\/strong><\/h2>\n<p>L\u2019ebook di Dana Donato non si sofferma per\u00f2 solo sugli aspetti tecnici della faccenda. Gestire una community significa anche avere <strong>capacit\u00e0 di moderazione e mediazione<\/strong>. In una parola: diplomazia. In questo manuale troverai quindi <strong>molti consigli<\/strong> di buon senso, su come prevenire e gestire i momenti di crisi.<\/p>\n<p>Imparerai ad affrontare le discussioni con spirito costruttivo, a <strong>far sentire la tua presenza<\/strong> nel gruppo, a <strong>costruire intorno a te un team di moderatori<\/strong> che ti affianchi in caso di necessit\u00e0, <strong>a coinvolgere la community<\/strong> in attivit\u00e0 che stimolino la partecipazione interessata e attiva. E anche a intervenire, se necessario, per placare flame e discussioni.<\/p>\n<h2><strong>Dalla passione al business<\/strong><\/h2>\n<p>In questo ebook, Dana ripete spesso un concetto importante. La community non \u00e8 solo un punto di incontro di persone eterogenee, animate da passioni comuni: \u00e8 <strong>uno strumento per incrementare le tue competenze e le tue capacit\u00e0<\/strong>, per rafforzare le tue doti di empatia, per intraprendere un percorso, fatto di obiettivi e risultati, che potr\u00e0 trasformare la tua passione in qualcosa in pi\u00f9.<\/p>\n<p>Se seguirai i suoi preziosi consigli scoprirai anche <strong>come monetizzare il tuo lavoro<\/strong>, offrendo i tuoi prodotti e servizi, senza diventare troppo invadente.<\/p>\n<h2><strong>A chi si rivolge?<\/strong><\/h2>\n<p><em>Community fantastiche e come crearle <\/em>si rivolge <strong>a freelance, titolari di piccoli business, professionisti che lavorano con gruppi di persone<\/strong> dal vivo e che vogliono uno spazio online dove continuare il proprio lavoro, o <strong>titolari di associazioni<\/strong> che vogliono dialogare con i propri soci.<\/p>\n<\/div>\n<\/div>\n<\/div>\n<\/div>\n<\/div>\n<\/div>\n","protected":false},"excerpt":{"rendered":"<p>Gestisci e prenditi cura della tua community online<\/p>\n","protected":false},"featured_media":46166,"comment_status":"closed","ping_status":"closed","template":"","meta":{"_acf_changed":false},"product_brand":[],"product_cat":[1082,959],"product_tag":[],"class_list":{"0":"post-46165","1":"product","2":"type-product","3":"status-publish","4":"has-post-thumbnail","6":"product_cat-libri","7":"product_cat-i-prof","8":"pa_formato-formato-epub","9":"pa_formato-formato-mobi","11":"first","12":"instock","13":"downloadable","14":"virtual","15":"purchasable","16":"product-type-simple"},"acf":[],"_links":{"self":[{"href":"https:\/\/www.zandegu.it\/shop\/wp-json\/wp\/v2\/product\/46165","targetHints":{"allow":["GET"]}}],"collection":[{"href":"https:\/\/www.zandegu.it\/shop\/wp-json\/wp\/v2\/product"}],"about":[{"href":"https:\/\/www.zandegu.it\/shop\/wp-json\/wp\/v2\/types\/product"}],"replies":[{"embeddable":true,"href":"https:\/\/www.zandegu.it\/shop\/wp-json\/wp\/v2\/comments?post=46165"}],"version-history":[{"count":0,"href":"https:\/\/www.zandegu.it\/shop\/wp-json\/wp\/v2\/product\/46165\/revisions"}],"wp:featuredmedia":[{"embeddable":true,"href":"https:\/\/www.zandegu.it\/shop\/wp-json\/wp\/v2\/media\/46166"}],"wp:attachment":[{"href":"https:\/\/www.zandegu.it\/shop\/wp-json\/wp\/v2\/media?parent=46165"}],"wp:term":[{"taxonomy":"product_brand","embeddable":true,"href":"https:\/\/www.zandegu.it\/shop\/wp-json\/wp\/v2\/product_brand?post=46165"},{"taxonomy":"product_cat","embeddable":true,"href":"https:\/\/www.zandegu.it\/shop\/wp-json\/wp\/v2\/product_cat?post=46165"},{"taxonomy":"product_tag","embeddable":true,"href":"https:\/\/www.zandegu.it\/shop\/wp-json\/wp\/v2\/product_tag?post=46165"}],"curies":[{"name":"wp","href":"https:\/\/api.w.org\/{rel}","templated":true}]}}