{"id":58679,"date":"2019-01-26T17:15:26","date_gmt":"2019-01-26T16:15:26","guid":{"rendered":"https:\/\/zandegu.it\/?post_type=product&#038;p=58679"},"modified":"2022-09-09T16:38:39","modified_gmt":"2022-09-09T14:38:39","slug":"easy-linkedin-ebook","status":"publish","type":"product","link":"https:\/\/www.zandegu.it\/shop\/prodotto\/easy-linkedin-ebook\/","title":{"rendered":"Easy LinkedIn"},"content":{"rendered":"<p>Hai un\u2019idea bellissima ma ti serve un fotografo per portarla a compimento. Stai per lanciare un nuovo servizio di consulenze ma non sai ben come promuoverlo alle persone giuste. Stai cercando il tuo primo lavoro e il prossimo, dopo anni nello stesso posto. La tua azienda vorrebbe cercare nuovi sbocchi per ampliare il giro d\u2019affari.<\/p>\n<p>Ecco, se ti trovi in una di queste condizioni (o in mille altre simili!), a un certo punto <strong>potresti aver sentito parlare di LinkedIn<\/strong>. Hai capito che \u00e8 uno strumento che potrebbe fare al caso tuo, ma non sai bene come approcciarlo. Magari hai gi\u00e0 aperto il tuo profilo, ma non sai come gestirlo, perch\u00e9 <strong>ti sembra molto diverso dagli altri social come Facebook e Instagram, che usi quotidianamente<\/strong>. Forse lo percepisci addirittura come un po\u2019 ostico.<\/p>\n<p>Bene, per aiutarti abbiamo pensato a <strong><em>Easy LinkedIn. Costruisci al meglio il tuo profilo personale, la tua rete di contatti e i tuoi contenuti<\/em><\/strong> un nuovo manuale Zandeg\u00f9 scritto da <a href=\"https:\/\/www.zandegu.it\/shop\/autori\/danila-saba-2\/\" target=\"_blank\" rel=\"noopener\"><strong>Danila Saba<\/strong><\/a>, esperta di coaching, formazione, orientamento professionale, ricerca e selezione.<\/p>\n<h2><strong>A che serve questo benedetto LinkedIn?<\/strong><\/h2>\n<p>LinkedIn \u00e8 un social network come ce ne sono molti, ma ha alcune peculiarit\u00e0 che lo rendono uno strumento potentissimo di networking professionale. Spesso <strong>si cade nell\u2019errore di pensarlo come uno strumento utile solo a cercare lavoro<\/strong>, ma \u00e8 molto, molto di pi\u00f9.<\/p>\n<p>LinkedIn negli anni si \u00e8 infatti trasformato ed evoluto, passando da semplice motore di ricerca di curricula e offerte di lavoro <strong>a luogo in cui si costruiscono relazioni, si creano opportunit\u00e0 professionali, ci si aggiorna<\/strong>.<\/p>\n<p>Grazie all\u2019esperienza e alla competenza di Danila Saba, con questo ebook entrerai dunque gradualmente nei meccanismi di LinkedIn, imparando a sfruttarlo al meglio, partendo dal tuo obiettivo professionale.<\/p>\n<p>Non ti aspettare risultati istantanei, <strong>per costruire un profilo di successo ci vogliono tempo e cura<\/strong>, ma poi i frutti arriveranno!<\/p>\n<h2><strong>I pilastri di LinkedIn<\/strong><\/h2>\n<p><em>Easy LinkedIn <\/em>di Danila Saba \u00e8 pensato per avvicinarti in modo chiaro e senza fronzoli ai <strong>tre pilastri che costituiscono la spina dorsale di LinkedIn<\/strong>. Per prima cosa imparerai a <strong>mettere a punto un profilo personale efficace<\/strong>, con tutte le informazioni essenziali (nome e cognome, job title, foto profilo, esperienze progessionali, competenze, ecc\u2026) al posto giusto, tenendo conto anche della gerarchia visiva del lettore. In seguito, ti addentrerai nella <strong>costruzione della rete<\/strong>, scoprendo come gestire al meglio le tue parole chiave, i gradi di separazione tra i contatti, le richieste, le notifiche, i gruppi e molto altro. Ultimo non ultimo, Danila ti aiuter\u00e0 a <strong>elaborare un efficace piano di pubblicazione di contenuti<\/strong>, per farti conoscere e per promuovere i tuoi prodotti o servizi. Imparerai a gestire il tuo newsfeed (la bacheca, insomma) e a costruire una strategia di comunicazione efficace, <strong>sfruttando content marke\u00adting e comment marketing. <\/strong>Non mancheranno consigli sull\u2019utilizzo degli hashtag e su come migliorare la SEO del tuo profilo.<\/p>\n<h2><strong>A chi si rivolge?<\/strong><\/h2>\n<p>Che tu sia un giovane in cerca di lavoro, un impiegato che vuole cambiare, un professionista affermato, il proprietario di una grande azien\u00adda, o un freelance che vuole promuoversi, questo ebook \u00e8 per te!<\/p>\n","protected":false},"excerpt":{"rendered":"<p>Costruisci al meglio il tuo profilo personale, la tua rete di contatti e i tuoi contenuti<\/p>\n","protected":false},"featured_media":58680,"comment_status":"closed","ping_status":"closed","template":"","meta":{"_acf_changed":false},"product_brand":[],"product_cat":[1082,959],"product_tag":[],"class_list":{"0":"post-58679","1":"product","2":"type-product","3":"status-publish","4":"has-post-thumbnail","6":"product_cat-libri","7":"product_cat-i-prof","8":"pa_formato-formato-epub","9":"pa_formato-formato-mobi","11":"first","12":"instock","13":"downloadable","14":"virtual","15":"purchasable","16":"product-type-simple"},"acf":[],"_links":{"self":[{"href":"https:\/\/www.zandegu.it\/shop\/wp-json\/wp\/v2\/product\/58679","targetHints":{"allow":["GET"]}}],"collection":[{"href":"https:\/\/www.zandegu.it\/shop\/wp-json\/wp\/v2\/product"}],"about":[{"href":"https:\/\/www.zandegu.it\/shop\/wp-json\/wp\/v2\/types\/product"}],"replies":[{"embeddable":true,"href":"https:\/\/www.zandegu.it\/shop\/wp-json\/wp\/v2\/comments?post=58679"}],"version-history":[{"count":0,"href":"https:\/\/www.zandegu.it\/shop\/wp-json\/wp\/v2\/product\/58679\/revisions"}],"wp:featuredmedia":[{"embeddable":true,"href":"https:\/\/www.zandegu.it\/shop\/wp-json\/wp\/v2\/media\/58680"}],"wp:attachment":[{"href":"https:\/\/www.zandegu.it\/shop\/wp-json\/wp\/v2\/media?parent=58679"}],"wp:term":[{"taxonomy":"product_brand","embeddable":true,"href":"https:\/\/www.zandegu.it\/shop\/wp-json\/wp\/v2\/product_brand?post=58679"},{"taxonomy":"product_cat","embeddable":true,"href":"https:\/\/www.zandegu.it\/shop\/wp-json\/wp\/v2\/product_cat?post=58679"},{"taxonomy":"product_tag","embeddable":true,"href":"https:\/\/www.zandegu.it\/shop\/wp-json\/wp\/v2\/product_tag?post=58679"}],"curies":[{"name":"wp","href":"https:\/\/api.w.org\/{rel}","templated":true}]}}